{"id":636,"date":"2018-05-16T12:44:30","date_gmt":"2018-05-16T12:44:30","guid":{"rendered":"http:\/\/localhost\/termax2\/?post_type=product&#038;p=636"},"modified":"2020-02-11T09:30:00","modified_gmt":"2020-02-11T09:30:00","slug":"pikore","status":"publish","type":"product","link":"https:\/\/dekoll.al\/termax\/product\/pikore\/","title":{"rendered":"PIKORE"},"content":{"rendered":"<p>Pikore plastike me rrjet\u00eb me \u00ffbra qelqi<br \/>\np\u00ebr ballkone dhe dritare.<\/p>\n","protected":false},"excerpt":{"rendered":"<h1>PIKORE<\/h1>\n<p><strong>Lloji:<\/strong>Rrjet\u00eb cil\u00ebsore ,Rrjet\u00eb portokalli<\/p>\n<p><strong>Nj\u00ebsia:<\/strong>cop\u00eb<\/p>\n<p><strong>Paketimi:<\/strong>2.5m \/ cop\u00eb<\/p>\n","protected":false},"featured_media":708,"comment_status":"open","ping_status":"closed","template":"","meta":[],"product_cat":[21],"product_tag":[],"_links":{"self":[{"href":"https:\/\/dekoll.al\/termax\/wp-json\/wp\/v2\/product\/636"}],"collection":[{"href":"https:\/\/dekoll.al\/termax\/wp-json\/wp\/v2\/product"}],"about":[{"href":"https:\/\/dekoll.al\/termax\/wp-json\/wp\/v2\/types\/product"}],"replies":[{"embeddable":true,"href":"https:\/\/dekoll.al\/termax\/wp-json\/wp\/v2\/comments?post=636"}],"wp:featuredmedia":[{"embeddable":true,"href":"https:\/\/dekoll.al\/termax\/wp-json\/wp\/v2\/media\/708"}],"wp:attachment":[{"href":"https:\/\/dekoll.al\/termax\/wp-json\/wp\/v2\/media?parent=636"}],"wp:term":[{"taxonomy":"product_cat","embeddable":true,"href":"https:\/\/dekoll.al\/termax\/wp-json\/wp\/v2\/product_cat?post=636"},{"taxonomy":"product_tag","embeddable":true,"href":"https:\/\/dekoll.al\/termax\/wp-json\/wp\/v2\/product_tag?post=636"}],"curies":[{"name":"wp","href":"https:\/\/api.w.org\/{rel}","templated":true}]}}