{"id":634,"date":"2018-05-16T12:42:11","date_gmt":"2018-05-16T12:42:11","guid":{"rendered":"http:\/\/localhost\/termax2\/?post_type=product&#038;p=634"},"modified":"2020-02-11T09:30:00","modified_gmt":"2020-02-11T09:30:00","slug":"kendore","status":"publish","type":"product","link":"https:\/\/dekoll.al\/termax\/product\/kendore\/","title":{"rendered":"K\u00cbNDORE"},"content":{"rendered":"<p>K\u00ebndore plastike me rrjet\u00eb me fibra qelqi<br \/>\np\u00ebr k\u00ebnde.<\/p>\n","protected":false},"excerpt":{"rendered":"<h1><strong>K\u00cbNDORE<\/strong><\/h1>\n<p><strong>Lloji:<\/strong>Rrjet\u00eb cil\u00ebsore ,Rrjet\u00eb EU (10*15)<\/p>\n<p><strong>Nj\u00ebsia:<\/strong>cop\u00eb<\/p>\n<p><strong>Paketimi:<\/strong>2.5m \/ cop\u00eb<\/p>\n","protected":false},"featured_media":635,"comment_status":"open","ping_status":"closed","template":"","meta":[],"product_cat":[21],"product_tag":[],"_links":{"self":[{"href":"https:\/\/dekoll.al\/termax\/wp-json\/wp\/v2\/product\/634"}],"collection":[{"href":"https:\/\/dekoll.al\/termax\/wp-json\/wp\/v2\/product"}],"about":[{"href":"https:\/\/dekoll.al\/termax\/wp-json\/wp\/v2\/types\/product"}],"replies":[{"embeddable":true,"href":"https:\/\/dekoll.al\/termax\/wp-json\/wp\/v2\/comments?post=634"}],"wp:featuredmedia":[{"embeddable":true,"href":"https:\/\/dekoll.al\/termax\/wp-json\/wp\/v2\/media\/635"}],"wp:attachment":[{"href":"https:\/\/dekoll.al\/termax\/wp-json\/wp\/v2\/media?parent=634"}],"wp:term":[{"taxonomy":"product_cat","embeddable":true,"href":"https:\/\/dekoll.al\/termax\/wp-json\/wp\/v2\/product_cat?post=634"},{"taxonomy":"product_tag","embeddable":true,"href":"https:\/\/dekoll.al\/termax\/wp-json\/wp\/v2\/product_tag?post=634"}],"curies":[{"name":"wp","href":"https:\/\/api.w.org\/{rel}","templated":true}]}}