{"id":630,"date":"2018-05-16T12:35:17","date_gmt":"2018-05-16T12:35:17","guid":{"rendered":"http:\/\/localhost\/termax2\/?post_type=product&#038;p=630"},"modified":"2020-02-11T09:30:01","modified_gmt":"2020-02-11T09:30:01","slug":"rrjete","status":"publish","type":"product","link":"https:\/\/dekoll.al\/termax\/product\/rrjete\/","title":{"rendered":"RRJET\u00cb"},"content":{"rendered":"<p>Rrjet\u00eb p\u00ebrforcuese p\u00ebr fasada t\u00eb vjetra,<br \/>\nnyje teknike dhe sisteme termoizolimi.<\/p>\n","protected":false},"excerpt":{"rendered":"<p><strong>Lloji:<\/strong>160g\/m2<\/p>\n<p><strong>Nj\u00ebsia:<\/strong>(m) met\u00ebr<\/p>\n<p><strong>Paketimi:<\/strong>50 m linear<strong><br \/>\n<\/strong><\/p>\n","protected":false},"featured_media":631,"comment_status":"open","ping_status":"closed","template":"","meta":[],"product_cat":[21],"product_tag":[],"_links":{"self":[{"href":"https:\/\/dekoll.al\/termax\/wp-json\/wp\/v2\/product\/630"}],"collection":[{"href":"https:\/\/dekoll.al\/termax\/wp-json\/wp\/v2\/product"}],"about":[{"href":"https:\/\/dekoll.al\/termax\/wp-json\/wp\/v2\/types\/product"}],"replies":[{"embeddable":true,"href":"https:\/\/dekoll.al\/termax\/wp-json\/wp\/v2\/comments?post=630"}],"wp:featuredmedia":[{"embeddable":true,"href":"https:\/\/dekoll.al\/termax\/wp-json\/wp\/v2\/media\/631"}],"wp:attachment":[{"href":"https:\/\/dekoll.al\/termax\/wp-json\/wp\/v2\/media?parent=630"}],"wp:term":[{"taxonomy":"product_cat","embeddable":true,"href":"https:\/\/dekoll.al\/termax\/wp-json\/wp\/v2\/product_cat?post=630"},{"taxonomy":"product_tag","embeddable":true,"href":"https:\/\/dekoll.al\/termax\/wp-json\/wp\/v2\/product_tag?post=630"}],"curies":[{"name":"wp","href":"https:\/\/api.w.org\/{rel}","templated":true}]}}