{"id":625,"date":"2018-05-16T12:27:15","date_gmt":"2018-05-16T12:27:15","guid":{"rendered":"http:\/\/localhost\/termax2\/?post_type=product&#038;p=625"},"modified":"2020-02-11T09:30:01","modified_gmt":"2020-02-11T09:30:01","slug":"ecoliner","status":"publish","type":"product","link":"https:\/\/dekoll.al\/termax\/product\/ecoliner\/","title":{"rendered":"ECOLINER"},"content":{"rendered":"","protected":false},"excerpt":{"rendered":"<p>Astar universal me baz\u00eb<br \/>\n\u00e7imento t\u00eb bardh\u00eb, nivelues<br \/>\ndhe rrafshues p\u00ebr pllaka<br \/>\nizolimi termik, si dhe mbi<br \/>\nsuva mbush\u00ebse me baz\u00eb<br \/>\n\u00e7imento\u2013g\u00eblqere p\u00ebr fasad\u00eb<br \/>\ndhe xokolatur\u00eb. G\u00ebzon lehtesi<br \/>\npunimi dhe rezistence.<br \/>\nTrash\u00ebsia maksimale e<br \/>\nshtres\u00ebs arrin deri n\u00eb 4 mm.<\/p>\n","protected":false},"featured_media":626,"comment_status":"open","ping_status":"closed","template":"","meta":[],"product_cat":[21],"product_tag":[],"_links":{"self":[{"href":"https:\/\/dekoll.al\/termax\/wp-json\/wp\/v2\/product\/625"}],"collection":[{"href":"https:\/\/dekoll.al\/termax\/wp-json\/wp\/v2\/product"}],"about":[{"href":"https:\/\/dekoll.al\/termax\/wp-json\/wp\/v2\/types\/product"}],"replies":[{"embeddable":true,"href":"https:\/\/dekoll.al\/termax\/wp-json\/wp\/v2\/comments?post=625"}],"wp:featuredmedia":[{"embeddable":true,"href":"https:\/\/dekoll.al\/termax\/wp-json\/wp\/v2\/media\/626"}],"wp:attachment":[{"href":"https:\/\/dekoll.al\/termax\/wp-json\/wp\/v2\/media?parent=625"}],"wp:term":[{"taxonomy":"product_cat","embeddable":true,"href":"https:\/\/dekoll.al\/termax\/wp-json\/wp\/v2\/product_cat?post=625"},{"taxonomy":"product_tag","embeddable":true,"href":"https:\/\/dekoll.al\/termax\/wp-json\/wp\/v2\/product_tag?post=625"}],"curies":[{"name":"wp","href":"https:\/\/api.w.org\/{rel}","templated":true}]}}