{"id":623,"date":"2018-05-16T12:25:37","date_gmt":"2018-05-16T12:25:37","guid":{"rendered":"http:\/\/localhost\/termax2\/?post_type=product&#038;p=623"},"modified":"2020-02-11T09:30:02","modified_gmt":"2020-02-11T09:30:02","slug":"stirobond","status":"publish","type":"product","link":"https:\/\/dekoll.al\/termax\/product\/stirobond\/","title":{"rendered":"STIROBOND"},"content":{"rendered":"","protected":false},"excerpt":{"rendered":"<p>Ngjit\u00ebs p\u00ebr pllaka izolimi<br \/>\ntermik, EPS, XPS, p\u00ebr fasad\u00eb<br \/>\ndhe xokolatur\u00eb. G\u00ebzon aft\u00ebsi<br \/>\nshum\u00eb t\u00eb mira n\u00eb punim<br \/>\ndhe force ngjitese te larte.<br \/>\nTrash\u00ebsia maksimale e<br \/>\nshtres\u00ebs per ngjitje eshte deri<br \/>\nn\u00eb 30 mm<\/p>\n","protected":false},"featured_media":624,"comment_status":"open","ping_status":"closed","template":"","meta":[],"product_cat":[21],"product_tag":[],"_links":{"self":[{"href":"https:\/\/dekoll.al\/termax\/wp-json\/wp\/v2\/product\/623"}],"collection":[{"href":"https:\/\/dekoll.al\/termax\/wp-json\/wp\/v2\/product"}],"about":[{"href":"https:\/\/dekoll.al\/termax\/wp-json\/wp\/v2\/types\/product"}],"replies":[{"embeddable":true,"href":"https:\/\/dekoll.al\/termax\/wp-json\/wp\/v2\/comments?post=623"}],"wp:featuredmedia":[{"embeddable":true,"href":"https:\/\/dekoll.al\/termax\/wp-json\/wp\/v2\/media\/624"}],"wp:attachment":[{"href":"https:\/\/dekoll.al\/termax\/wp-json\/wp\/v2\/media?parent=623"}],"wp:term":[{"taxonomy":"product_cat","embeddable":true,"href":"https:\/\/dekoll.al\/termax\/wp-json\/wp\/v2\/product_cat?post=623"},{"taxonomy":"product_tag","embeddable":true,"href":"https:\/\/dekoll.al\/termax\/wp-json\/wp\/v2\/product_tag?post=623"}],"curies":[{"name":"wp","href":"https:\/\/api.w.org\/{rel}","templated":true}]}}