{"id":617,"date":"2018-05-16T12:10:06","date_gmt":"2018-05-16T12:10:06","guid":{"rendered":"http:\/\/localhost\/termax2\/?post_type=product&#038;p=617"},"modified":"2020-02-11T09:30:03","modified_gmt":"2020-02-11T09:30:03","slug":"eps-f120","status":"publish","type":"product","link":"https:\/\/dekoll.al\/termax\/product\/eps-f120\/","title":{"rendered":"EPS F120"},"content":{"rendered":"<p>Material termoizolues p\u00ebr nd\u00ebrtimin e sistemeve t\u00eb<br \/>\nizolimit termik t\u00eb fasadave , mes mureve, soletave etj.<\/p>\n","protected":false},"excerpt":{"rendered":"<h1><strong>EPS F120<\/strong><\/h1>\n<p><strong>1.<\/strong> Qendrueshm\u00ebri n\u00eb form\u00eb gjat\u00eb luhatjeve<br \/>\natmosferike<br \/>\n<strong>2.<\/strong> Dend\u00ebsi homogjene<br \/>\n<strong>3.<\/strong> Veti hidrofobike<br \/>\n<strong>4.<\/strong> Izolues akustik\u00eb<br \/>\n<strong>5.<\/strong> Rezistenc\u00eb e larte n\u00eb shtypje<br \/>\n<strong>6.<\/strong> P\u00ebrcjellshm\u00ebri shum\u00eb t\u00eb ul\u00ebt termike<br \/>\n<strong>P\u00ebrcaktimi:<\/strong>Panel Termoizolues EPS<br \/>\n<strong>Ngjyra:<\/strong>e bardh\u00eb<br \/>\n<strong>Ambalazhi:<\/strong>Polietilen<br \/>\n<strong>Stazhionimi:<\/strong>28 dit\u00eb<br \/>\n<strong>Njesia mat\u00ebse:<\/strong>m3<br \/>\n<strong>Standarti referuar:<\/strong> EN 13163<br \/>\n<strong>P\u00ebrmbajtja e kokrriz\u00ebs :\u00a0<\/strong> Gaz Pentan<br \/>\n<strong>Dimensionet e panelit:<\/strong> 1000mm*500mm<br \/>\n<strong>Sip\u00ebrfaqja e pllak\u00ebs:<\/strong>0.5 m2<br \/>\n<strong>Rezistenca n\u00eb ngjeshje (10% ngjeshm\u00ebri):<\/strong>min. 120 kPa (12t\/ m2)<br \/>\n<strong>Ngarkesa e lejueshme shtypje (2% ngjeshm\u00ebri):<\/strong>20kPa (2t\/ m2)<br \/>\n<strong>Koefi\u00e7enti i p\u00ebrcjellshm\u00ebris\u00eb termike (\u03bb):<\/strong>0.035 W\/mK<br \/>\n<strong>Reaksioni ndaj zjarrit:<\/strong>Vet\u00ebshuesh\u00ebm<\/p>\n","protected":false},"featured_media":618,"comment_status":"open","ping_status":"closed","template":"","meta":[],"product_cat":[21],"product_tag":[],"_links":{"self":[{"href":"https:\/\/dekoll.al\/termax\/wp-json\/wp\/v2\/product\/617"}],"collection":[{"href":"https:\/\/dekoll.al\/termax\/wp-json\/wp\/v2\/product"}],"about":[{"href":"https:\/\/dekoll.al\/termax\/wp-json\/wp\/v2\/types\/product"}],"replies":[{"embeddable":true,"href":"https:\/\/dekoll.al\/termax\/wp-json\/wp\/v2\/comments?post=617"}],"wp:featuredmedia":[{"embeddable":true,"href":"https:\/\/dekoll.al\/termax\/wp-json\/wp\/v2\/media\/618"}],"wp:attachment":[{"href":"https:\/\/dekoll.al\/termax\/wp-json\/wp\/v2\/media?parent=617"}],"wp:term":[{"taxonomy":"product_cat","embeddable":true,"href":"https:\/\/dekoll.al\/termax\/wp-json\/wp\/v2\/product_cat?post=617"},{"taxonomy":"product_tag","embeddable":true,"href":"https:\/\/dekoll.al\/termax\/wp-json\/wp\/v2\/product_tag?post=617"}],"curies":[{"name":"wp","href":"https:\/\/api.w.org\/{rel}","templated":true}]}}