{"id":425,"date":"2018-04-19T13:23:27","date_gmt":"2018-04-19T13:23:27","guid":{"rendered":"http:\/\/localhost\/termax2\/?post_type=product&#038;p=425"},"modified":"2020-02-11T09:30:08","modified_gmt":"2020-02-11T09:30:08","slug":"kallep-per-mbushje-copy","status":"publish","type":"product","link":"https:\/\/dekoll.al\/termax\/product\/kallep-per-mbushje-copy\/","title":{"rendered":"BONDEX"},"content":{"rendered":"","protected":false},"excerpt":{"rendered":"<p>Ngjit\u00ebs dhe rrafshues p\u00ebr<br \/>\npllaka izolimi termik, EPS,<br \/>\nXPS dhe lesh guri. P\u00ebr fasad\u00eb<br \/>\ndhe xokolatur\u00eb. G\u00ebzon aft\u00ebsi<br \/>\nshum\u00eb t\u00eb mira n\u00eb punim,<br \/>\nforce ngjitese te larte,<br \/>\nrezistenc\u00eb kund\u00ebr<br \/>\nlag\u00ebshtir\u00ebs.<br \/>\nTrash\u00ebsia maksimale e<br \/>\nshtres\u00ebs niveluese \u00ebsht\u00eb deri<br \/>\nn\u00eb 5 mm, ndersa ngjitese<br \/>\neshte deri ne 30mm.<\/p>\n","protected":false},"featured_media":604,"comment_status":"open","ping_status":"closed","template":"","meta":[],"product_cat":[21],"product_tag":[],"_links":{"self":[{"href":"https:\/\/dekoll.al\/termax\/wp-json\/wp\/v2\/product\/425"}],"collection":[{"href":"https:\/\/dekoll.al\/termax\/wp-json\/wp\/v2\/product"}],"about":[{"href":"https:\/\/dekoll.al\/termax\/wp-json\/wp\/v2\/types\/product"}],"replies":[{"embeddable":true,"href":"https:\/\/dekoll.al\/termax\/wp-json\/wp\/v2\/comments?post=425"}],"wp:featuredmedia":[{"embeddable":true,"href":"https:\/\/dekoll.al\/termax\/wp-json\/wp\/v2\/media\/604"}],"wp:attachment":[{"href":"https:\/\/dekoll.al\/termax\/wp-json\/wp\/v2\/media?parent=425"}],"wp:term":[{"taxonomy":"product_cat","embeddable":true,"href":"https:\/\/dekoll.al\/termax\/wp-json\/wp\/v2\/product_cat?post=425"},{"taxonomy":"product_tag","embeddable":true,"href":"https:\/\/dekoll.al\/termax\/wp-json\/wp\/v2\/product_tag?post=425"}],"curies":[{"name":"wp","href":"https:\/\/api.w.org\/{rel}","templated":true}]}}