{"id":424,"date":"2018-04-19T13:22:11","date_gmt":"2018-04-19T13:22:11","guid":{"rendered":"http:\/\/localhost\/termax2\/?post_type=product&#038;p=424"},"modified":"2020-02-11T09:30:08","modified_gmt":"2020-02-11T09:30:08","slug":"astar-grafiato","status":"publish","type":"product","link":"https:\/\/dekoll.al\/termax\/product\/astar-grafiato\/","title":{"rendered":"Astar Grafiato"},"content":{"rendered":"","protected":false},"excerpt":{"rendered":"<p>ASTAR GRAFIATO \u00ebsht\u00eb nj\u00eb<br \/>\nmaterial i l\u00ebngsh\u00ebm me baz\u00eb<br \/>\nrezin\u00eb akrilike per trajtimin e<br \/>\nsuporteve perpara aplikimit<br \/>\nte veshje dekorative. Ky<br \/>\nprodukt siguron<br \/>\npunueshm\u00ebri mjaft t\u00eb mir\u00eb si<br \/>\nedhe leht\u00ebsi t\u00eb dukshme n\u00eb<br \/>\npunimin e shtresave vijuese.<\/p>\n","protected":false},"featured_media":430,"comment_status":"open","ping_status":"closed","template":"","meta":[],"product_cat":[21],"product_tag":[],"_links":{"self":[{"href":"https:\/\/dekoll.al\/termax\/wp-json\/wp\/v2\/product\/424"}],"collection":[{"href":"https:\/\/dekoll.al\/termax\/wp-json\/wp\/v2\/product"}],"about":[{"href":"https:\/\/dekoll.al\/termax\/wp-json\/wp\/v2\/types\/product"}],"replies":[{"embeddable":true,"href":"https:\/\/dekoll.al\/termax\/wp-json\/wp\/v2\/comments?post=424"}],"wp:featuredmedia":[{"embeddable":true,"href":"https:\/\/dekoll.al\/termax\/wp-json\/wp\/v2\/media\/430"}],"wp:attachment":[{"href":"https:\/\/dekoll.al\/termax\/wp-json\/wp\/v2\/media?parent=424"}],"wp:term":[{"taxonomy":"product_cat","embeddable":true,"href":"https:\/\/dekoll.al\/termax\/wp-json\/wp\/v2\/product_cat?post=424"},{"taxonomy":"product_tag","embeddable":true,"href":"https:\/\/dekoll.al\/termax\/wp-json\/wp\/v2\/product_tag?post=424"}],"curies":[{"name":"wp","href":"https:\/\/api.w.org\/{rel}","templated":true}]}}