{"id":421,"date":"2018-04-19T13:21:10","date_gmt":"2018-04-19T13:21:10","guid":{"rendered":"http:\/\/localhost\/termax2\/?post_type=product&#038;p=421"},"modified":"2020-02-11T09:30:08","modified_gmt":"2020-02-11T09:30:08","slug":"kallep-per-mbushje","status":"publish","type":"product","link":"https:\/\/dekoll.al\/termax\/product\/kallep-per-mbushje\/","title":{"rendered":"KALL\u00cbP P\u00cbR MBUSHJE"},"content":{"rendered":"<p>Kall\u00ebp polisteroli p\u00ebr mbushje soletash, themelesh. P\u00ebrdoret n\u00eb k\u00ebto suporte p\u00ebr ti dh\u00ebn\u00eb karakteristika anti\u00a0sizmike nd\u00ebrtesave, izolim termik e akustik, etj.<\/p>\n","protected":false},"excerpt":{"rendered":"<h1><strong>KALL\u00cbP P\u00cbR MBUSHJE SOLETASH<\/strong><\/h1>\n<p><strong>1.<\/strong> I p\u00ebrshtatsh\u00ebm p\u00ebr nd\u00ebrtimin e dyshemeve dhe<br \/>\ntarracave t\u00eb pallateve apo sht\u00ebpive shum\u00ebkat\u00ebshe q\u00eb<br \/>\nnuk duan t\u00eb shtojn\u00eb pesh\u00ebn.<br \/>\n<strong>2.<\/strong> I rekomandueshr\u00ebm p\u00ebr izolim termik dhe akustik<br \/>\n<strong>3.<\/strong> Shum\u00eb rezistent ndaj zjarrit dhe me jet\u00ebgjat\u00ebsi t\u00eb<br \/>\nlart\u00eb<br \/>\n<strong>4.<\/strong> N\u00ebnshtres\u00eb izoluese p\u00ebr pllaka dhe parket<br \/>\n<strong>5.<\/strong> Rezistenc\u00eb e larte n\u00eb shtypje<br \/>\nP\u00ebrcaktimi:Kokrriz\u00eb Polisteroli<br \/>\n<strong>Ngjyra:<\/strong>e bardh\u00eb<br \/>\n<strong>Ambalazhi:<\/strong>Polietilen<br \/>\n<strong>Stazhionimi:<\/strong>28 dit\u00eb<br \/>\n<strong>Njesia mat\u00ebse:<\/strong>kg\/m3<br \/>\n<strong>Standarti referuar:<\/strong>EN 13163<br \/>\n<strong>P\u00ebrmbajtja e kokrriz\u00ebs:<\/strong> Gaz Pentan<br \/>\n<strong>Dimensionet e panelit:<\/strong>1000mm*500mm<br \/>\n<strong>Rezistenca n\u00eb ngjeshje:<\/strong>1000 kPa<br \/>\n<strong>Ngarkesa e lejueshme shtypje (2% ngjeshm\u00ebri):<\/strong>20kPa (2t\/ m2)<br \/>\n<strong>Koefi\u00e7enti i percjellshmerise termike (\u03bb):<\/strong>0.076 W\/mK<br \/>\n<strong>Reaksioni ndaj zjarrit:<\/strong>Vet\u00ebshuesh\u00ebm<\/p>\n","protected":false},"featured_media":422,"comment_status":"open","ping_status":"closed","template":"","meta":[],"product_cat":[21],"product_tag":[],"_links":{"self":[{"href":"https:\/\/dekoll.al\/termax\/wp-json\/wp\/v2\/product\/421"}],"collection":[{"href":"https:\/\/dekoll.al\/termax\/wp-json\/wp\/v2\/product"}],"about":[{"href":"https:\/\/dekoll.al\/termax\/wp-json\/wp\/v2\/types\/product"}],"replies":[{"embeddable":true,"href":"https:\/\/dekoll.al\/termax\/wp-json\/wp\/v2\/comments?post=421"}],"wp:featuredmedia":[{"embeddable":true,"href":"https:\/\/dekoll.al\/termax\/wp-json\/wp\/v2\/media\/422"}],"wp:attachment":[{"href":"https:\/\/dekoll.al\/termax\/wp-json\/wp\/v2\/media?parent=421"}],"wp:term":[{"taxonomy":"product_cat","embeddable":true,"href":"https:\/\/dekoll.al\/termax\/wp-json\/wp\/v2\/product_cat?post=421"},{"taxonomy":"product_tag","embeddable":true,"href":"https:\/\/dekoll.al\/termax\/wp-json\/wp\/v2\/product_tag?post=421"}],"curies":[{"name":"wp","href":"https:\/\/api.w.org\/{rel}","templated":true}]}}