{"id":417,"date":"2018-04-19T13:11:57","date_gmt":"2018-04-19T13:11:57","guid":{"rendered":"http:\/\/localhost\/termax2\/?post_type=product&#038;p=417"},"modified":"2020-02-11T09:30:08","modified_gmt":"2020-02-11T09:30:08","slug":"kokrrizore","status":"publish","type":"product","link":"https:\/\/dekoll.al\/termax\/product\/kokrrizore\/","title":{"rendered":"KOKRRIZOR\u00cb"},"content":{"rendered":"<p>Kokrriz\u00eb polisteroli q\u00eb sh\u00ebrben si z\u00ebvend\u00ebsues i inerteve, p\u00ebr prodhimin e BETONEVE ME PESHE T\u00cb LEHT\u00cbSUAR q\u00eb jan\u00eb betone t\u00eb leht\u00ebsuar deri n\u00eb 75% krahasuar me normalin.<\/p>\n","protected":false},"excerpt":{"rendered":"<h1>KOKRRIZOR\u00cb<\/h1>\n<p><strong>1.<\/strong> I p\u00ebrshtatsh\u00ebm p\u00ebr nd\u00ebrtimin e dyshemeve dhe<br \/>\ntarracave t\u00eb pallateve apo sht\u00ebpive shum\u00ebkat\u00ebshe q\u00eb<br \/>\nnuk duan t\u00eb shtojn\u00eb pesh\u00ebn.<br \/>\n<strong>2.<\/strong> I rekomandueshr\u00ebm p\u00ebr izolim termik dhe akustik<br \/>\n<strong>3.<\/strong> Shum\u00eb rezistent ndaj zjarrit dhe me jet\u00ebgjat\u00ebsi t\u00eb<br \/>\nlart\u00eb<br \/>\n<strong>4.<\/strong> N\u00ebnshtres\u00eb izoluese p\u00ebr pllaka dhe parket<br \/>\n<strong>5.<\/strong> Rezistenc\u00eb e larte n\u00eb shtypje<br \/>\n<strong>P\u00ebrcaktimi:<\/strong> Kokrriz\u00eb Polisteroli<br \/>\n<strong>Ngjyra:<\/strong>e bardh\u00eb<br \/>\n<strong>Ambalazhi:<\/strong>Polietilen<br \/>\n<strong>Stazhionimi:<\/strong>28 dit\u00eb<br \/>\n<strong>Njesia mat\u00ebse:<\/strong>\u00a0kg\/m3<br \/>\n<strong>Standarti referuar:<\/strong>EN 13163<br \/>\n<strong>P\u00ebrmbajtja e kokrriz\u00ebs :<\/strong>\u00a0Gaz Pentan<br \/>\n<strong>Dimensionet e panelit:<\/strong>1000mm*500mm<br \/>\n<strong>Rezistenca n\u00eb ngjeshje:<\/strong>\u00a01000 kPa<br \/>\n<strong>Ngarkesa e lejueshme shtypje (2% ngjeshm\u00ebri):<\/strong>20kPa (2t\/ m2)<br \/>\n<strong>Koefi\u00e7enti i percjellshmerise termike (\u03bb):<\/strong>0.076 W\/mK<br \/>\n<strong>Reaksioni ndaj zjarrit:<\/strong>Vet\u00ebshuesh\u00ebm<\/p>\n","protected":false},"featured_media":390,"comment_status":"open","ping_status":"closed","template":"","meta":[],"product_cat":[21],"product_tag":[],"_links":{"self":[{"href":"https:\/\/dekoll.al\/termax\/wp-json\/wp\/v2\/product\/417"}],"collection":[{"href":"https:\/\/dekoll.al\/termax\/wp-json\/wp\/v2\/product"}],"about":[{"href":"https:\/\/dekoll.al\/termax\/wp-json\/wp\/v2\/types\/product"}],"replies":[{"embeddable":true,"href":"https:\/\/dekoll.al\/termax\/wp-json\/wp\/v2\/comments?post=417"}],"wp:featuredmedia":[{"embeddable":true,"href":"https:\/\/dekoll.al\/termax\/wp-json\/wp\/v2\/media\/390"}],"wp:attachment":[{"href":"https:\/\/dekoll.al\/termax\/wp-json\/wp\/v2\/media?parent=417"}],"wp:term":[{"taxonomy":"product_cat","embeddable":true,"href":"https:\/\/dekoll.al\/termax\/wp-json\/wp\/v2\/product_cat?post=417"},{"taxonomy":"product_tag","embeddable":true,"href":"https:\/\/dekoll.al\/termax\/wp-json\/wp\/v2\/product_tag?post=417"}],"curies":[{"name":"wp","href":"https:\/\/api.w.org\/{rel}","templated":true}]}}