{"id":1458,"date":"2021-03-15T11:14:58","date_gmt":"2021-03-15T11:14:58","guid":{"rendered":"https:\/\/dekoll.al\/termax\/?post_type=product&#038;p=1458"},"modified":"2021-03-15T11:15:21","modified_gmt":"2021-03-15T11:15:21","slug":"eps-f200","status":"publish","type":"product","link":"https:\/\/dekoll.al\/termax\/product\/eps-f200\/","title":{"rendered":"EPS F200"},"content":{"rendered":"<p>Material i dendur termoizolues p\u00ebr nd\u00ebrtimin e sistemeve<br \/>\nt\u00eb izolimit termik t\u00eb zonave me ngarkesa t\u00eb larta presioni si:<br \/>\nn\u00ebn dysheme, \u00e7ati me pjerr\u00ebsi etj<\/p>\n","protected":false},"excerpt":{"rendered":"<h1><strong>EPS F200<\/strong><\/h1>\n<p><strong>1.<\/strong> Qendrueshm\u00ebri n\u00eb form\u00eb gjat\u00eb luhatjeve atmosferike<br \/>\n<strong>2.<\/strong> Dend\u00ebsi homogjene<br \/>\n<strong>3.<\/strong> Veti hidrofobike<br \/>\n<strong>4.<\/strong> Izolues akustik\u00eb<br \/>\n<strong>5.<\/strong> Rezistenc\u00eb e larte n\u00eb shtypje<br \/>\n<strong>6.<\/strong> P\u00ebrcjellshm\u00ebri shum\u00eb t\u00eb ul\u00ebt termike<br \/>\n<strong>7.<\/strong> 23% termoizolim m\u00eb i mir\u00eb se polisteroli i thjesht\u00eb.<br \/>\n<strong>P\u00ebrcaktimi:<\/strong>Panel Termoizolues EPS<br \/>\n<strong>Ngjyra:<\/strong> e bardh\u00eb<br \/>\n<strong>Ambalazhi:<\/strong>Polietilen<br \/>\n<strong>Stazhionimi:<\/strong>28 dit\u00eb<br \/>\n<strong>Nj\u00ebsia mat\u00ebse:<\/strong>m3<br \/>\n<strong>Standarti referuar:<\/strong> EN 13163<br \/>\n<strong>P\u00ebrmbajtja e kokrriz\u00ebs :<\/strong> Gaz Pentan<br \/>\n<strong>Dimensionet e panelit:<\/strong>1000mm*500mm<br \/>\n<strong>Sip\u00ebrfaqja e pllak\u00ebs:<\/strong>0.5 m2<br \/>\n<strong>Rezistenca n\u00eb ngjeshje (10% ngjeshm\u00ebri):<\/strong>min. 150 kPa (15t\/ m2)<br \/>\n<strong>Ngarkesa e lejueshme shtypje (2% ngjeshm\u00ebri):<\/strong>20kPa (2t\/ m2)<br \/>\n<strong>Koefi\u00e7enti i p\u00ebrcjellshm\u00ebris\u00eb termike (\u03bb):<\/strong>0.033 W\/mK<br \/>\n<strong>Reaksioni ndaj zjarrit:<\/strong>Vet\u00ebshuesh\u00ebm<\/p>\n","protected":false},"featured_media":620,"comment_status":"open","ping_status":"closed","template":"","meta":[],"product_cat":[21],"product_tag":[],"_links":{"self":[{"href":"https:\/\/dekoll.al\/termax\/wp-json\/wp\/v2\/product\/1458"}],"collection":[{"href":"https:\/\/dekoll.al\/termax\/wp-json\/wp\/v2\/product"}],"about":[{"href":"https:\/\/dekoll.al\/termax\/wp-json\/wp\/v2\/types\/product"}],"replies":[{"embeddable":true,"href":"https:\/\/dekoll.al\/termax\/wp-json\/wp\/v2\/comments?post=1458"}],"wp:featuredmedia":[{"embeddable":true,"href":"https:\/\/dekoll.al\/termax\/wp-json\/wp\/v2\/media\/620"}],"wp:attachment":[{"href":"https:\/\/dekoll.al\/termax\/wp-json\/wp\/v2\/media?parent=1458"}],"wp:term":[{"taxonomy":"product_cat","embeddable":true,"href":"https:\/\/dekoll.al\/termax\/wp-json\/wp\/v2\/product_cat?post=1458"},{"taxonomy":"product_tag","embeddable":true,"href":"https:\/\/dekoll.al\/termax\/wp-json\/wp\/v2\/product_tag?post=1458"}],"curies":[{"name":"wp","href":"https:\/\/api.w.org\/{rel}","templated":true}]}}