{"id":1012,"date":"2020-02-11T10:30:52","date_gmt":"2020-02-11T10:30:52","guid":{"rendered":"https:\/\/dekoll.al\/termax\/?post_type=product&#038;p=1012"},"modified":"2020-02-11T10:30:52","modified_gmt":"2020-02-11T10:30:52","slug":"rrjete-2","status":"publish","type":"product","link":"https:\/\/dekoll.al\/termax\/en\/product\/rrjete-2\/","title":{"rendered":"Rrjete"},"content":{"rendered":"<p>Rrjet\u00eb p\u00ebrforcuese p\u00ebr fasada t\u00eb vjetra, nyje teknike dhe sisteme termoizolimi.<\/p>\n","protected":false},"excerpt":{"rendered":"<p><strong>Lloji<\/strong>:160g\/m2<\/p>\n<p><strong>Nj\u00ebsia<\/strong>:(m) met\u00ebr<\/p>\n<p><strong>Paketimi<\/strong>:50 m linear<\/p>\n","protected":false},"featured_media":631,"comment_status":"open","ping_status":"closed","template":"","meta":[],"product_cat":[21],"product_tag":[],"_links":{"self":[{"href":"https:\/\/dekoll.al\/termax\/wp-json\/wp\/v2\/product\/1012"}],"collection":[{"href":"https:\/\/dekoll.al\/termax\/wp-json\/wp\/v2\/product"}],"about":[{"href":"https:\/\/dekoll.al\/termax\/wp-json\/wp\/v2\/types\/product"}],"replies":[{"embeddable":true,"href":"https:\/\/dekoll.al\/termax\/wp-json\/wp\/v2\/comments?post=1012"}],"wp:featuredmedia":[{"embeddable":true,"href":"https:\/\/dekoll.al\/termax\/wp-json\/wp\/v2\/media\/631"}],"wp:attachment":[{"href":"https:\/\/dekoll.al\/termax\/wp-json\/wp\/v2\/media?parent=1012"}],"wp:term":[{"taxonomy":"product_cat","embeddable":true,"href":"https:\/\/dekoll.al\/termax\/wp-json\/wp\/v2\/product_cat?post=1012"},{"taxonomy":"product_tag","embeddable":true,"href":"https:\/\/dekoll.al\/termax\/wp-json\/wp\/v2\/product_tag?post=1012"}],"curies":[{"name":"wp","href":"https:\/\/api.w.org\/{rel}","templated":true}]}}