{"id":990,"date":"2020-02-11T09:47:13","date_gmt":"2020-02-11T09:47:13","guid":{"rendered":"https:\/\/dekoll.al\/termax\/?page_id=990"},"modified":"2020-02-11T09:54:22","modified_gmt":"2020-02-11T09:54:22","slug":"services","status":"publish","type":"page","link":"https:\/\/dekoll.al\/termax\/en\/services\/","title":{"rendered":"Services"},"content":{"rendered":"<p><section class=\"kc-elm kc-css-15841 kc_row\"><div class=\"kc-row-container  kc-container\"><div class=\"kc-wrap-columns\"><div class=\"kc-elm kc-css-446810 kc_col-sm-4 kc_column kc_col-sm-4\"><div class=\"kc-col-container\">\t\t\n\t\t<div class=\"rst_iconbox rst_style_28 text-center rst_control  kc-elm kc-css-884104\">\n\t\t\t<div class=\"rst_iconunder\">\n\t\t\t\t<i class=\"rst_icon fa-desktop\"><\/i>\n\t\t\t<\/div>\n\t\t\t<div class=\"rst_content\">\n\t\t\t\t<div class=\"rst_icon\">\n\t\t\t\t\t\t\t\t\t\t\t\t\t<img decoding=\"async\" src=\"https:\/\/dekoll.al\/termax\/wp-content\/uploads\/2018\/05\/ikon-1-termax-01-01.png\" alt=\"\" \/>\n\t\t\t\t\t\t\t\t\t\t\t<\/div>\n\t\t\t\t<div class=\"rst_info\">\n\t\t\t\t\t\n\t\t\t\t\t\t\t\t\t\t\t<h6>EXCELLENT THERMAL INSULATION<\/h6>\n\t\t\t\t\t\t\t\t\t\t\n\t\t\t\t\t\t\t\t\t\t\n\t\t\t\t\t\t\t\t\t\t\t<p>TERMAX insulation panels are extremely efficient for heat insulation, temperature fluctuations while providing a cozy environment. In winter the walls stay warm, while in summer cooler.<\/p>\n\t\t\t\t\t\t\t\t\t\t\n\t\t\t\t\t\t\t\t\t<\/div>\n\t\t\t<\/div>\n\t\t<\/div>\n\t<\/div><\/div><div class=\"kc-elm kc-css-11971 kc_col-sm-4 kc_column kc_col-sm-4\"><div class=\"kc-col-container\">\t\t\n\t\t<div class=\"rst_iconbox rst_style_28 text-center rst_control  kc-elm kc-css-941646\">\n\t\t\t<div class=\"rst_iconunder\">\n\t\t\t\t<i class=\"rst_icon fa-desktop\"><\/i>\n\t\t\t<\/div>\n\t\t\t<div class=\"rst_content\">\n\t\t\t\t<div class=\"rst_icon\">\n\t\t\t\t\t\t\t\t\t\t\t\t\t<img decoding=\"async\" src=\"https:\/\/dekoll.al\/termax\/wp-content\/uploads\/2018\/05\/zhurmat-termax-01.png\" alt=\"\" \/>\n\t\t\t\t\t\t\t\t\t\t\t<\/div>\n\t\t\t\t<div class=\"rst_info\">\n\t\t\t\t\t\n\t\t\t\t\t\t\t\t\t\t\t<h6>PROVEN ACOUSTIC INSULATION<\/h6>\n\t\t\t\t\t\t\t\t\t\t\n\t\t\t\t\t\t\t\t\t\t\n\t\t\t\t\t\t\t\t\t\t\t<p>Termax EPS offers acoustic insulation for anyone looking to solve the noise problem forever, thanks to product quality.<\/p>\n\t\t\t\t\t\t\t\t\t\t\n\t\t\t\t\t\t\t\t\t<\/div>\n\t\t\t<\/div>\n\t\t<\/div>\n\t<\/div><\/div><div class=\"kc-elm kc-css-70383 kc_col-sm-4 kc_column kc_col-sm-4\"><div class=\"kc-col-container\">\t\t\n\t\t<div class=\"rst_iconbox rst_style_28 text-center rst_control  kc-elm kc-css-144256\">\n\t\t\t<div class=\"rst_iconunder\">\n\t\t\t\t<i class=\"rst_icon fa-desktop\"><\/i>\n\t\t\t<\/div>\n\t\t\t<div class=\"rst_content\">\n\t\t\t\t<div class=\"rst_icon\">\n\t\t\t\t\t\t\t\t\t\t\t\t\t<img decoding=\"async\" src=\"https:\/\/dekoll.al\/termax\/wp-content\/uploads\/2018\/05\/jetegjatesia-termax-01.png\" alt=\"\" \/>\n\t\t\t\t\t\t\t\t\t\t\t<\/div>\n\t\t\t\t<div class=\"rst_info\">\n\t\t\t\t\t\n\t\t\t\t\t\t\t\t\t\t\t<h6>LONGEVITY<\/h6>\n\t\t\t\t\t\t\t\t\t\t\n\t\t\t\t\t\t\t\t\t\t\n\t\t\t\t\t\t\t\t\t\t\t<p>The Termax EPS product does not degrade, decompose and therefore can be used for longevity.<\/p>\n\t\t\t\t\t\t\t\t\t\t\n\t\t\t\t\t\t\t\t\t<\/div>\n\t\t\t<\/div>\n\t\t<\/div>\n\t<\/div><\/div><\/div><\/div><\/section><section class=\"kc-elm kc-css-430814 kc_row\"><div class=\"kc-row-container  kc-container\"><div class=\"kc-wrap-columns\"><div class=\"kc-elm kc-css-149586 kc_col-sm-6 kc_column kc_col-sm-6\"><div class=\"kc-col-container\">\t\t\n\t\t<div class=\"rst_iconbox rst_style_28 text-center rst_control  kc-elm kc-css-745465\">\n\t\t\t<div class=\"rst_iconunder\">\n\t\t\t\t<i class=\"rst_icon fa-desktop\"><\/i>\n\t\t\t<\/div>\n\t\t\t<div class=\"rst_content\">\n\t\t\t\t<div class=\"rst_icon\">\n\t\t\t\t\t\t\t\t\t\t\t\t\t<img decoding=\"async\" src=\"https:\/\/dekoll.al\/termax\/wp-content\/uploads\/2018\/05\/interesi-financiar-termax-01.png\" alt=\"\" \/>\n\t\t\t\t\t\t\t\t\t\t\t<\/div>\n\t\t\t\t<div class=\"rst_info\">\n\t\t\t\t\t\n\t\t\t\t\t\t\t\t\t\t\t<h6>FINANCIAL INTEREST<\/h6>\n\t\t\t\t\t\t\t\t\t\t\n\t\t\t\t\t\t\t\t\t\t\n\t\t\t\t\t\t\t\t\t\t\t<p>Thermal insulation of buildings is a safe and economical investment as it saves energy, reduces heating costs, reduces CO2 emissions into the atmosphere as a result of reduced use of other alternative energy (gas, diesel, etc.). All Termax EPS material products offer the best price \/ performance ratio over any other heat insulation product.<\/p>\n\t\t\t\t\t\t\t\t\t\t\n\t\t\t\t\t\t\t\t\t<\/div>\n\t\t\t<\/div>\n\t\t<\/div>\n\t<\/div><\/div><div class=\"kc-elm kc-css-750854 kc_col-sm-6 kc_column kc_col-sm-6\"><div class=\"kc-col-container\">\t\t\n\t\t<div class=\"rst_iconbox rst_style_28 text-center rst_control  kc-elm kc-css-944843\">\n\t\t\t<div class=\"rst_iconunder\">\n\t\t\t\t<i class=\"rst_icon fa-desktop\"><\/i>\n\t\t\t<\/div>\n\t\t\t<div class=\"rst_content\">\n\t\t\t\t<div class=\"rst_icon\">\n\t\t\t\t\t\t\t\t\t\t\t\t\t<img decoding=\"async\" src=\"https:\/\/dekoll.al\/termax\/wp-content\/uploads\/2020\/02\/multiple.png\" alt=\"\" \/>\n\t\t\t\t\t\t\t\t\t\t\t<\/div>\n\t\t\t\t<div class=\"rst_info\">\n\t\t\t\t\t\n\t\t\t\t\t\t\t\t\t\t\t<h6>MULTIPLE UTILIZATION<\/h6>\n\t\t\t\t\t\t\t\t\t\t\n\t\t\t\t\t\t\t\t\t\t\n\t\t\t\t\t\t\t\t\t\t\t<p>It can be manufactured in any shape or size and combined with a variety of materials. It serves as a substitute for inert, for the production of CONCRETE LIGHTED CONCRETE which are lightened concrete up to 75% compared to normal. Suitable for building flats or multi-storey houses that do not want to add weight. Suitable for thermal and acoustic insulation, highly fire resistant and long lasting. It is used for the production of fish and fruit packing crates. It is used for the production of decorative molds, even coated with appropriate resins.<\/p>\n\t\t\t\t\t\t\t\t\t\t\n\t\t\t\t\t\t\t\t\t<\/div>\n\t\t\t<\/div>\n\t\t<\/div>\n\t<\/div><\/div><\/div><\/div><\/section><section class=\"kc-elm kc-css-726990 kc_row\"><div class=\"kc-row-container  kc-container\"><div class=\"kc-wrap-columns\"><div class=\"kc-elm kc-css-46162 kc_col-sm-7 kc_column kc_col-sm-7\"><div class=\"kc-col-container\">\t\t\t<div class=\"rst_iconbox_heading text-left rst_control  kc-elm kc-css-497118\">\n\t\t\t\t\t\t\t\t\t<h3>M\u00ebsoni m\u00eb shum\u00eb rreth <\/h3>\n\t\t\t\t\t\t\t\t\t\t\t\t\t<p>Termax<\/p>\t\n\t\t\t\t\t\t\t\t\t\t\t\t\t\t\t<\/div>\n\t\t<\/div><\/div><div class=\"kc-elm kc-css-515394 kc_col-of-5 kc_column kc_col-of-5\"><div class=\"kc-col-container\"><a href=\"https:\/\/dekoll.al\/termax\/wp-content\/uploads\/2019\/06\/katalogu-14-dhjetor-2018.pdf\" target=\"_blank\" title=\"\" class=\"btn rst_style_radius kc-elm kc-css-431870 rst_radius rst_control\">Take a look at our catalog<\/a><\/div><\/div><div class=\"kc-elm kc-css-890553 kc_col-of-5 kc_column kc_col-of-5\"><div class=\"kc-col-container\"><a href=\"https:\/\/dekoll.al\/termax\/wp-content\/uploads\/2018\/05\/katalogu-termax.pdf\" target=\"_blank\" title=\"\" class=\"btn rst_style_radius kc-elm kc-css-631693 rst_radius rst_control\">Products Catalog<\/a><\/div><\/div><\/div><\/div><\/section><section class=\"kc-elm kc-css-338870 kc_row\"><div class=\"kc-row-container  kc-container\"><div class=\"kc-wrap-columns\"><div class=\"kc-elm kc-css-569752 kc_col-sm-12 kc_column kc_col-sm-12\"><div class=\"kc-col-container\">\t\t\t<div class=\"rst_video_popup rst_control  kc-elm kc-css-216358\">\n\t\t\t\t<a class=\"rst_showpopup\" href=\"https:\/\/www.youtube.com\/embed\/cIgVT2OpuEc\" >\n\t\t\t\t\t<img decoding=\"async\" class=\"rst_playicon\" src=\"https:\/\/dekoll.al\/termax\/wp-content\/uploads\/2018\/03\/logo-services.png\" alt=\"\" \/>\n\t\t\t\t<\/a>\t\n\t\t\t<\/div>\n\t\t<div class=\"kc-elm kc-css-811434 kc_text_block\"><\/p>\n<p>View video<\/p>\n<p>\n<\/div><\/div><\/div><\/div><\/div><\/section><\/p>\n","protected":false},"excerpt":{"rendered":"","protected":false},"author":1,"featured_media":0,"parent":0,"menu_order":0,"comment_status":"closed","ping_status":"closed","template":"","meta":{"footnotes":""},"_links":{"self":[{"href":"https:\/\/dekoll.al\/termax\/wp-json\/wp\/v2\/pages\/990"}],"collection":[{"href":"https:\/\/dekoll.al\/termax\/wp-json\/wp\/v2\/pages"}],"about":[{"href":"https:\/\/dekoll.al\/termax\/wp-json\/wp\/v2\/types\/page"}],"author":[{"embeddable":true,"href":"https:\/\/dekoll.al\/termax\/wp-json\/wp\/v2\/users\/1"}],"replies":[{"embeddable":true,"href":"https:\/\/dekoll.al\/termax\/wp-json\/wp\/v2\/comments?post=990"}],"version-history":[{"count":2,"href":"https:\/\/dekoll.al\/termax\/wp-json\/wp\/v2\/pages\/990\/revisions"}],"predecessor-version":[{"id":992,"href":"https:\/\/dekoll.al\/termax\/wp-json\/wp\/v2\/pages\/990\/revisions\/992"}],"wp:attachment":[{"href":"https:\/\/dekoll.al\/termax\/wp-json\/wp\/v2\/media?parent=990"}],"curies":[{"name":"wp","href":"https:\/\/api.w.org\/{rel}","templated":true}]}}