{"id":49,"date":"2018-03-12T07:17:21","date_gmt":"2018-03-12T07:17:21","guid":{"rendered":"http:\/\/easybuilder.lazathemes.com\/multi-company\/?page_id=49"},"modified":"2020-02-05T10:25:49","modified_gmt":"2020-02-05T10:25:49","slug":"sherbimet","status":"publish","type":"page","link":"https:\/\/dekoll.al\/termax\/sherbimet\/","title":{"rendered":"Sherbimet"},"content":{"rendered":"<p><section class=\"kc-elm kc-css-966235 kc_row\"><div class=\"kc-row-container  kc-container\"><div class=\"kc-wrap-columns\"><div class=\"kc-elm kc-css-445441 kc_col-sm-4 kc_column kc_col-sm-4\"><div class=\"kc-col-container\">\t\t\n\t\t<div class=\"rst_iconbox rst_style_28 text-center rst_control  kc-elm kc-css-577771\">\n\t\t\t<div class=\"rst_iconunder\">\n\t\t\t\t<i class=\"rst_icon fa-desktop\"><\/i>\n\t\t\t<\/div>\n\t\t\t<div class=\"rst_content\">\n\t\t\t\t<div class=\"rst_icon\">\n\t\t\t\t\t\t\t\t\t\t\t\t\t<img decoding=\"async\" src=\"https:\/\/dekoll.al\/termax\/wp-content\/uploads\/2018\/05\/ikon-1-termax-01-01.png\" alt=\"\" \/>\n\t\t\t\t\t\t\t\t\t\t\t<\/div>\n\t\t\t\t<div class=\"rst_info\">\n\t\t\t\t\t\n\t\t\t\t\t\t\t\t\t\t\t<h6>Izolimi i shk\u00eblqyer termik<\/h6>\n\t\t\t\t\t\t\t\t\t\t\n\t\t\t\t\t\t\t\t\t\t\n\t\t\t\t\t\t\t\t\t\t\t<p>Panelet e izolimit TERMAX jan\u00eb jasht\u00ebzakonisht efikase p\u00ebr\r\nizolim ndaj nxeht\u00ebsis\u00eb, luhatjeve t\u00eb temperaturave duke dhuruar nje ambjent komod. N\u00eb\r\ndim\u00ebr muret q\u00ebndrojn\u00eb t\u00eb ngroht\u00eb, nd\u00ebrsa n\u00eb ver\u00eb m\u00eb t\u00eb fresk\u00ebt.<\/p>\n\t\t\t\t\t\t\t\t\t\t\n\t\t\t\t\t\t\t\t\t<\/div>\n\t\t\t<\/div>\n\t\t<\/div>\n\t<\/div><\/div><div class=\"kc-elm kc-css-661847 kc_col-sm-4 kc_column kc_col-sm-4\"><div class=\"kc-col-container\">\t\t\n\t\t<div class=\"rst_iconbox rst_style_28 text-center rst_control  kc-elm kc-css-470335\">\n\t\t\t<div class=\"rst_iconunder\">\n\t\t\t\t<i class=\"rst_icon fa-desktop\"><\/i>\n\t\t\t<\/div>\n\t\t\t<div class=\"rst_content\">\n\t\t\t\t<div class=\"rst_icon\">\n\t\t\t\t\t\t\t\t\t\t\t\t\t<img decoding=\"async\" src=\"https:\/\/dekoll.al\/termax\/wp-content\/uploads\/2018\/05\/zhurmat-termax-01.png\" alt=\"\" \/>\n\t\t\t\t\t\t\t\t\t\t\t<\/div>\n\t\t\t\t<div class=\"rst_info\">\n\t\t\t\t\t\n\t\t\t\t\t\t\t\t\t\t\t<h6>Izolimi akustik i provuar<\/h6>\n\t\t\t\t\t\t\t\t\t\t\n\t\t\t\t\t\t\t\t\t\t\n\t\t\t\t\t\t\t\t\t\t\t<p>Termax EPS ofron izolimin akustik, p\u00ebr t\u00eb gjith\u00eb ata q\u00eb k\u00ebrkojne ta\r\nzgjidhin p\u00ebrjet\u00ebsisht problemin e zhurmave, fal\u00eb cilesis\u00eb s\u00eb produktit.<\/p>\n\t\t\t\t\t\t\t\t\t\t\n\t\t\t\t\t\t\t\t\t<\/div>\n\t\t\t<\/div>\n\t\t<\/div>\n\t<\/div><\/div><div class=\"kc-elm kc-css-853212 kc_col-sm-4 kc_column kc_col-sm-4\"><div class=\"kc-col-container\">\t\t\n\t\t<div class=\"rst_iconbox rst_style_28 text-center rst_control  kc-elm kc-css-895517\">\n\t\t\t<div class=\"rst_iconunder\">\n\t\t\t\t<i class=\"rst_icon fa-desktop\"><\/i>\n\t\t\t<\/div>\n\t\t\t<div class=\"rst_content\">\n\t\t\t\t<div class=\"rst_icon\">\n\t\t\t\t\t\t\t\t\t\t\t\t\t<img decoding=\"async\" src=\"https:\/\/dekoll.al\/termax\/wp-content\/uploads\/2018\/05\/jetegjatesia-termax-01.png\" alt=\"\" \/>\n\t\t\t\t\t\t\t\t\t\t\t<\/div>\n\t\t\t\t<div class=\"rst_info\">\n\t\t\t\t\t\n\t\t\t\t\t\t\t\t\t\t\t<h6>Jet\u00ebgjat\u00ebsia<\/h6>\n\t\t\t\t\t\t\t\t\t\t\n\t\t\t\t\t\t\t\t\t\t\n\t\t\t\t\t\t\t\t\t\t\t<p> Produkti Termax EPS nuk degradon, nuk dekompozohet dhe prandaj mund t\u00eb\r\np\u00ebrdoret ne jet\u00ebgjat\u00ebsi.<\/p>\n\t\t\t\t\t\t\t\t\t\t\n\t\t\t\t\t\t\t\t\t<\/div>\n\t\t\t<\/div>\n\t\t<\/div>\n\t<\/div><\/div><\/div><\/div><\/section><section class=\"kc-elm kc-css-915149 kc_row\"><div class=\"kc-row-container  kc-container\"><div class=\"kc-wrap-columns\"><div class=\"kc-elm kc-css-457384 kc_col-sm-6 kc_column kc_col-sm-6\"><div class=\"kc-col-container\">\t\t\n\t\t<div class=\"rst_iconbox rst_style_28 text-center rst_control  kc-elm kc-css-101902\">\n\t\t\t<div class=\"rst_iconunder\">\n\t\t\t\t<i class=\"rst_icon fa-desktop\"><\/i>\n\t\t\t<\/div>\n\t\t\t<div class=\"rst_content\">\n\t\t\t\t<div class=\"rst_icon\">\n\t\t\t\t\t\t\t\t\t\t\t\t\t<img decoding=\"async\" src=\"https:\/\/dekoll.al\/termax\/wp-content\/uploads\/2018\/05\/interesi-financiar-termax-01.png\" alt=\"\" \/>\n\t\t\t\t\t\t\t\t\t\t\t<\/div>\n\t\t\t\t<div class=\"rst_info\">\n\t\t\t\t\t\n\t\t\t\t\t\t\t\t\t\t\t<h6>Interesi financiar<\/h6>\n\t\t\t\t\t\t\t\t\t\t\n\t\t\t\t\t\t\t\t\t\t\n\t\t\t\t\t\t\t\t\t\t\t<p> Izolimi termik i ndertesave \u00ebsht\u00eb nj\u00eb investim sigurt\u00eb dhe n\u00eb aspektin\r\nekonomik pasi kursen energji , ul kostot p\u00ebr ngrohje , zvog\u00eblon emetimin e gazit CO2 n\u00eb\r\natmosfer\u00eb si rezultal i uljes s\u00eb p\u00ebrdorimit t\u00eb energjive t\u00eb tjera alternative (gaz ,diesel etj ).\r\nT\u00eb gjitha produktet e materialeve Termax EPS ofrojn\u00eb raportin m\u00eb t\u00eb mir\u00eb\r\n\u00e7mime\/performanc\u00eb n\u00eb krahasim me \u00e7do produkt tjet\u00ebr izolues t\u00eb nxeht\u00ebsis\u00eb.<\/p>\n\t\t\t\t\t\t\t\t\t\t\n\t\t\t\t\t\t\t\t\t<\/div>\n\t\t\t<\/div>\n\t\t<\/div>\n\t<\/div><\/div><div class=\"kc-elm kc-css-959172 kc_col-sm-6 kc_column kc_col-sm-6\"><div class=\"kc-col-container\">\t\t\n\t\t<div class=\"rst_iconbox rst_style_28 text-center rst_control  kc-elm kc-css-216219\">\n\t\t\t<div class=\"rst_iconunder\">\n\t\t\t\t<i class=\"rst_icon fa-desktop\"><\/i>\n\t\t\t<\/div>\n\t\t\t<div class=\"rst_content\">\n\t\t\t\t<div class=\"rst_icon\">\n\t\t\t\t\t\t\t\t\t\t\t\t\t<img decoding=\"async\" src=\"https:\/\/dekoll.al\/termax\/wp-content\/uploads\/2020\/02\/multiple.png\" alt=\"\" \/>\n\t\t\t\t\t\t\t\t\t\t\t<\/div>\n\t\t\t\t<div class=\"rst_info\">\n\t\t\t\t\t\n\t\t\t\t\t\t\t\t\t\t\t<h6>Shfryt\u00ebzimi i shum\u00ebfisht\u00eb<\/h6>\n\t\t\t\t\t\t\t\t\t\t\n\t\t\t\t\t\t\t\t\t\t\n\t\t\t\t\t\t\t\t\t\t\t<p>Mund t\u00eb prodhohet n\u00eb \u00e7do form\u00eb ose madh\u00ebsi dhe kombinohet\r\nme nj\u00eb shum\u00ebllojshm\u00ebri t\u00eb gj\u00ebre materialesh. Sh\u00ebrben si z\u00ebvendesues i inerteve, p\u00ebr\r\nprodhimin e BETONEVE ME P\u00cbSHE T\u00cb LEHT\u00cbSUAR q\u00eb jan\u00eb betone t\u00eb leht\u00ebsuar deri n\u00eb 75%\r\nkrahasuar me normalin. I p\u00ebrshtatshem p\u00ebr nd\u00ebrtimin e pallateve apo sht\u00ebpive\r\nshum\u00ebkateshe q\u00eb nuk duan t\u00eb shtojn\u00eb pesh\u00ebn. I p\u00ebrshtatsh\u00ebm p\u00ebr nj\u00eb izolim termik dhe\r\nakustik, shum\u00eb rezistent ndaj zjarrit dhe me jet\u00ebgjat\u00ebsi t\u00eb lart\u00eb. Sh\u00ebrben p\u00ebr prodhimin e\r\narkave t\u00eb ambalazhimit t\u00eb peshkut dhe fruta-perimeve. Sh\u00ebrben p\u00ebr prodhimin e\r\nkall\u00ebpeve dekorative, madje t\u00eb veshura edhe me rezinat p\u00ebrkat\u00ebse.<\/p>\n\t\t\t\t\t\t\t\t\t\t\n\t\t\t\t\t\t\t\t\t<\/div>\n\t\t\t<\/div>\n\t\t<\/div>\n\t<\/div><\/div><\/div><\/div><\/section><section class=\"kc-elm kc-css-836495 kc_row\"><div class=\"kc-row-container  kc-container\"><div class=\"kc-wrap-columns\"><div class=\"kc-elm kc-css-266475 kc_col-sm-7 kc_column kc_col-sm-7\"><div class=\"kc-col-container\">\t\t\t<div class=\"rst_iconbox_heading text-left rst_control  kc-elm kc-css-213301\">\n\t\t\t\t\t\t\t\t\t<h3>M\u00ebsoni m\u00eb shum\u00eb rreth <\/h3>\n\t\t\t\t\t\t\t\t\t\t\t\t\t<p>Termax<\/p>\t\n\t\t\t\t\t\t\t\t\t\t\t\t\t\t\t<\/div>\n\t\t<\/div><\/div><div class=\"kc-elm kc-css-201421 kc_col-of-5 kc_column kc_col-of-5\"><div class=\"kc-col-container\"><a href=\"https:\/\/dekoll.al\/termax\/wp-content\/uploads\/2019\/06\/katalogu-14-dhjetor-2018.pdf\" target=\"_blank\" title=\"\" class=\"btn rst_style_radius kc-elm kc-css-629898 rst_radius rst_control\">Shiko Katalogun<\/a><\/div><\/div><div class=\"kc-elm kc-css-954510 kc_col-of-5 kc_column kc_col-of-5\"><div class=\"kc-col-container\"><a href=\"https:\/\/dekoll.al\/termax\/wp-content\/uploads\/2018\/05\/katalogu-termax.pdf\" target=\"_blank\" title=\"\" class=\"btn rst_style_radius kc-elm kc-css-450969 rst_radius rst_control\">Shiko Produktet<\/a><\/div><\/div><\/div><\/div><\/section><section class=\"kc-elm kc-css-786301 kc_row\"><div class=\"kc-row-container  kc-container\"><div class=\"kc-wrap-columns\"><div class=\"kc-elm kc-css-917793 kc_col-sm-12 kc_column kc_col-sm-12\"><div class=\"kc-col-container\">\t\t\t<div class=\"rst_video_popup rst_control  kc-elm kc-css-658128\">\n\t\t\t\t<a class=\"rst_showpopup\" href=\"https:\/\/www.youtube.com\/embed\/cIgVT2OpuEc\" >\n\t\t\t\t\t<img decoding=\"async\" class=\"rst_playicon\" src=\"https:\/\/dekoll.al\/termax\/wp-content\/uploads\/2018\/03\/logo-services.png\" alt=\"\" \/>\n\t\t\t\t<\/a>\t\n\t\t\t<\/div>\n\t\t<div class=\"kc-elm kc-css-885892 kc_text_block\"><\/p>\n<p>\nShiko videon<\/p>\n<p>\n<\/div><\/div><\/div><\/div><\/div><\/section><\/p>\n","protected":false},"excerpt":{"rendered":"","protected":false},"author":1,"featured_media":0,"parent":0,"menu_order":0,"comment_status":"closed","ping_status":"closed","template":"","meta":{"footnotes":""},"_links":{"self":[{"href":"https:\/\/dekoll.al\/termax\/wp-json\/wp\/v2\/pages\/49"}],"collection":[{"href":"https:\/\/dekoll.al\/termax\/wp-json\/wp\/v2\/pages"}],"about":[{"href":"https:\/\/dekoll.al\/termax\/wp-json\/wp\/v2\/types\/page"}],"author":[{"embeddable":true,"href":"https:\/\/dekoll.al\/termax\/wp-json\/wp\/v2\/users\/1"}],"replies":[{"embeddable":true,"href":"https:\/\/dekoll.al\/termax\/wp-json\/wp\/v2\/comments?post=49"}],"version-history":[{"count":25,"href":"https:\/\/dekoll.al\/termax\/wp-json\/wp\/v2\/pages\/49\/revisions"}],"predecessor-version":[{"id":931,"href":"https:\/\/dekoll.al\/termax\/wp-json\/wp\/v2\/pages\/49\/revisions\/931"}],"wp:attachment":[{"href":"https:\/\/dekoll.al\/termax\/wp-json\/wp\/v2\/media?parent=49"}],"curies":[{"name":"wp","href":"https:\/\/api.w.org\/{rel}","templated":true}]}}