{"id":45,"date":"2018-03-12T07:16:41","date_gmt":"2018-03-12T07:16:41","guid":{"rendered":"http:\/\/easybuilder.lazathemes.com\/multi-company\/?page_id=45"},"modified":"2018-05-16T14:35:09","modified_gmt":"2018-05-16T14:35:09","slug":"rreth-nesh","status":"publish","type":"page","link":"https:\/\/dekoll.al\/termax\/rreth-nesh\/","title":{"rendered":"Rreth nesh"},"content":{"rendered":"<p><section class=\"kc-elm kc-css-942821 kc_row\"><div class=\"kc-row-container  kc-container\"><div class=\"kc-wrap-columns\"><div class=\"kc-elm kc-css-552984 kc_col-sm-6 kc_column kc_col-sm-6\"><div class=\"kc-col-container\"><div class=\"kc-elm kc-css-423902 kc_shortcode kc_single_image\">\n\n        <img decoding=\"async\" src=\"https:\/\/dekoll.al\/termax\/wp-content\/uploads\/2018\/05\/24-01.png\" class=\"\" alt=\"\" \/>    <\/div>\n<\/div><\/div><div class=\"kc-elm kc-css-102050 kc_col-sm-6 kc_column kc_col-sm-6 head\"><div class=\"kc-col-container\"><div class=\"kc-elm kc-css-622327 kc_text_block head\"><\/p>\n<h3 style=\"text-align: center; color: #333; font-size: 35px; font-weight: 600; margin-top: 0px; margin-bottom: 0px;\"><span style=\"color: #8cc641; ; font-weight: bold;\">Historiku\u00a0<\/span>i Kompanis\u00eb<\/h3>\n<p>\n<\/div>\t\t\t<div class=\"rst_iconbox_heading text-left rst_control head kc-elm kc-css-790207\">\n\t\t\t\t\t\t\t\t\t\t\t\t\t<p>Dekoll sh.p.k \u00ebsht\u00eb nj\u00eb kompani aktiviteti i s\u00eb cil\u00ebs konsiston n\u00eb prodhimin e materialeve t\u00eb nd\u00ebrtimit si: Sistemi i ngjitjes s\u00eb pllakave, mbushjes s\u00eb fugave, termoizolimit, hidroizolimit, finitura veshje dekorative lla\u00e7ra bojra etjTermax sh.p.k synon t\u00eb b\u00ebhet kompania udh\u00ebheq\u00ebse n\u00eb prodhimin e materialeve t\u00eb polisterolit n\u00eb tregun shqiptar, duke p\u00ebrmbushur nevojat e klient\u00ebve dhe partner\u00ebve t\u00eb saj me nj\u00eb gam\u00eb t\u00eb gj\u00ebr\u00eb t\u00eb produkteve cil\u00ebsore. Gjithashtu Termax synon zgjerimin n\u00eb tregjet nd\u00ebrkomb\u00ebtare duke eksportuar produktet Made in Albania me standarde europiane. P\u00ebr ne politika kryesore \u00ebsht\u00eb respektimi i mjedisit. Modernizimi i pro\u00e7esit t\u00eb prodhimit synon jo vet\u00ebm rritjen e efikasitetit dhe optimizimin e cil\u00ebsis\u00eb s\u00eb produktit, por edhe <\/p>\t\n\t\t\t\t\t\t\t\t\t\t\t\t\t<h6>Termax<\/h6>\n\t\t\t\t\t\t\t\t\t\t\t\t\t<div class=\"rst_overline\" style=\"height: 2px;\">\n\t\t\t\t\t\t<span class=\"rst_line\" style=\"width: 50px;background-color: #8cc641;height: 2px;\"><\/span>\n\t\t\t\t\t<\/div>\n\t\t\t\t\t\t\t<\/div>\n\t\t<\/div><\/div><\/div><\/div><\/section><section class=\"kc-elm kc-css-729233 kc_row\"><div class=\"kc-row-container  kc-container\"><div class=\"kc-wrap-columns\"><div class=\"kc-elm kc-css-747640 kc_col-sm-12 kc_column kc_col-sm-12\"><div class=\"kc-col-container\"><div class=\"kc-elm kc-css-750901 kc_text_block\"><\/p>\n<h3 style=\"text-align: center; color: #333; font-size: 35px; font-weight: 600; margin-top: 0px; margin-bottom: 0px;\"><span style=\"color: #8cc641; ; font-weight: bold;\">Vlerat\u00a0<\/span>e termax<\/h3>\n<p>\n<\/div><\/div><\/div><\/div><\/div><\/section><section class=\"kc-elm kc-css-524092 kc_row\"><div class=\"kc-row-container  kc-container\"><div class=\"kc-wrap-columns\"><div class=\"kc-elm kc-css-104334 kc_col-sm-4 kc_column kc_col-sm-4\"><div class=\"kc-col-container\">\t\t\n\t\t<div class=\"rst_iconbox rst_style_1 text-left rst_control  kc-elm kc-css-881753\">\n\t\t\t<div class=\"rst_iconunder\">\n\t\t\t\t<i class=\"rst_icon fa-desktop\"><\/i>\n\t\t\t<\/div>\n\t\t\t<div class=\"rst_content\">\n\t\t\t\t<div class=\"rst_icon\">\n\t\t\t\t\t\t\t\t\t\t\t\t\t<img decoding=\"async\" src=\"https:\/\/dekoll.al\/termax\/wp-content\/uploads\/2018\/04\/numri1.png\" alt=\"\" \/>\n\t\t\t\t\t\t\t\t\t\t\t<\/div>\n\t\t\t\t<div class=\"rst_info\">\n\t\t\t\t\t\n\t\t\t\t\t\t\t\t\t\t\t<h6>Seriozitet Rezistenc\u00eb <\/h6>\n\t\t\t\t\t\t\t\t\t\t\n\t\t\t\t\t\t\t\t\t\t\n\t\t\t\t\t\t\t\t\t\t\t<p>Made in Albania\r\nMe stanarte europiane<\/p>\n\t\t\t\t\t\t\t\t\t\t\n\t\t\t\t\t\t\t\t\t<\/div>\n\t\t\t<\/div>\n\t\t<\/div>\n\t<\/div><\/div><div class=\"kc-elm kc-css-479895 kc_col-sm-4 kc_column kc_col-sm-4\"><div class=\"kc-col-container\">\t\t\n\t\t<div class=\"rst_iconbox rst_style_1 text-left rst_control  kc-elm kc-css-102605\">\n\t\t\t<div class=\"rst_iconunder\">\n\t\t\t\t<i class=\"rst_icon fa-desktop\"><\/i>\n\t\t\t<\/div>\n\t\t\t<div class=\"rst_content\">\n\t\t\t\t<div class=\"rst_icon\">\n\t\t\t\t\t\t\t\t\t\t\t\t\t<img decoding=\"async\" src=\"https:\/\/dekoll.al\/termax\/wp-content\/uploads\/2018\/04\/numri2.png\" alt=\"\" \/>\n\t\t\t\t\t\t\t\t\t\t\t<\/div>\n\t\t\t\t<div class=\"rst_info\">\n\t\t\t\t\t\n\t\t\t\t\t\t\t\t\t\t\t<h6>Q\u00ebndrueshm\u00ebri Garanci<\/h6>\n\t\t\t\t\t\t\t\t\t\t\n\t\t\t\t\t\t\t\t\t\t\n\t\t\t\t\t\t\t\t\t\t\t<p>Serjoziteti i pun\u00ebs ton\u00eb vler\u00ebrsohet me m\u00ebnyr\u00ebn se si punojm\u00eb dhe produktet q\u00eb posedojm\u00eb<\/p>\n\t\t\t\t\t\t\t\t\t\t\n\t\t\t\t\t\t\t\t\t<\/div>\n\t\t\t<\/div>\n\t\t<\/div>\n\t<\/div><\/div><div class=\"kc-elm kc-css-591100 kc_col-sm-4 kc_column kc_col-sm-4\"><div class=\"kc-col-container\">\t\t\n\t\t<div class=\"rst_iconbox rst_style_1 text-left rst_control  kc-elm kc-css-44931\">\n\t\t\t<div class=\"rst_iconunder\">\n\t\t\t\t<i class=\"rst_icon fa-desktop\"><\/i>\n\t\t\t<\/div>\n\t\t\t<div class=\"rst_content\">\n\t\t\t\t<div class=\"rst_icon\">\n\t\t\t\t\t\t\t\t\t\t\t\t\t<img decoding=\"async\" src=\"https:\/\/dekoll.al\/termax\/wp-content\/uploads\/2018\/04\/numri3.png\" alt=\"\" \/>\n\t\t\t\t\t\t\t\t\t\t\t<\/div>\n\t\t\t\t<div class=\"rst_info\">\n\t\t\t\t\t\n\t\t\t\t\t\t\t\t\t\t\t<h6>Cil\u00ebsi P\u00ebrshtatshm\u00ebri <\/h6>\n\t\t\t\t\t\t\t\t\t\t\n\t\t\t\t\t\t\t\t\t\t\n\t\t\t\t\t\t\t\t\t\t\t<p>Produktet m\u00eb t\u00eb fundit, aparaturat m\u00eb moderne na sjellin ne me nj\u00eb risi ne treg<\/p>\n\t\t\t\t\t\t\t\t\t\t\n\t\t\t\t\t\t\t\t\t<\/div>\n\t\t\t<\/div>\n\t\t<\/div>\n\t<\/div><\/div><\/div><\/div><\/section><section class=\"kc-elm kc-css-439123 kc_row\"><div class=\"kc-row-container  kc-container\"><div class=\"kc-wrap-columns\"><div class=\"kc-elm kc-css-715422 kc_col-sm-4 kc_column kc_col-sm-4\"><div class=\"kc-col-container\">\t\t\n\t\t<div class=\"rst_iconbox rst_style_1 text-left rst_control  kc-elm kc-css-830596\">\n\t\t\t<div class=\"rst_iconunder\">\n\t\t\t\t<i class=\"rst_icon fa-desktop\"><\/i>\n\t\t\t<\/div>\n\t\t\t<div class=\"rst_content\">\n\t\t\t\t<div class=\"rst_icon\">\n\t\t\t\t\t\t\t\t\t\t\t\t\t<img decoding=\"async\" src=\"https:\/\/dekoll.al\/termax\/wp-content\/uploads\/2018\/04\/numri4.png\" alt=\"\" \/>\n\t\t\t\t\t\t\t\t\t\t\t<\/div>\n\t\t\t\t<div class=\"rst_info\">\n\t\t\t\t\t\n\t\t\t\t\t\t\t\t\t\t\t<h6>Teknologji Besueshm\u00ebri <\/h6>\n\t\t\t\t\t\t\t\t\t\t\n\t\t\t\t\t\t\t\t\t\t\n\t\t\t\t\t\t\t\t\t\t\t<p>Izolimi i shk\u00eblqyer termik, izolimi akustik i provuar , jet\u00ebgjat\u00ebsia, interesi financiar dhe shfryt\u00ebzimi i shum\u00ebfisht\u00eb jan\u00eb karakteristika t\u00eb pakontestueshme n\u00eb kompanin\u00eb ton\u00eb<\/p>\n\t\t\t\t\t\t\t\t\t\t\n\t\t\t\t\t\t\t\t\t<\/div>\n\t\t\t<\/div>\n\t\t<\/div>\n\t<\/div><\/div><div class=\"kc-elm kc-css-303677 kc_col-sm-4 kc_column kc_col-sm-4\"><div class=\"kc-col-container\">\t\t\n\t\t<div class=\"rst_iconbox rst_style_1 text-left rst_control  kc-elm kc-css-879979\">\n\t\t\t<div class=\"rst_iconunder\">\n\t\t\t\t<i class=\"rst_icon fa-desktop\"><\/i>\n\t\t\t<\/div>\n\t\t\t<div class=\"rst_content\">\n\t\t\t\t<div class=\"rst_icon\">\n\t\t\t\t\t\t\t\t\t\t\t\t\t<img decoding=\"async\" src=\"https:\/\/dekoll.al\/termax\/wp-content\/uploads\/2018\/04\/numri5.png\" alt=\"\" \/>\n\t\t\t\t\t\t\t\t\t\t\t<\/div>\n\t\t\t\t<div class=\"rst_info\">\n\t\t\t\t\t\n\t\t\t\t\t\t\t\t\t\t\t<h6>Siguri Automatizim <\/h6>\n\t\t\t\t\t\t\t\t\t\t\n\t\t\t\t\t\t\t\t\t\t\n\t\t\t\t\t\t\t\t\t\t\t<p>Respektimi i mjedisit dhe minimizimin e ndikimeve negative q\u00eb vijn\u00eb nga jasht\u00eb \u00ebsht\u00eb misioni dhe vizioni yn\u00eb kryesor<\/p>\n\t\t\t\t\t\t\t\t\t\t\n\t\t\t\t\t\t\t\t\t<\/div>\n\t\t\t<\/div>\n\t\t<\/div>\n\t<\/div><\/div><div class=\"kc-elm kc-css-364978 kc_col-sm-4 kc_column kc_col-sm-4\"><div class=\"kc-col-container\">\t\t\n\t\t<div class=\"rst_iconbox rst_style_1 text-left rst_control  kc-elm kc-css-158202\">\n\t\t\t<div class=\"rst_iconunder\">\n\t\t\t\t<i class=\"rst_icon fa-desktop\"><\/i>\n\t\t\t<\/div>\n\t\t\t<div class=\"rst_content\">\n\t\t\t\t<div class=\"rst_icon\">\n\t\t\t\t\t\t\t\t\t\t\t\t\t<img decoding=\"async\" src=\"https:\/\/dekoll.al\/termax\/wp-content\/uploads\/2018\/04\/numri6.png\" alt=\"\" \/>\n\t\t\t\t\t\t\t\t\t\t\t<\/div>\n\t\t\t\t<div class=\"rst_info\">\n\t\t\t\t\t\n\t\t\t\t\t\t\t\t\t\t\t<h6>Vizion Koherenc\u00eb<\/h6>\n\t\t\t\t\t\t\t\t\t\t\n\t\t\t\t\t\t\t\t\t\t\n\t\t\t\t\t\t\t\t\t\t\t<p>Izolimi efikas ndaj nxeht\u00ebsis\u00eb dhe temperaturave t\u00eb luhatshme dhuron ambjente komod<\/p>\n\t\t\t\t\t\t\t\t\t\t\n\t\t\t\t\t\t\t\t\t<\/div>\n\t\t\t<\/div>\n\t\t<\/div>\n\t<\/div><\/div><\/div><\/div><\/section><\/p>\n","protected":false},"excerpt":{"rendered":"","protected":false},"author":1,"featured_media":328,"parent":0,"menu_order":0,"comment_status":"closed","ping_status":"closed","template":"","meta":{"footnotes":""},"_links":{"self":[{"href":"https:\/\/dekoll.al\/termax\/wp-json\/wp\/v2\/pages\/45"}],"collection":[{"href":"https:\/\/dekoll.al\/termax\/wp-json\/wp\/v2\/pages"}],"about":[{"href":"https:\/\/dekoll.al\/termax\/wp-json\/wp\/v2\/types\/page"}],"author":[{"embeddable":true,"href":"https:\/\/dekoll.al\/termax\/wp-json\/wp\/v2\/users\/1"}],"replies":[{"embeddable":true,"href":"https:\/\/dekoll.al\/termax\/wp-json\/wp\/v2\/comments?post=45"}],"version-history":[{"count":48,"href":"https:\/\/dekoll.al\/termax\/wp-json\/wp\/v2\/pages\/45\/revisions"}],"predecessor-version":[{"id":441,"href":"https:\/\/dekoll.al\/termax\/wp-json\/wp\/v2\/pages\/45\/revisions\/441"}],"wp:featuredmedia":[{"embeddable":true,"href":"https:\/\/dekoll.al\/termax\/wp-json\/wp\/v2\/media\/328"}],"wp:attachment":[{"href":"https:\/\/dekoll.al\/termax\/wp-json\/wp\/v2\/media?parent=45"}],"curies":[{"name":"wp","href":"https:\/\/api.w.org\/{rel}","templated":true}]}}