{"id":2141,"date":"2022-09-14T12:10:51","date_gmt":"2022-09-14T12:10:51","guid":{"rendered":"https:\/\/dekoll.al\/pinto\/?post_type=product&#038;p=2141"},"modified":"2022-09-27T08:53:24","modified_gmt":"2022-09-27T08:53:24","slug":"marmotex-silikoni","status":"publish","type":"product","link":"https:\/\/dekoll.al\/pinto\/product\/marmotex-silikoni\/","title":{"rendered":"Marmotex Silikoni"},"content":{"rendered":"<p>Produkti p\u00ebrzihet derisa t\u00eb formohet nj\u00eb mas\u00eb homogjene dhe leht\u00ebsisht e aplikueshme. P\u00ebrzierja mund t\u00eb b\u00ebhet me nj\u00eb p\u00ebrzier\u00ebs elektrik me xhiro t\u00eb ngadalta. Duhet treguar kujdes q\u00eb p\u00ebrzier\u00ebsi t\u00eb jet\u00eb plot\u00ebsisht i past\u00ebr nga mbetje pigmentesh t\u00eb ndryshme p\u00ebr t\u00eb shmangur \u00e7do ndryshim n\u00eb produktin e formuar. Aplikimi i produktit realizohet n\u00eb m\u00ebnyr\u00eb manuale n\u00ebp\u00ebrmjet nj\u00eb malle dhe punohet n\u00eb drejtim horizontal, vertikal ose rrethor n\u00eb var\u00ebsi t\u00eb efektit estetik q\u00eb d\u00ebshiron t\u00eb realizosh. E gatshme per aplikim ne forme paste, e bardhe ose me ngjyre. E disponueshme ne granulometri te ndryshme.<\/p>\n<p>Pamja: Paste Ngjyra: E bardhe Paketimi: Kove plastike 25 kg Djegshm\u00ebria: I padjegsh\u00ebm Forca ngjitese: 0.4 MPa Dend\u00ebsia : 1,85 \u00b1 0.05kg\/lt Koha e punueshmerise: 20 min ne 20\u00b0C Temperatura e aplikimit: +5\u00b0C deri +35\u00b0C dhe lageshtia relative me e ulet se 80%. pH i p\u00ebrzierjes: 8 \u2013 9 Rezistenca ndaj lageshtires: E mire Ruajtja: 24 muaj ne paketim origjinal. Ruhet ne vende te mbrojtura nga ekspozimi ne diell. Mbrojeni nga ngricat.<\/p>\n","protected":false},"excerpt":{"rendered":"<p>Shtrese perfundimtare dekorative akrilike p\u00ebr p\u00ebrdorim fasadash t\u00eb jashtme por edhe siperfaqesh te brendshme. Ky produkt formon nje strukture te qendrueshme, rezistente ndaj kushteve atmosferike dhe formimit te myqeve sepse lejon pershkueshmerine e avujve. Eshte nje produkt i thjesht ne aplikim, me shtrirje dhe ngjitje shume te mire.<\/p>\n","protected":false},"featured_media":2140,"template":"","meta":[],"product_cat":[72,74],"product_tag":[],"class_list":["post-2141","product","type-product","status-publish","has-post-thumbnail","hentry","product_cat-veshje-dekorative-akrilike","product_cat-grafiato"],"_links":{"self":[{"href":"https:\/\/dekoll.al\/pinto\/wp-json\/wp\/v2\/product\/2141","targetHints":{"allow":["GET"]}}],"collection":[{"href":"https:\/\/dekoll.al\/pinto\/wp-json\/wp\/v2\/product"}],"about":[{"href":"https:\/\/dekoll.al\/pinto\/wp-json\/wp\/v2\/types\/product"}],"wp:featuredmedia":[{"embeddable":true,"href":"https:\/\/dekoll.al\/pinto\/wp-json\/wp\/v2\/media\/2140"}],"wp:attachment":[{"href":"https:\/\/dekoll.al\/pinto\/wp-json\/wp\/v2\/media?parent=2141"}],"wp:term":[{"taxonomy":"product_cat","embeddable":true,"href":"https:\/\/dekoll.al\/pinto\/wp-json\/wp\/v2\/product_cat?post=2141"},{"taxonomy":"product_tag","embeddable":true,"href":"https:\/\/dekoll.al\/pinto\/wp-json\/wp\/v2\/product_tag?post=2141"}],"curies":[{"name":"wp","href":"https:\/\/api.w.org\/{rel}","templated":true}]}}