{"id":2137,"date":"2022-09-14T12:08:36","date_gmt":"2022-09-14T12:08:36","guid":{"rendered":"https:\/\/dekoll.al\/pinto\/?post_type=product&#038;p=2137"},"modified":"2022-09-27T09:26:01","modified_gmt":"2022-09-27T09:26:01","slug":"gratex","status":"publish","type":"product","link":"https:\/\/dekoll.al\/pinto\/product\/gratex\/","title":{"rendered":"Gratex"},"content":{"rendered":"<p>Produkti p\u00ebrzihet derisa t\u00eb formohet nj\u00eb mas\u00eb homogjene dhe leht\u00ebsisht e aplikueshme. P\u00ebrzierja mund t\u00eb b\u00ebhet me nj\u00eb p\u00ebrzier\u00ebs elektrik me xhiro t\u00eb ngadalta. Duhet treguar kujdes q\u00eb p\u00ebrzier\u00ebsi t\u00eb jet\u00eb plot\u00ebsisht i past\u00ebr nga mbetje pigmentesh t\u00eb ndryshme p\u00ebr t\u00eb shmangur \u00e7do ndryshim n\u00eb produktin e formuar. Aplikimi i produktit realizohet n\u00eb m\u00ebnyr\u00eb manuale n\u00ebp\u00ebrmjet nj\u00eb malle dhe punohet n\u00eb drejtim horizontal, vertikal ose rrethor n\u00eb var\u00ebsi t\u00eb efektit estetik q\u00eb d\u00ebshiron t\u00eb realizosh. E gatshme per aplikim ne forme paste, e bardhe ose me ngjyre. E disponueshme ne granulometri te ndryshme.<\/p>\n<p>Ngjyra: E bardhe<br \/>\nPamja: Paste<br \/>\nPaketimi: Kove plastike 25 kg<br \/>\nDjegshm\u00ebria: I padjegsh\u00ebm<br \/>\nForca ngjitese: 0.4 MPa<br \/>\nDend\u00ebsia : 1,85 \u00b1 0.05kg\/lt<br \/>\nKoha e punueshmerise: 20 min ne 20\u00b0C<br \/>\nTemperatura e aplikimit: +5\u00b0C deri +35\u00b0C dhe lageshtia relative me e ulet se 80%.<br \/>\npH i p\u00ebrzierjes: 8 \u2013 9<br \/>\nRezistenca ndaj lageshtires: E mire<br \/>\nRuajtja: 24 muaj n\u00eb paketim origjinal. Ruhet n\u00eb vende t\u00eb mbrojtura nga ekspozimi<br \/>\nn\u00eb diell. Mbrojeni nga ngricat.<br \/>\nKoha e tharjes: 24-48 ore ne varesi te temperatures dhe lageshtise se ambjentit.<\/p>\n","protected":false},"excerpt":{"rendered":"<p>Shtrese perfundimtare dekorative akrilike p\u00ebr p\u00ebrdorim fasadash t\u00eb jashtme por edhe siperfaqesh te brendshme. Ky produkt formon nje strukture te qendrueshme, rezistente ndaj kushteve atmosferike si rrezeve te diellit dhe formimit te myqeve sepse lejon pershkueshmerine e avujve. Eshte nje produkt i thjesht ne aplikim, me shtrirje dhe ngjitje shume te mire.<\/p>\n","protected":false},"featured_media":2221,"template":"","meta":[],"product_cat":[72,74],"product_tag":[],"class_list":["post-2137","product","type-product","status-publish","has-post-thumbnail","hentry","product_cat-veshje-dekorative-akrilike","product_cat-grafiato"],"_links":{"self":[{"href":"https:\/\/dekoll.al\/pinto\/wp-json\/wp\/v2\/product\/2137","targetHints":{"allow":["GET"]}}],"collection":[{"href":"https:\/\/dekoll.al\/pinto\/wp-json\/wp\/v2\/product"}],"about":[{"href":"https:\/\/dekoll.al\/pinto\/wp-json\/wp\/v2\/types\/product"}],"wp:featuredmedia":[{"embeddable":true,"href":"https:\/\/dekoll.al\/pinto\/wp-json\/wp\/v2\/media\/2221"}],"wp:attachment":[{"href":"https:\/\/dekoll.al\/pinto\/wp-json\/wp\/v2\/media?parent=2137"}],"wp:term":[{"taxonomy":"product_cat","embeddable":true,"href":"https:\/\/dekoll.al\/pinto\/wp-json\/wp\/v2\/product_cat?post=2137"},{"taxonomy":"product_tag","embeddable":true,"href":"https:\/\/dekoll.al\/pinto\/wp-json\/wp\/v2\/product_tag?post=2137"}],"curies":[{"name":"wp","href":"https:\/\/api.w.org\/{rel}","templated":true}]}}