{"id":2136,"date":"2022-09-14T11:53:53","date_gmt":"2022-09-14T11:53:53","guid":{"rendered":"https:\/\/dekoll.al\/pinto\/?post_type=product&#038;p=2136"},"modified":"2022-09-27T09:02:00","modified_gmt":"2022-09-27T09:02:00","slug":"beton-primer","status":"publish","type":"product","link":"https:\/\/dekoll.al\/pinto\/product\/beton-primer\/","title":{"rendered":"Beton Primer"},"content":{"rendered":"<p>P\u00ebrdoret p\u00ebr trajtimin e sip\u00ebrfaqeve t\u00eb l\u00ebmuara t\u00eb betonit t\u00eb cilat m\u00eb pas do t\u00eb mbushen me lla\u00e7 mbush\u00ebs,fino,etj. P\u00ebrdoret si izolues, fiksuesi sip\u00ebrfaqeve q\u00eb m\u00eb pas do t\u00eb lyhen ose do t\u00eb vishen me shtresa t\u00eb tjera si lla\u00e7, fino, etj.Produkti aplikohet me fur\u00e7\u00eb ose me rul n\u00eb m\u00ebnyr\u00eb uniforme n\u00eb t\u00eb gjith\u00eb sip\u00ebrfaqen. Duhen pritur 12-24 or\u00eb q\u00eb BETON PRIMER t\u00eb thahet n\u00eb var\u00ebsi t\u00eb temperatur\u00ebs t\u00eb aplikohet produkti pasardh\u00ebs mbi emperaturat e ul\u00ebta si dhe prania e lag\u00ebshtir\u00ebs rrisin ndjesh\u00ebm koh\u00ebn e tharjes. Nuk duhet t\u00eb aplikohet kur suporti ka temperatur\u00eb m\u00eb t\u00eb ul\u00ebt se +5\u00b0C dhe duhet t\u00eb sigurohemi q\u00eb deri n\u00eb 24 or\u00eb pas aplikimit nuk do t\u00eb laget.<\/p>\n<p>Lloji: Shtres\u00eb lidh\u00ebse p\u00ebr trajtimin e sip\u00ebrfaqeve t\u00eb betonit. Densiteti (EN ISO 2811-1): 1.62 \u00b1 0,02gr \/ cm3 Hollimi: 10% me uje te past\u00ebr Viskoziteti: 130-140 KU (25\u00b0C) Koha e tharjes: Thahet pas 12-24 oresh. Koha e tharjes varet nga kushtet e motit (temperatura, lag\u00ebshtia). VOC ne produktin e gatshem: \u2264 10 VOC emetimi ne ambient: \u2264 0.2 Norma e mbulimit: 4-5 m2 \/kg n\u00eb sip\u00ebrfaqet e p\u00ebrgatitura per lyerje, n\u00eb var\u00ebsi t\u00eb thithshmeris\u00eb s\u00eb sip\u00ebrfaqes. Djegshm\u00ebria: I padjegshm\u00ebm Temperatura per aplikim: +5\u00b0 deri ne +35\u00b0C dhe lageshtia relative me e ulet se 80%. Paketimi: 20kg. Ruajtja: 24 muaj n\u00eb paketim origjinal. Ruhet ne vende te mbrojtura nga ekspozimi ne diell. Mbrojeni nga ngricat.<\/p>\n","protected":false},"excerpt":{"rendered":"<p>Shtres\u00eb lidh\u00ebse q\u00eb p\u00ebrdoret p\u00ebr trajtimin e sip\u00ebrfaqeve t\u00eb l\u00ebmuara t\u00eb betonit p\u00ebr brenda dhe jasht\u00eb.\u2022\u00cbsht\u00eb material i l\u00ebngsh\u00ebm me baz\u00eb rr\u00ebshire akrilike, q\u00eb p\u00ebrdoret p\u00ebr trajtimin e sip\u00ebrfaqeve t\u00eb l\u00ebmuara t\u00eb betonit. \u2022Siguron nj\u00eb lidhje shum\u00eb t\u00eb mir\u00eb midis betonit dhe shtresave mbush\u00ebse si lla\u00e7, fino, stuko, hdroizolues, etj. \u2022P\u00ebrdorimi i k\u00ebtij materiali eleminon nevoj\u00ebn e p\u00ebrdorimit t\u00eb sprucos s\u00eb \u00e7imentos n\u00eb sip\u00ebrfaqe t\u00eb l\u00ebmuara t\u00eb betonit. \u2022Trajtimi i sip\u00ebrfaqeve me BETON PRIMER siguron nj\u00eb punueshm\u00ebri mjaft t\u00eb mir\u00eb si dhe leht\u00ebsi t\u00eb dukshme n\u00eb aplikimin e shtresave t\u00eb tjera. \u2022Uniformizon shkall\u00ebn e absorbueshm\u00ebris\u00eb s\u00eb sip\u00ebrfaqes ku do t\u00eb aplikohet.<\/p>\n","protected":false},"featured_media":2214,"template":"","meta":[],"product_cat":[72,73],"product_tag":[],"class_list":["post-2136","product","type-product","status-publish","has-post-thumbnail","hentry","product_cat-veshje-dekorative-akrilike","product_cat-astare-veshje-dekorative-akrilike"],"_links":{"self":[{"href":"https:\/\/dekoll.al\/pinto\/wp-json\/wp\/v2\/product\/2136","targetHints":{"allow":["GET"]}}],"collection":[{"href":"https:\/\/dekoll.al\/pinto\/wp-json\/wp\/v2\/product"}],"about":[{"href":"https:\/\/dekoll.al\/pinto\/wp-json\/wp\/v2\/types\/product"}],"wp:featuredmedia":[{"embeddable":true,"href":"https:\/\/dekoll.al\/pinto\/wp-json\/wp\/v2\/media\/2214"}],"wp:attachment":[{"href":"https:\/\/dekoll.al\/pinto\/wp-json\/wp\/v2\/media?parent=2136"}],"wp:term":[{"taxonomy":"product_cat","embeddable":true,"href":"https:\/\/dekoll.al\/pinto\/wp-json\/wp\/v2\/product_cat?post=2136"},{"taxonomy":"product_tag","embeddable":true,"href":"https:\/\/dekoll.al\/pinto\/wp-json\/wp\/v2\/product_tag?post=2136"}],"curies":[{"name":"wp","href":"https:\/\/api.w.org\/{rel}","templated":true}]}}