{"id":2135,"date":"2022-09-14T11:53:47","date_gmt":"2022-09-14T11:53:47","guid":{"rendered":"https:\/\/dekoll.al\/pinto\/?post_type=product&#038;p=2135"},"modified":"2022-09-27T09:02:50","modified_gmt":"2022-09-27T09:02:50","slug":"astar-grafiato","status":"publish","type":"product","link":"https:\/\/dekoll.al\/pinto\/product\/astar-grafiato\/","title":{"rendered":"Astar Grafiato"},"content":{"rendered":"<p>Produkti aplikohet me fur\u00e7\u00eb ose me rul n\u00eb m\u00ebnyr\u00eb uniforme n\u00eb t\u00eb gjith\u00eb sip\u00ebrfaqen. Duhet t\u00eb prisni 12-24 or\u00eb q\u00eb Astar Grafiato Dekoll Liquid t\u00eb thahet (n\u00eb var\u00ebsi t\u00eb temperatur\u00ebs) p\u00ebrpara se te aplikoni produktin perfundimtar mbi suport. Temperaturat e ulta si edhe prania e lag\u00ebshtir\u00ebs rrisin ndjesh\u00ebm koh\u00ebn e tharjes s\u00eb produktit. Nuk duhet t\u00eb aplikohet n\u00eb temperatura me t\u00eb ul\u00ebta se +5\u00b0C dhe m\u00eb t\u00eb larta se +35\u00b0C.<\/p>\n<p>Lloji: Shtres\u00eb lidh\u00ebse p\u00ebr trajtimin e sip\u00ebrfaqeve ku do te aplikohet Grafiato Densiteti (EN ISO 2811-1): 1.45 \u00b1 0.05 kg\/lt Hollimi: 10-30% me uje te past\u00ebr Viskoziteti: 100-115 KU (25\u00b0C) Koha e tharjes: Thahet pas 12-24 oresh. Koha e tharjes varet nga kushtet e motit (temperatura, lag\u00ebshtia). VOC ne produktin e gatshem: \u2264 10 VOC emetimi ne ambient: \u2264 0.2 Norma e mbulimit: 5-6 m2 \/L n\u00eb sip\u00ebrfaqet e p\u00ebrgatitura per lyerje, n\u00eb var\u00ebsi t\u00eb thithshmeris\u00eb s\u00eb sip\u00ebrfaqes. Djegshm\u00ebria: I padjegshm\u00ebm Temperatura per aplikim: +5\u00b0 deri ne +35\u00b0C dhe lageshtia relative me e ulet se 80%. Paketimi: 9L. Ruajtja: 24 muaj n\u00eb paketim origjinal. Ruhet ne vende te mbrojtura nga ekspozimi ne diell. Mbrojeni nga ngricat.<\/p>\n","protected":false},"excerpt":{"rendered":"<p>\u00cbsht\u00eb nj\u00eb material i l\u00ebngsh\u00ebm me baz\u00eb rezine akrilike, rezistent ndaj alkaleve.Trajtimi i sip\u00ebrfaqeve me Astar Gra fiatoDekoll Liquid siguron punueshm\u00ebri mjaft t\u00eb mir\u00eb si edhe leht\u00ebsi t\u00eb dukshme n\u00eb punimin e shtresave dekorative. Krijon nj\u00eb izolim dhe nj\u00eb lidhje shum\u00eb t\u00eb mir\u00eb sip\u00ebrfaqeve t\u00eb trajtuara me shtres\u00ebn dekorative. T\u00eb gjitha karakteristikat teknike t\u00eb veshjeve dekorative q\u00eb do t\u00eb p\u00ebrdoren jan\u00eb t\u00eb lidhura ngusht\u00eb me vetit\u00eb e astarit q\u00eb do t\u00eb aplikohet paraprakisht. Astar Grafiato Dekoll Liquid redukton ndjesh\u00ebm aft\u00ebsin\u00eb absorbuese t\u00eb sip\u00ebrfaqes ndaj ujit. Uniformizon shkall\u00ebn e absorbueshm\u00ebris\u00eb s\u00eb sip\u00ebrfaqes ku do t\u00eb aplikohet.<\/p>\n","protected":false},"featured_media":2216,"template":"","meta":[],"product_cat":[72,73],"product_tag":[],"class_list":["post-2135","product","type-product","status-publish","has-post-thumbnail","hentry","product_cat-veshje-dekorative-akrilike","product_cat-astare-veshje-dekorative-akrilike"],"_links":{"self":[{"href":"https:\/\/dekoll.al\/pinto\/wp-json\/wp\/v2\/product\/2135","targetHints":{"allow":["GET"]}}],"collection":[{"href":"https:\/\/dekoll.al\/pinto\/wp-json\/wp\/v2\/product"}],"about":[{"href":"https:\/\/dekoll.al\/pinto\/wp-json\/wp\/v2\/types\/product"}],"wp:featuredmedia":[{"embeddable":true,"href":"https:\/\/dekoll.al\/pinto\/wp-json\/wp\/v2\/media\/2216"}],"wp:attachment":[{"href":"https:\/\/dekoll.al\/pinto\/wp-json\/wp\/v2\/media?parent=2135"}],"wp:term":[{"taxonomy":"product_cat","embeddable":true,"href":"https:\/\/dekoll.al\/pinto\/wp-json\/wp\/v2\/product_cat?post=2135"},{"taxonomy":"product_tag","embeddable":true,"href":"https:\/\/dekoll.al\/pinto\/wp-json\/wp\/v2\/product_tag?post=2135"}],"curies":[{"name":"wp","href":"https:\/\/api.w.org\/{rel}","templated":true}]}}