{"id":2132,"date":"2022-09-14T11:50:21","date_gmt":"2022-09-14T11:50:21","guid":{"rendered":"https:\/\/dekoll.al\/pinto\/?post_type=product&#038;p=2132"},"modified":"2022-09-14T11:51:25","modified_gmt":"2022-09-14T11:51:25","slug":"pinto-e-30","status":"publish","type":"product","link":"https:\/\/dekoll.al\/pinto\/product\/pinto-e-30\/","title":{"rendered":"Pinto E-30"},"content":{"rendered":"<p>I p\u00ebrshtatsh\u00ebm p\u00ebr ngjitjen e pllakave t\u00eb qeramik\u00ebs, gresit, gres-porcelanit, p\u00ebr dysheme dhe mure me baz\u00eb \u00e7imento, n\u00eb ambjente t\u00eb jashme dhe t\u00eb br\u00ebndshme. I p\u00ebrshtatsh\u00ebm p\u00ebr ngjitjen e pllakave me dimensione 5-45 cm. T\u00eb gjitha tipet e suporteve me baz\u00eb \u00e7imento duhet t\u00eb pastrohen paraprakisht p\u00ebrpara se t\u00eb aplikohet produkti. Suporti mund t\u00eb p\u00ebrmbaj\u00eb papast\u00ebrti t\u00eb tilla si pluhura, vajra apo mbetje t\u00eb ndryshme q\u00eb ndikojn\u00eb negativisht n\u00eb aplikimin e ngjitesit. Pastrimi mund t\u00eb b\u00ebhet n\u00eb m\u00ebnyr\u00eb mekanike. P\u00ebrpara aplkimit t\u00eb produktit sip\u00ebrfaqja e suportit duhet t\u00eb sp\u00ebrkatet me uj\u00eb n\u00eb m\u00ebnyr\u00eb q\u00eb produkti t\u00eb krijoj\u00eb nj\u00eb ngjitje sa m\u00eb t\u00eb mir\u00eb dhe t\u00eb ket\u00eb nj\u00eb koh\u00eb punueshm\u00ebrie sa m\u00eb optimale.<\/p>\n<p>Ngjyra: E bardh\u00eb,Gri Konsumi: 3-5 kg\/m2 Koha e magazinimit: 12 muaj nga data prodhimit Masa v\u00ebllimiore: 1.6-1.7 gr\/cm3 pH i p\u00ebrzierjes: 13 Uj\u00eb p\u00ebr p\u00ebrzjerje: 6.5-7 litra uj\u00eb p\u00ebr thes 25kg Temperatura e aplikimit: +5 0 c deri n\u00eb +35 0c. Koha e korigjimit: 30min Mbushja e fugave n\u00eb mure: Pas 8 deri 12 or\u00ebsh Mbushja e fugave n\u00eb dysheme: Pas 24 or\u00ebsh I shkelsh\u00ebm: Pas 24 or\u00ebsh Forca ngjit\u00ebse pas 28dit\u00ebsh(kushte normale): \u2265 1 N\/mm2 Forca ngjit\u00ebse pas zhytjes n\u00eb uj\u00eb: \u2265 1 N\/mm2 Forca ngjit\u00ebse n\u00eb nxeht\u00ebsi: \u2265 1 N\/mm2 Forca ngjit\u00ebse pas cikleve ngrirje-shkrirje: \u2265 1 N\/mm2 Reaksioni ndaj zjarrit: Klasi A1 Forca ngjit\u00ebse pas 30minutash: \u2265 0.5 N\/mm2 Rr\u00ebshkitshm\u00ebria: \u22640.5 mm Magazinimi: T\u00eb ruhet ne vende t\u00eb thata mbi paleta druri Pamja: Pluhur Paketimi: Thas\u00eb letre 25kg n\u00eb palet\u00eb me 1350 kg.<\/p>\n","protected":false},"excerpt":{"rendered":"<p>Ngjit\u00ebs p\u00ebr pllaka me baz\u00eb \u00e7imento me forc\u00eb ngjitese te permiresuar . Karakterizohet nga nj\u00eb punueshm\u00ebri shum\u00eb e mir\u00eb, rezistenc\u00eb t\u00eb mir\u00eb ndaj lag\u00ebshtis\u00eb dhe fort\u00ebsi t\u00eb nj\u00ebtrajtshme. I klasifikuar si ngjit\u00ebs C2E sipas standartit EN 12004.<\/p>\n","protected":false},"featured_media":2133,"template":"","meta":[],"product_cat":[71],"product_tag":[],"class_list":["post-2132","product","type-product","status-publish","has-post-thumbnail","hentry","product_cat-ngjites-pllakash"],"_links":{"self":[{"href":"https:\/\/dekoll.al\/pinto\/wp-json\/wp\/v2\/product\/2132","targetHints":{"allow":["GET"]}}],"collection":[{"href":"https:\/\/dekoll.al\/pinto\/wp-json\/wp\/v2\/product"}],"about":[{"href":"https:\/\/dekoll.al\/pinto\/wp-json\/wp\/v2\/types\/product"}],"wp:featuredmedia":[{"embeddable":true,"href":"https:\/\/dekoll.al\/pinto\/wp-json\/wp\/v2\/media\/2133"}],"wp:attachment":[{"href":"https:\/\/dekoll.al\/pinto\/wp-json\/wp\/v2\/media?parent=2132"}],"wp:term":[{"taxonomy":"product_cat","embeddable":true,"href":"https:\/\/dekoll.al\/pinto\/wp-json\/wp\/v2\/product_cat?post=2132"},{"taxonomy":"product_tag","embeddable":true,"href":"https:\/\/dekoll.al\/pinto\/wp-json\/wp\/v2\/product_tag?post=2132"}],"curies":[{"name":"wp","href":"https:\/\/api.w.org\/{rel}","templated":true}]}}