{"id":2131,"date":"2022-09-14T11:50:16","date_gmt":"2022-09-14T11:50:16","guid":{"rendered":"https:\/\/dekoll.al\/pinto\/?post_type=product&#038;p=2131"},"modified":"2022-09-14T11:52:08","modified_gmt":"2022-09-14T11:52:08","slug":"pinto-e-40","status":"publish","type":"product","link":"https:\/\/dekoll.al\/pinto\/product\/pinto-e-40\/","title":{"rendered":"Pinto E-40"},"content":{"rendered":"<p>I p\u00ebrshtatsh\u00ebm p\u00ebr ngjitjen e pllakave t\u00eb qeramik\u00ebs n\u00eb suporte me baz\u00eb: \u00e7imento, gres-porcelanit, klinkerit, mermerit, pllakave t\u00eb gurit, mozaikeve t\u00eb pllakave me absorbim t\u00eb ul\u00ebt dhe spesor t\u00eb lart\u00eb, n\u00eb banjo, ballkone, p\u00ebr dysheme dhe mure n\u00eb ambjente t\u00eb jashtme dhe t\u00eb br\u00ebndshme ku ka prani lag\u00ebshtie. I rekomanduesh\u00ebm p\u00ebr fasada t\u00eb larta, tarraca dhe p\u00ebr ambjente me ngrohje q\u00ebndrore. I p\u00ebrshtatsh\u00ebm p\u00ebr ngjitjen e pllakave me dimensione 5-120 cm.<\/p>\n<p>Pamja: Pluhur Ngjyra: E bardh\u00eb,Gri Paketimi: Thas\u00eb letre 25kg n\u00eb palet\u00eb me 1350 kg. Konsumi p\u00ebr formate t\u00eb vogla: 2-3 kg\/m2 Konsumi p\u00ebr formate t\u00eb m\u00ebdha: 4-5 kg\/m2 Koha e magazinimit: 12 muaj nga data prodhimit pH i p\u00ebrzierjes: 13 Masa vellimore: 1.65 \u2013 1.75 gr\/cm3 Uj\u00eb p\u00ebr p\u00ebrzjerje: 7-8 litra uj\u00eb p\u00ebr thes 25kg Temperatura e aplikimit: +5 0 c deri n\u00eb +35 0c. Koha e korigjimit 35min Mbushja e fugave n\u00eb mure: Pas 8 deri 12 or\u00ebsh Mbushja e fugave n\u00eb dysheme: Pas 24 or\u00ebsh I shkelsh\u00ebm: Pas 24 or\u00ebsh Forca ngjit\u00ebse pas 28dit\u00ebsh(kushte normale): \u2265 1 N\/mm2 Forca ngjit\u00ebse pas zhytjes n\u00eb uj\u00eb: \u2265 1 N\/mm2 Forca ngjit\u00ebse n\u00eb nxeht\u00ebsi: \u2265 1 N\/mm2 Forca ngjit\u00ebse pas cikleve ngrirje-shkrirje: \u2265 1 N\/mm2 Reaksioni ndaj zjarrit: Klasi A1 Forca ngjit\u00ebse pas 30minutash: \u2265 0.5 N\/mm2 Rr\u00ebshkitshm\u00ebria: \u22640.5 mm.<\/p>\n","protected":false},"excerpt":{"rendered":"<p>Ngjit\u00ebs p\u00ebr pllaka me baz\u00eb \u00e7imento (C) shum\u00eb cil\u00ebsor, i p\u00ebrb\u00ebr\u00eb nga r\u00ebra karbonati dhe mermeri t\u00eb cil\u00ebsis\u00eb s\u00eb lart\u00eb, rezina sintetike dhe additiv\u00eb specifike me forc\u00eb ngjit\u00ebse t\u00eb p\u00ebrmir\u00ebsuar (2), rezistent ndaj rr\u00ebshkitjes (T) dhe koh\u00eb hapje t\u00eb gjat\u00eb (E). Karakterizohet nga nj\u00eb punu\u00ebshm\u00ebri e shk\u00eblqyer, rezistenc\u00eb t\u00eb lart\u00eb ndaj lag\u00ebshtis\u00eb dhe fort\u00ebsi t\u00eb nj\u00ebtrajtshme. Aplikohet p\u00ebr shtresa n\u00eb trash\u00ebsi deri n\u00eb 15 mm. I klasifikuar si ngjit\u00ebs C2TES1 sipas standartit EN 12004.<\/p>\n","protected":false},"featured_media":2134,"template":"","meta":[],"product_cat":[71],"product_tag":[],"class_list":["post-2131","product","type-product","status-publish","has-post-thumbnail","hentry","product_cat-ngjites-pllakash"],"_links":{"self":[{"href":"https:\/\/dekoll.al\/pinto\/wp-json\/wp\/v2\/product\/2131","targetHints":{"allow":["GET"]}}],"collection":[{"href":"https:\/\/dekoll.al\/pinto\/wp-json\/wp\/v2\/product"}],"about":[{"href":"https:\/\/dekoll.al\/pinto\/wp-json\/wp\/v2\/types\/product"}],"wp:featuredmedia":[{"embeddable":true,"href":"https:\/\/dekoll.al\/pinto\/wp-json\/wp\/v2\/media\/2134"}],"wp:attachment":[{"href":"https:\/\/dekoll.al\/pinto\/wp-json\/wp\/v2\/media?parent=2131"}],"wp:term":[{"taxonomy":"product_cat","embeddable":true,"href":"https:\/\/dekoll.al\/pinto\/wp-json\/wp\/v2\/product_cat?post=2131"},{"taxonomy":"product_tag","embeddable":true,"href":"https:\/\/dekoll.al\/pinto\/wp-json\/wp\/v2\/product_tag?post=2131"}],"curies":[{"name":"wp","href":"https:\/\/api.w.org\/{rel}","templated":true}]}}