{"id":2129,"date":"2022-09-14T11:50:09","date_gmt":"2022-09-14T11:50:09","guid":{"rendered":"https:\/\/dekoll.al\/pinto\/?post_type=product&#038;p=2129"},"modified":"2022-09-14T11:50:09","modified_gmt":"2022-09-14T11:50:09","slug":"pinto-e-20","status":"publish","type":"product","link":"https:\/\/dekoll.al\/pinto\/product\/pinto-e-20\/","title":{"rendered":"Pinto E-20"},"content":{"rendered":"<p>PINTO E20 rekomandohet p\u00ebr ngjitjen e pllakave t\u00eb qeramik\u00ebs dhe gresit n\u00eb ambjente t\u00eb br\u00ebndshme dhe te jashtme .I pershtatshem per perdorim ne suporte te qendueshme me baze cimento si beton , cimento , suva . Konsumi 3-4.5 kg\/m\u00b2, sipas dimensioneve t\u00eb dh\u00ebmbezimit t\u00eb shpatull\u00ebs dhe tipit t\u00eb bazamentit.<\/p>\n<p>Pamja: Pluhur Ngjyra: E bardh\u00eb Paketimi:Thas\u00eb letre 25kg n\u00eb palet\u00eb me 1350 kg Konsumi:3-4.5 kg\/m2 Magazinimi:T\u00eb ruhet ne vende t\u00eb thata mbi paleta druri Koha e magazinimit:12 muaj nga data prodhimit Masa v\u00ebllimiore:1.9 gr\/cm3 pH i p\u00ebrzierjes:13 Uj\u00eb p\u00ebr p\u00ebrzjerje: 6 litra uj\u00eb p\u00ebr thes 25kg Temperatura e aplikimit: +5 0c deri n\u00eb +35 0c.Koha e korigjimit 30min Mbushja e fugave n\u00eb mure: Pas 8 deri ne 12 or\u00ebsh Mbushja e fugave n\u00eb dysheme: Pas 24 or\u00ebsh I shkelsh\u00ebm: Pas 24 or\u00ebsh Forca ngjit\u00ebse pas 28dit\u00ebsh: \u2265 1 N\/mm2 Forca ngjit\u00ebse pas zhytjes n\u00eb uj\u00eb: \u2265 1 N\/mm2 Forca ngjit\u00ebse pas reaksionit nga ngrohja: \u2265 1 N\/mm2 Forca ngjit\u00ebse pas cikleve ngrirje-shkrirje: \u2265 1 N\/mm2 Reaksioni ndaj zjarrit: Klasi A1 Forca ngjit\u00ebse pas 30minutash: \u2265 0.5 N\/mm2 Rr\u00ebshkitshm\u00ebria: \u2264 0.5 mm.<\/p>\n","protected":false},"excerpt":{"rendered":"<p>Ngjit\u00ebs p\u00ebr pllaka me baz\u00eb \u00e7imento (C ) , me forc\u00eb ngjitese te permiresuar (2) , pa rreshkitshmeri vertikale (T ). I perbere nga rere mermeri me granulometri te seleksionuar duke i atribuar ngjitesit bardhesi te vecante . I klasifikuar si ngjit\u00ebs C2T sipas standartit EN 12004. Karakterizohet : \u2022 Punueshmeri shume e mire \u2022 I pershtatshem per aplikime te brendshme dhe te jashtme \u2022 Per pllaka te dimensioneve te vogla dhe te mesme \u2022 I pershtatshem per te gjitha llojet e pllakave te qeramikes , gresit etj.<\/p>\n","protected":false},"featured_media":2130,"template":"","meta":[],"product_cat":[71],"product_tag":[],"class_list":["post-2129","product","type-product","status-publish","has-post-thumbnail","hentry","product_cat-ngjites-pllakash"],"_links":{"self":[{"href":"https:\/\/dekoll.al\/pinto\/wp-json\/wp\/v2\/product\/2129","targetHints":{"allow":["GET"]}}],"collection":[{"href":"https:\/\/dekoll.al\/pinto\/wp-json\/wp\/v2\/product"}],"about":[{"href":"https:\/\/dekoll.al\/pinto\/wp-json\/wp\/v2\/types\/product"}],"wp:featuredmedia":[{"embeddable":true,"href":"https:\/\/dekoll.al\/pinto\/wp-json\/wp\/v2\/media\/2130"}],"wp:attachment":[{"href":"https:\/\/dekoll.al\/pinto\/wp-json\/wp\/v2\/media?parent=2129"}],"wp:term":[{"taxonomy":"product_cat","embeddable":true,"href":"https:\/\/dekoll.al\/pinto\/wp-json\/wp\/v2\/product_cat?post=2129"},{"taxonomy":"product_tag","embeddable":true,"href":"https:\/\/dekoll.al\/pinto\/wp-json\/wp\/v2\/product_tag?post=2129"}],"curies":[{"name":"wp","href":"https:\/\/api.w.org\/{rel}","templated":true}]}}