{"id":2128,"date":"2022-09-14T11:47:51","date_gmt":"2022-09-14T11:47:51","guid":{"rendered":"https:\/\/dekoll.al\/pinto\/?post_type=product&#038;p=2128"},"modified":"2022-09-27T09:03:46","modified_gmt":"2022-09-27T09:03:46","slug":"pintoplan-c-5","status":"publish","type":"product","link":"https:\/\/dekoll.al\/pinto\/product\/pintoplan-c-5\/","title":{"rendered":"PintoPlan C-5"},"content":{"rendered":"<p>P\u00ebr rrafshimin e t\u00eb gjitha tipeve t\u00eb pllakave t\u00eb izolimit termik, p\u00ebr veshje fasadash dhe xokolaturash. I p\u00ebrshtatsh\u00ebm dhe p\u00ebr p\u00ebrforcimin e bazamenteve minerale p\u00ebr veshje t\u00eb m\u00ebvonshmedekorative.Bazamenti duhet t\u00eb jet\u00eb i past\u00ebr pa pluhura, vajra apo mbetje t\u00eb cilat b\u00ebhen penges\u00eb n\u00eb lidhjen midis shtresave. Pastrimi i bazamentit b\u00ebhet n\u00eb m\u00ebnyr\u00eb mekanike ose manuale. P\u00ebr bazamente q\u00eb nuk jan\u00eb t\u00eb q\u00ebndruesh\u00ebm \u00ebsht\u00eb e domosdoshme vendosja e kunjave fiksuese. Koha e punueshm\u00ebris\u00eb s\u00eb p\u00ebrzieries \u00ebsht\u00eb 2-3or\u00eb. N\u00eb kushte normale temperaturash (20\u00b0 C).<\/p>\n<p>Pamja:Pluhur Ngjyra: E bardhe Paketimi:25kg mbi paleta1350kg Kokrrizimi:0.7mm Magazinimi: Te ruhet ne vende te thata mbi paleta druri Koha e magazinimit:12 muaj nga data e prodhimit Uje per perzierje:6-6.5 litra uje per thes 25kg Temperatura aplikimit:+5\u00b0C deri ne +35 \u00b0C Trashesia e aplikimit:Deri ne 3mm Masa vellimore:1.6-1.7gr\/cm3 Konsumi:2-3kg\/m2 Ngjitja ne EPS(28 dite) 10\/Nmm2 Reaksioni ndaj zjarrit:Klasi A1.<\/p>\n","protected":false},"excerpt":{"rendered":"<p>Astar universal me baz\u00eb \u00e7imento t\u00eb bardh\u00eb i perforcuar me fibra , nivelues dhe rrafshues p\u00ebr pllaka izolimi termik (EPS), si dhe mbi suva mbush\u00ebse me baz\u00eb \u00e7imento\u2013g\u00eblqere, p\u00ebr fasad\u00eb dhe xokolatur\u00eb. G\u00ebzon aft\u00ebsi shum\u00eb t\u00eb mira n\u00eb punim dhe rezistenc\u00eb t\u00eb lart\u00eb kundra lag\u00ebshtir\u00ebs. Trash\u00ebsia maksimale e shtres\u00ebs deri n\u00eb 3mm.<\/p>\n","protected":false},"featured_media":2217,"template":"","meta":[],"product_cat":[70],"product_tag":[],"class_list":["post-2128","product","type-product","status-publish","has-post-thumbnail","hentry","product_cat-sistem-termoizolimi"],"_links":{"self":[{"href":"https:\/\/dekoll.al\/pinto\/wp-json\/wp\/v2\/product\/2128","targetHints":{"allow":["GET"]}}],"collection":[{"href":"https:\/\/dekoll.al\/pinto\/wp-json\/wp\/v2\/product"}],"about":[{"href":"https:\/\/dekoll.al\/pinto\/wp-json\/wp\/v2\/types\/product"}],"wp:featuredmedia":[{"embeddable":true,"href":"https:\/\/dekoll.al\/pinto\/wp-json\/wp\/v2\/media\/2217"}],"wp:attachment":[{"href":"https:\/\/dekoll.al\/pinto\/wp-json\/wp\/v2\/media?parent=2128"}],"wp:term":[{"taxonomy":"product_cat","embeddable":true,"href":"https:\/\/dekoll.al\/pinto\/wp-json\/wp\/v2\/product_cat?post=2128"},{"taxonomy":"product_tag","embeddable":true,"href":"https:\/\/dekoll.al\/pinto\/wp-json\/wp\/v2\/product_tag?post=2128"}],"curies":[{"name":"wp","href":"https:\/\/api.w.org\/{rel}","templated":true}]}}