{"id":2127,"date":"2022-09-14T11:47:31","date_gmt":"2022-09-14T11:47:31","guid":{"rendered":"https:\/\/dekoll.al\/pinto\/?post_type=product&#038;p=2127"},"modified":"2022-09-27T09:04:21","modified_gmt":"2022-09-27T09:04:21","slug":"pintofix-c-10","status":"publish","type":"product","link":"https:\/\/dekoll.al\/pinto\/product\/pintofix-c-10\/","title":{"rendered":"PintoFix C-10"},"content":{"rendered":"<p>Per ngjitjen e te gjitha tipeve te pllakave per sistemin e izolimit termik per veshje fasadash dhe xokolaturash mbi mure tulle, bazamente me suva dhe beton.Bazamenti duhet t\u00eb jet\u00eb i past\u00ebr pa pluhur, vajra apo mbetje t\u00eb cilat b\u00ebhen penges\u00eb n\u00eb lidhjen midis shtresave. Pastrimi i bazamentit b\u00ebhet n\u00eb m\u00ebnyr\u00eb mekanike ose manuale. P\u00ebr bazamente q\u00eb nuk jan\u00eb t\u00eb q\u00ebndruesh\u00ebm \u00ebsht\u00eb e domosdoshme vendosja e kujnave fiksuese. Koha e punueshm\u00ebris\u00eb s\u00eb p\u00ebrzierjes \u00ebsht\u00eb 2-3 or\u00eb, n\u00eb kushte normale temperaturash (20\u00b0 C).<\/p>\n<p>Pamja: Pluhur Kokrrizimi 0.7 mm Paketimi: 25kg Konsumi: 3-5 kg\/m2 Trash\u00ebsia e aplikimit: Deri n\u00eb 30mm Koha e magazinimit: 12 muaj nga data prodhimit Masa v\u00ebllimiore: 1.6-1.7 gr\/cm3 Uj\u00eb p\u00ebr p\u00ebrzjerje: 6-6.5 litra uj\u00eb p\u00ebr thes 25kg Temperatura e aplikimit: +5 0 c deri n\u00eb +35 0c. Ngjitja n\u00eb beton (28dit\u00eb): 0.7 N\/mm2 Ngjitja n\u00eb EPS (28dit\u00eb): 0.1 N\/mm2 Reaksioni ndaj zjarrit: Klasi A1.<\/p>\n","protected":false},"excerpt":{"rendered":"<p>Ngjit\u00ebs me baze cimento , i perforcuar me fibra , p\u00ebr pllaka izolimi termik, EPS , p\u00ebr fasad\u00eb dhe xokolatur\u00eb. G\u00ebzon aft\u00ebsi shum\u00eb t\u00eb mira n\u00eb punim dhe rezistenc\u00eb t\u00eb lart\u00eb kundra leg\u00ebshtir\u00ebs. Trash\u00ebsia maksimale e shtres\u00ebs deri n\u00eb 30 mm.<\/p>\n","protected":false},"featured_media":2218,"template":"","meta":[],"product_cat":[70],"product_tag":[],"class_list":["post-2127","product","type-product","status-publish","has-post-thumbnail","hentry","product_cat-sistem-termoizolimi"],"_links":{"self":[{"href":"https:\/\/dekoll.al\/pinto\/wp-json\/wp\/v2\/product\/2127","targetHints":{"allow":["GET"]}}],"collection":[{"href":"https:\/\/dekoll.al\/pinto\/wp-json\/wp\/v2\/product"}],"about":[{"href":"https:\/\/dekoll.al\/pinto\/wp-json\/wp\/v2\/types\/product"}],"wp:featuredmedia":[{"embeddable":true,"href":"https:\/\/dekoll.al\/pinto\/wp-json\/wp\/v2\/media\/2218"}],"wp:attachment":[{"href":"https:\/\/dekoll.al\/pinto\/wp-json\/wp\/v2\/media?parent=2127"}],"wp:term":[{"taxonomy":"product_cat","embeddable":true,"href":"https:\/\/dekoll.al\/pinto\/wp-json\/wp\/v2\/product_cat?post=2127"},{"taxonomy":"product_tag","embeddable":true,"href":"https:\/\/dekoll.al\/pinto\/wp-json\/wp\/v2\/product_tag?post=2127"}],"curies":[{"name":"wp","href":"https:\/\/api.w.org\/{rel}","templated":true}]}}