{"id":2123,"date":"2022-09-14T11:43:35","date_gmt":"2022-09-14T11:43:35","guid":{"rendered":"https:\/\/dekoll.al\/pinto\/?post_type=product&#038;p=2123"},"modified":"2022-09-27T09:05:09","modified_gmt":"2022-09-27T09:05:09","slug":"pinto-finish","status":"publish","type":"product","link":"https:\/\/dekoll.al\/pinto\/product\/pinto-finish\/","title":{"rendered":"Pinto Finish"},"content":{"rendered":"<p>P\u00ebrdoret p\u00ebr stukimin e mureve, tavaneve n\u00eb siperfaqet karton gips,fino dhe n\u00eb suva ,p\u00ebr ambjente t\u00eb br\u00ebndshme te cilat do te mbulohen me vone me boje ,leter muri apo veshje dekorative. Stukoja e patinimit duhet t\u00eb aplikohet n\u00eb temperatur\u00eb nga +5\u00b0C deri n\u00eb +35\u00b0C.<\/p>\n<p>Pamja: Pluhur Kokrrizimi &lt; 0.1mm Paketimi: Thas\u00eb letre 15kg n\u00eb palet\u00eb me 1080 kg. Trash\u00ebsia e aplikimit: 3mm Shtresa e aplikimit: 2 duar Koha e pritjes p\u00ebr dor\u00ebn e dyt\u00eb: 1 or\u00eb Magazinimi: T\u00eb ruhet n\u00eb v\u00ebnde t\u00eb thata mbi paleta druri ,12 muaj nga data e prodhimit Masa v\u00ebllimiore n\u00eb t\u00eb that\u00eb: 1.15 gr\/cm3 Konsumi: 1.3 -1.5 kg\/m2\/mm Uj\u00eb p\u00ebr p\u00ebrzjerje: 5.5-6 litra uj\u00eb p\u00ebr thes Temperatura e aplikimit: +5 0 c deri n\u00eb +35 0c. Rezistenca n\u00eb shtypje (28dit\u00eb): \u2265 1.6 N\/mm2 Absorbimi ujit: Kategoria W0 Reaksioni ndaj zjarrit: Klasi A1.<\/p>\n","protected":false},"excerpt":{"rendered":"<p>Stuko patinimi me baz\u00eb \u00e7imento t\u00eb bardh\u00eb, e p\u00ebrb\u00ebr\u00eb nga g\u00eblqere e hidratuar, r\u00ebr\u00eb t\u00eb cil\u00ebsis\u00eb s\u00eb lart\u00eb, rezina sintetike specilale dhe aditiv\u00eb specifik\u00eb.Karakterizohet nga nj\u00eb punueshm\u00ebri e shk\u00eblqyer, hapje shum\u00eb e mir\u00eb si n\u00eb sip\u00ebrfaqe horizontale ashtu dhe vertikale. Lejohet aplikimi deri n\u00eb 3 mm trash\u00ebsi. Pas f\u00ebrkimit me let\u00ebr smerile jep nj\u00eb rifiniture t\u00eb l\u00ebmuar.<\/p>\n","protected":false},"featured_media":2219,"template":"","meta":[],"product_cat":[69],"product_tag":[],"class_list":["post-2123","product","type-product","status-publish","has-post-thumbnail","hentry","product_cat-rifinitura"],"_links":{"self":[{"href":"https:\/\/dekoll.al\/pinto\/wp-json\/wp\/v2\/product\/2123","targetHints":{"allow":["GET"]}}],"collection":[{"href":"https:\/\/dekoll.al\/pinto\/wp-json\/wp\/v2\/product"}],"about":[{"href":"https:\/\/dekoll.al\/pinto\/wp-json\/wp\/v2\/types\/product"}],"wp:featuredmedia":[{"embeddable":true,"href":"https:\/\/dekoll.al\/pinto\/wp-json\/wp\/v2\/media\/2219"}],"wp:attachment":[{"href":"https:\/\/dekoll.al\/pinto\/wp-json\/wp\/v2\/media?parent=2123"}],"wp:term":[{"taxonomy":"product_cat","embeddable":true,"href":"https:\/\/dekoll.al\/pinto\/wp-json\/wp\/v2\/product_cat?post=2123"},{"taxonomy":"product_tag","embeddable":true,"href":"https:\/\/dekoll.al\/pinto\/wp-json\/wp\/v2\/product_tag?post=2123"}],"curies":[{"name":"wp","href":"https:\/\/api.w.org\/{rel}","templated":true}]}}