{"id":2121,"date":"2022-09-14T11:41:03","date_gmt":"2022-09-14T11:41:03","guid":{"rendered":"https:\/\/dekoll.al\/pinto\/?post_type=product&#038;p=2121"},"modified":"2022-09-14T11:41:03","modified_gmt":"2022-09-14T11:41:03","slug":"pintolac-3-ne-1","status":"publish","type":"product","link":"https:\/\/dekoll.al\/pinto\/product\/pintolac-3-ne-1\/","title":{"rendered":"Pintolac 3 n\u00eb 1"},"content":{"rendered":"<p>Aplikimi direkt ne siperfaqe te ndryshkura.Efekt dekorative nga pigmentet metalike.Mbrojtje nga kushtet atmosferike.Siperfaqet metalike duhet te jene te pastra,te thata dhe te lira nga ndryshku.Vajrat dhe papastertite duhet te largohen duke perdorur leter zmerile te duhur.Aplikoni nje ose dy duar PINTOLAC.Kur te jete thare komplet mund te zmerilohet me leter abrasive t\u00eb posa\u00e7me, duke siguruar nj\u00eb lidhje t\u00eb fort\u00eb nj\u00ebra dor\u00eb me tjetr\u00ebn. Trajtime t\u00eb tilla si zmerilimi mund t\u00eb gjenerojn\u00eb pluhur dhe tymra t\u00eb rrezikshme. Punoni n\u00eb vende t\u00eb aj\u00ebrosura mir\u00eb dhe p\u00ebrdorni paisje personale t\u00eb p\u00ebrshtatshme p\u00ebr frym\u00ebmarrje n\u00ebse \u00ebsht\u00eb e nevojshme. Largoni sa m\u00eb shum\u00eb boj\u00eb nga fur\u00e7at dhe paisjet para pastrimit t\u00eb tyre. Pastroni fur\u00e7at dhe paisjet me tret\u00ebs menj\u00ebher\u00eb pas p\u00ebrdorimit.<\/p>\n<p>Lloji: Boj\u00eb dekorative, astar, antikorroziv Densiteti (EN ISO 2811-1): 1.6-1.7 \u00b1 0,02 gr\/cm3 Hollimi: Deri ne 10% me DILUENT p\u00ebr fur\u00e7\u00eb dhe rul, nd\u00ebrsa p\u00ebr pistolet\u00eb deri n\u00eb 20%. Viskoziteti: 100-110 KU (25\u00b0C) Koha e tharjes: 1 or\u00eb. Rilyhet pas 16 or\u00ebsh. Koha e tharjes varet nga kushtet e motit (temperatura, lag\u00ebshtia). VOC ne produktin e gatshem: \u2264 100 VOC emetimi ne ambient: \u2265 20 Norma e mbulimit: 8-10 m2 \/L p\u00ebr shtres\u00eb (dor\u00eb); n\u00eb sip\u00ebrfaqet e p\u00ebrgatitura per lyerje, n\u00eb var\u00ebsi t\u00eb thithshmeris\u00eb s\u00eb sip\u00ebrfaqes. Metoda e aplikimit: Fur\u00e7\u00eb, rul ose pistolet\u00eb Temperatura per aplikim: +8\u00b0C deri ne +30\u00b0C dhe lageshti relative me e ulet se 80%. Paketimi: 0.75L, 2.5L. Ruajtja: 24 muaj n\u00eb paketim origjinal. Ruhet ne vende te mbrojtura nga ekspozimi ne diell. Mbrojeni nga ngricat.<\/p>\n","protected":false},"excerpt":{"rendered":"<p>Boje dekorative me shkelqim, mebaze rezine alkidi dhe pigmente antikorrozive e cila aplikohet direkt ne siperfaqet e ndryshkura.Zgjidhja me e mire per lyerjen e siperfaqeve te reja dhe te vjetra metalikesi dyer,kangjella dhe konstruksione metalike.Mbulon shum mire,ka qendrueshmeri te larte.Thahet shpejte dhe ka rendiment te larte,ruan fortesine dhe shkelqimin per nje kohe te gjate. <\/p>\n","protected":false},"featured_media":2122,"template":"","meta":[],"product_cat":[68],"product_tag":[],"class_list":["post-2121","product","type-product","status-publish","has-post-thumbnail","hentry","product_cat-boje-per-hekur-dtm"],"_links":{"self":[{"href":"https:\/\/dekoll.al\/pinto\/wp-json\/wp\/v2\/product\/2121","targetHints":{"allow":["GET"]}}],"collection":[{"href":"https:\/\/dekoll.al\/pinto\/wp-json\/wp\/v2\/product"}],"about":[{"href":"https:\/\/dekoll.al\/pinto\/wp-json\/wp\/v2\/types\/product"}],"wp:featuredmedia":[{"embeddable":true,"href":"https:\/\/dekoll.al\/pinto\/wp-json\/wp\/v2\/media\/2122"}],"wp:attachment":[{"href":"https:\/\/dekoll.al\/pinto\/wp-json\/wp\/v2\/media?parent=2121"}],"wp:term":[{"taxonomy":"product_cat","embeddable":true,"href":"https:\/\/dekoll.al\/pinto\/wp-json\/wp\/v2\/product_cat?post=2121"},{"taxonomy":"product_tag","embeddable":true,"href":"https:\/\/dekoll.al\/pinto\/wp-json\/wp\/v2\/product_tag?post=2121"}],"curies":[{"name":"wp","href":"https:\/\/api.w.org\/{rel}","templated":true}]}}