{"id":2118,"date":"2022-09-14T11:38:32","date_gmt":"2022-09-14T11:38:32","guid":{"rendered":"https:\/\/dekoll.al\/pinto\/?post_type=product&#038;p=2118"},"modified":"2022-09-14T11:38:32","modified_gmt":"2022-09-14T11:38:32","slug":"stonelac-mat","status":"publish","type":"product","link":"https:\/\/dekoll.al\/pinto\/product\/stonelac-mat\/","title":{"rendered":"Stonelac Mat"},"content":{"rendered":"<p>Llaku i gurit ka ngjitje t\u00eb mir\u00eb, \u00ebsht\u00eb nj\u00eb shtres\u00eb e pap\u00ebrshkueshme nga uji me rezistenc\u00eb t\u00eb lart\u00eb ndaj kushteve t\u00eb motit. Ruan elasticitetin dhe mbron sip\u00ebrfaqen nga ndotja atmosferike. Thekson dhe ruan ngjyr\u00ebn natyrore t\u00eb materialeve.<\/p>\n<p>Lloji: Llak guri transparent akrilik Densiteti (EN ISO 2811-1): 0.9 \u00b1 0,02 gr\/cm3 Hollimi: I gatsh\u00ebm p\u00ebr aplikim Viskoziteti: 50-60 KU (25\u00b0C) Koha e tharjes: 1-2 ore. Dora e dyt\u00eb i kalohet 4-6 or\u00eb pas aplikimit t\u00eb dor\u00ebs s\u00eb par\u00eb. Kjo varet nga kushtet e motit (temperatura, lag\u00ebshtia) dhe trashesia e filmit te aplikuar. VOC ne produktin e gatshem: \u2264 100 VOC emetimi ne ambient: \u2265 20 Norma e mbulimit: 6-8 m2 \/L p\u00ebr shtres\u00eb (dor\u00eb); n\u00eb sip\u00ebrfaqet e p\u00ebrgatitura per lyerje, n\u00eb var\u00ebsi t\u00eb thithshmeris\u00eb s\u00eb sip\u00ebrfaqes. Metoda e aplikimit: Fur\u00e7\u00eb, rul ose pistolet\u00eb Temperatura per aplikim: +8\u00b0C deri ne +30\u00b0C dhe lageshti relative me e ulet se 80%. Paketimi: 1L, 5L,10L, 20L. Ruajtja: 24 muaj n\u00eb paketim origjinal. Ruhet ne vende te mbrojtura nga ekspozimi ne diell. Mbrojeni nga ngricat.<\/p>\n","protected":false},"excerpt":{"rendered":"<p>STONELAC MAT \u00ebsht\u00eb llak transparent akrilik pa shk\u00eblqim, baz\u00eb solventi p\u00ebr gur\u00eb dhe materiale nd\u00ebrtimi artificiale. Ai \u00ebsht\u00eb i p\u00ebrshtatsh\u00ebm p\u00ebr mbrojtjen dhe dekorimin e mureve, oxhaqeve, sip\u00ebrfaqeve t\u00eb tjera t\u00eb cilat jan\u00eb b\u00ebr\u00eb nga materiale natyrore t\u00eb nd\u00ebrtimit t\u00eb tilla si gur\u00eb, mermer, pllaka t\u00eb tipit Malta, gur\u00eb poroze ose materialeve t\u00eb nd\u00ebrtimit artificiale t\u00eb tilla si tulla, pllaka, qeramika, etj.<\/p>\n","protected":false},"featured_media":2119,"template":"","meta":[],"product_cat":[67],"product_tag":[],"class_list":["post-2118","product","type-product","status-publish","has-post-thumbnail","hentry","product_cat-llak-guri"],"_links":{"self":[{"href":"https:\/\/dekoll.al\/pinto\/wp-json\/wp\/v2\/product\/2118","targetHints":{"allow":["GET"]}}],"collection":[{"href":"https:\/\/dekoll.al\/pinto\/wp-json\/wp\/v2\/product"}],"about":[{"href":"https:\/\/dekoll.al\/pinto\/wp-json\/wp\/v2\/types\/product"}],"wp:featuredmedia":[{"embeddable":true,"href":"https:\/\/dekoll.al\/pinto\/wp-json\/wp\/v2\/media\/2119"}],"wp:attachment":[{"href":"https:\/\/dekoll.al\/pinto\/wp-json\/wp\/v2\/media?parent=2118"}],"wp:term":[{"taxonomy":"product_cat","embeddable":true,"href":"https:\/\/dekoll.al\/pinto\/wp-json\/wp\/v2\/product_cat?post=2118"},{"taxonomy":"product_tag","embeddable":true,"href":"https:\/\/dekoll.al\/pinto\/wp-json\/wp\/v2\/product_tag?post=2118"}],"curies":[{"name":"wp","href":"https:\/\/api.w.org\/{rel}","templated":true}]}}