{"id":2116,"date":"2022-09-14T11:35:10","date_gmt":"2022-09-14T11:35:10","guid":{"rendered":"https:\/\/dekoll.al\/pinto\/?post_type=product&#038;p=2116"},"modified":"2022-09-14T11:36:44","modified_gmt":"2022-09-14T11:36:44","slug":"wood-decor","status":"publish","type":"product","link":"https:\/\/dekoll.al\/pinto\/product\/wood-decor\/","title":{"rendered":"Wood Decor"},"content":{"rendered":"<p>Siperfaqet e reja te drurit duhet te jene te lemuara, te pastra, te thata dhe pa prani vajrash. P\u00ebrzjeni mir\u00eb p\u00ebrpara p\u00ebrdorimit dhe p\u00ebrs\u00ebriteni p\u00ebrzierjen sipas nevojes. Aplikoni nj\u00eb ose m\u00eb shum\u00eb shtresa me furc\u00eb, rul apo pistolet\u00eb pa e holluar. Mos e aplikoni n\u00eb temperatura m\u00eb t\u00eb ul\u00ebta se 5oC dhe m\u00eb t\u00eb larta se 35oC , lag\u00ebshtir\u00eb relative m\u00eb t\u00eb lart\u00eb se 80% ose kur lag\u00ebshtira e drurit i kalon 18%. Thahet n\u00eb sip\u00ebrfaqe mbas 2-3 or\u00eb dhe rilyhet mbas 8-10 or\u00ebsh . Mbas tharjes totale aplikoni si shtres\u00eb finale Wood Varnish. Koha e tharjes varet nga kushtet atmosferike. Ngjyra finale e sip\u00ebrfaqes s\u00eb drurit \u00ebsht\u00eb e lidhur me ngjyr\u00ebn e tij origjinale, damar\u00ebt dhe absorbimin.<\/p>\n<p>Lloji: Boj\u00eb p\u00ebr dru dhe antimol Densiteti (EN ISO 2811-1): 0,82 \u00b1 0,02 gr\/cm3 Hollimi: I gatsh\u00ebm p\u00ebr p\u00ebrdorim Viskoziteti: 40-50 KU (25\u00b0C) Koha e tharjes: : 2-3 or\u00eb; Kjo varet nga kushtet e motit (temperatura, lag\u00ebshtia) dhe trash\u00ebsia e filmit te aplikuar. Dora e dyt\u00eb i kalohet 8-10 or\u00eb pas aplikimit t\u00eb dor\u00ebs s\u00eb par\u00eb. VOC ne produktin e gatshem: \u2264 100 VOC emetimi ne ambient: \u2265 20 Norma e mbulimit: 12-16 m2 \/L p\u00ebr shtres\u00eb (dor\u00eb); n\u00eb sip\u00ebrfaqet e p\u00ebrgatitura per lyerje, n\u00eb var\u00ebsi t\u00eb thithshmeris\u00eb s\u00eb sip\u00ebrfaqes. Metoda e aplikimit: Fur\u00e7\u00eb, rul ose pistolet\u00eb Temperatura per aplikim: +5\u00b0C deri ne +35\u00b0C dhe lageshti relative me e ulet se 80%. Paketimi: 0.75L, 2.5L Ruajtja: 24 muaj n\u00eb paketim origjinal. Ruhet ne vende te mbrojtura nga ekspozimi ne diell. Mbrojeni nga ngricat.<\/p>\n","protected":false},"excerpt":{"rendered":"<p>Wood Decor eshte nje produkt i cili ruan natyralitetin e drurit dhe e mbron ate ndaj insekteve (moles). Mbrojtja efektive dhe afatgjate e drurit mund te arrihet duke perdorur kete produkt, e formuluar per ti rezistuar kushteve te pafavorshme atmosferike te zonave bregdetare dhe malore, si edhe rrezeve te forta te diellit gjithmone i shoqeruar me Wood Varnish. Eshte i pershtatshem per perdorim te brendshem dhe te jashtem.<\/p>\n","protected":false},"featured_media":2117,"template":"","meta":[],"product_cat":[66],"product_tag":[],"class_list":["post-2116","product","type-product","status-publish","has-post-thumbnail","hentry","product_cat-llak-druri"],"_links":{"self":[{"href":"https:\/\/dekoll.al\/pinto\/wp-json\/wp\/v2\/product\/2116","targetHints":{"allow":["GET"]}}],"collection":[{"href":"https:\/\/dekoll.al\/pinto\/wp-json\/wp\/v2\/product"}],"about":[{"href":"https:\/\/dekoll.al\/pinto\/wp-json\/wp\/v2\/types\/product"}],"wp:featuredmedia":[{"embeddable":true,"href":"https:\/\/dekoll.al\/pinto\/wp-json\/wp\/v2\/media\/2117"}],"wp:attachment":[{"href":"https:\/\/dekoll.al\/pinto\/wp-json\/wp\/v2\/media?parent=2116"}],"wp:term":[{"taxonomy":"product_cat","embeddable":true,"href":"https:\/\/dekoll.al\/pinto\/wp-json\/wp\/v2\/product_cat?post=2116"},{"taxonomy":"product_tag","embeddable":true,"href":"https:\/\/dekoll.al\/pinto\/wp-json\/wp\/v2\/product_tag?post=2116"}],"curies":[{"name":"wp","href":"https:\/\/api.w.org\/{rel}","templated":true}]}}