{"id":2113,"date":"2022-09-14T11:31:34","date_gmt":"2022-09-14T11:31:34","guid":{"rendered":"https:\/\/dekoll.al\/pinto\/?post_type=product&#038;p=2113"},"modified":"2022-09-14T11:32:36","modified_gmt":"2022-09-14T11:32:36","slug":"pintosmalt-rapid","status":"publish","type":"product","link":"https:\/\/dekoll.al\/pinto\/product\/pintosmalt-rapid\/","title":{"rendered":"Pintosmalt Rapid"},"content":{"rendered":"<p>Sip\u00ebrfaqet metalike duhet t\u00eb jen\u00eb t\u00eb pastra, t\u00eb thata dhe pa pluhura. Para se t\u00eb lyhet ajo duhet t\u00eb g\u00ebrryhet me let\u00ebr t\u00eb p\u00ebrshtatshme zmerili. N\u00eb qofte se sip\u00ebrfaqja \u00ebsht\u00eb metalike, \u00ebsht\u00eb mir\u00eb t\u00eb aplikojm\u00eb nj\u00eb dor\u00eb METAL PRIMER RAPID. P\u00ebr sip\u00ebrfaqe t\u00eb drunjta para se t\u2019i lyejme, b\u00ebjm\u00eb p\u00ebrgatitjet paraprake (zmerilim, lyerje me astar t\u00eb p\u00ebrshtatsh\u00ebm). Mbas p\u00ebrgatitjes s\u00eb sip\u00ebrfaqes, i japim dy duar me PINTOSMALT RAPID.<\/p>\n<p>Lloji: Boj\u00eb p\u00ebr hekur me baz\u00eb alkide me tharje t\u00eb shpejt\u00eb Densiteti (EN ISO 2811-1): 0.92 &#8211; 1,17 \u00b1 0,02 gr\/cm3 Hollimi: 5-10% me DILUENT p\u00ebr fur\u00e7\u00eb dhe rul, nd\u00ebrsa p\u00ebr pistolet\u00eb 10-20%. Viskoziteti:115-125 KU (25\u00b0C) Koha e tharjes: 20 min. Dora e dyt\u00eb i kalohet 1 or\u00eb pas aplikimit t\u00eb dor\u00ebs s\u00eb par\u00eb. Kjo varet nga kushtet e motit (temperatura, lag\u00ebshtia). VOC ne produktin e gatshem: \u2264 100 VOC emetimi ne ambient: \u2265 20 Norma e mbulimit: 14-17 m2 \/L p\u00ebr shtres\u00eb (dor\u00eb); n\u00eb sip\u00ebrfaqet e p\u00ebrgatitura per lyerje, n\u00eb var\u00ebsi t\u00eb thithshmeris\u00eb s\u00eb sip\u00ebrfaqes. Metoda e aplikimit: Fur\u00e7\u00eb, rul ose pistolet\u00eb Temperatura per aplikim: +8\u00b0C deri ne +30\u00b0C dhe lageshti relative me e ulet se 80%. Paketimi: 0.75L, 2.5L Ruajtja: 24 muaj n\u00eb paketim origjinal. Ruhet ne vende te mbrojtura nga ekspozimi ne diell. Mbrojeni nga ngricat.<\/p>\n","protected":false},"excerpt":{"rendered":"<p>PINTOSMALT RAPID \u00ebsht\u00eb boj\u00eb me baz\u00eb alkide. Shfaq rezistenc\u00eb t\u00eb lart\u00eb, siguron mbrojtje t\u00eb strukturave prej hekuri dhe \u00e7eliku si dhe mir\u00ebmbajtje e riparim t\u00eb sip\u00ebrfaqes p\u00ebr nj\u00eb koh\u00eb t\u00eb gjat\u00eb. \u00cbsht\u00eb e p\u00ebrshtatshme p\u00ebr sip\u00ebrfaqje t\u00eb br\u00ebndshme dhe t\u00eb jashtme, qofshin ato metalike ose t\u00eb drunjta. Jep nj\u00eb p\u00ebrfundim elastik,t\u00eb fort\u00eb dhe nj\u00ebkoh\u00ebsisht durueshm\u00ebri t\u00eb jasht\u00ebzakonshme kundrejt ndotjeve dhe kushteve atmosferike. P\u00ebrdoret p\u00ebr lyerjen e konstruksioneve metalike n\u00eb ambiente industriale, si psh: kapanone, ura, shkalle.<\/p>\n","protected":false},"featured_media":2111,"template":"","meta":[],"product_cat":[63,65],"product_tag":[],"class_list":["post-2113","product","type-product","status-publish","has-post-thumbnail","hentry","product_cat-produkte-per-metale","product_cat-bojera-per-metale"],"_links":{"self":[{"href":"https:\/\/dekoll.al\/pinto\/wp-json\/wp\/v2\/product\/2113","targetHints":{"allow":["GET"]}}],"collection":[{"href":"https:\/\/dekoll.al\/pinto\/wp-json\/wp\/v2\/product"}],"about":[{"href":"https:\/\/dekoll.al\/pinto\/wp-json\/wp\/v2\/types\/product"}],"wp:featuredmedia":[{"embeddable":true,"href":"https:\/\/dekoll.al\/pinto\/wp-json\/wp\/v2\/media\/2111"}],"wp:attachment":[{"href":"https:\/\/dekoll.al\/pinto\/wp-json\/wp\/v2\/media?parent=2113"}],"wp:term":[{"taxonomy":"product_cat","embeddable":true,"href":"https:\/\/dekoll.al\/pinto\/wp-json\/wp\/v2\/product_cat?post=2113"},{"taxonomy":"product_tag","embeddable":true,"href":"https:\/\/dekoll.al\/pinto\/wp-json\/wp\/v2\/product_tag?post=2113"}],"curies":[{"name":"wp","href":"https:\/\/api.w.org\/{rel}","templated":true}]}}