{"id":2108,"date":"2022-09-14T11:12:27","date_gmt":"2022-09-14T11:12:27","guid":{"rendered":"https:\/\/dekoll.al\/pinto\/?post_type=product&#038;p=2108"},"modified":"2022-09-14T11:13:56","modified_gmt":"2022-09-14T11:13:56","slug":"metal-primer","status":"publish","type":"product","link":"https:\/\/dekoll.al\/pinto\/product\/metal-primer\/","title":{"rendered":"Metal Primer"},"content":{"rendered":"<p>Sip\u00ebrfaqet metalike duhet t\u00eb jen\u00eb t\u00eb pastra, t\u00eb thata dhe t\u00eb lira nga ndryshku dhe vajrat. Papastertit\u00eb duhet t\u00eb largohen duke p\u00ebrdorur let\u00ebr zmerile t\u00eb duhur. Aplikoni nj\u00eb ose dy duar METAL PRIMER p\u00ebr mbrojtjen e duhur kund\u00ebr ndryshkut. Kur t\u00eb jet\u00eb thar\u00eb komplet mund t\u00eb zmerilohet me let\u00ebr abrasive t\u00eb posa\u00e7me, duke siguruar nj\u00eb lidhje t\u00eb fort\u00eb me boj\u00ebn p\u00ebrfundimtare (PINTOSMALT). Trajtime t\u00eb tilla si zmerilimi mund t\u00eb gjenerojn\u00eb pluhur dhe tymra t\u00eb rrezikshme. Punoni n\u00eb vende t\u00eb ajrosura mir\u00eb dhe p\u00ebrdorni paisje personale t\u00eb p\u00ebrshtatshme p\u00ebr frym\u00ebmarrje n\u00ebse \u00ebsht\u00eb e nevojshme.<\/p>\n<p>Lloji: Astar kundra ndryshkut Densiteti (EN ISO 2811-1): 1.33-1.43 \u00b1 0,02 gr\/cm3 Hollimi: 5-10% me DILUENT p\u00ebr fur\u00e7\u00eb dhe rul, nd\u00ebrsa p\u00ebr pistolet\u00eb 20-30%. Viskoziteti: 100-110 KU (25\u00b0C) Koha e tharjes: 30 min. Kjo varet nga kushtet e motit (temperatura, lag\u00ebshtia). Shtresa finale PINTO SMALTO i kalohet 2 or\u00eb pas aplikimit t\u00eb Metal Primer. VOC ne produktin e gatshem: \u2264 100 VOC emetimi ne ambient: \u2265 20 Norma e mbulimit: 8-10 m2 \/L p\u00ebr shtres\u00eb (dor\u00eb); n\u00eb sip\u00ebrfaqet e p\u00ebrgatitura per lyerje, n\u00eb var\u00ebsi t\u00eb thithshmeris\u00eb s\u00eb sip\u00ebrfaqes. Metoda e aplikimit: Fur\u00e7\u00eb, rul ose pistolet\u00eb Temperatura per aplikim: +8\u00b0C deri ne +30\u00b0C dhe lageshti relative me e ulet se 80%. Paketimi: 0.75L, 2.5L Ruajtja: 24 muaj n\u00eb paketim origjinal. Ruhet ne vende te mbrojtura nga ekspozimi ne diell. Mbrojeni nga ngricat.<\/p>\n","protected":false},"excerpt":{"rendered":"<p>Astar kundra ndryshkut me baz\u00eb alkide, dhe pigmente antikorrozive, pa p\u00ebrb\u00ebrje plumbi. Ideal p\u00ebr mbrojtje kundra ndryshkut t\u00eb sip\u00ebrfaqeve metalike t\u00eb ekspozuara n\u00eb ambjente okside. Nuk lejon g\u00ebrryerjen e sip\u00ebrfaqes. Ka rezistenc\u00eb t\u00eb shk\u00eblqyer ndaj agjent\u00ebve atmosferike. Ky produkt ka elasticitet dhe hapje t\u00eb lart\u00eb. Mbulon shpejt.<\/p>\n","protected":false},"featured_media":2107,"template":"","meta":[],"product_cat":[63,64],"product_tag":[],"class_list":["post-2108","product","type-product","status-publish","has-post-thumbnail","hentry","product_cat-produkte-per-metale","product_cat-astare-produkte-per-metale"],"_links":{"self":[{"href":"https:\/\/dekoll.al\/pinto\/wp-json\/wp\/v2\/product\/2108","targetHints":{"allow":["GET"]}}],"collection":[{"href":"https:\/\/dekoll.al\/pinto\/wp-json\/wp\/v2\/product"}],"about":[{"href":"https:\/\/dekoll.al\/pinto\/wp-json\/wp\/v2\/types\/product"}],"wp:featuredmedia":[{"embeddable":true,"href":"https:\/\/dekoll.al\/pinto\/wp-json\/wp\/v2\/media\/2107"}],"wp:attachment":[{"href":"https:\/\/dekoll.al\/pinto\/wp-json\/wp\/v2\/media?parent=2108"}],"wp:term":[{"taxonomy":"product_cat","embeddable":true,"href":"https:\/\/dekoll.al\/pinto\/wp-json\/wp\/v2\/product_cat?post=2108"},{"taxonomy":"product_tag","embeddable":true,"href":"https:\/\/dekoll.al\/pinto\/wp-json\/wp\/v2\/product_tag?post=2108"}],"curies":[{"name":"wp","href":"https:\/\/api.w.org\/{rel}","templated":true}]}}