{"id":2106,"date":"2022-09-14T11:10:08","date_gmt":"2022-09-14T11:10:08","guid":{"rendered":"https:\/\/dekoll.al\/pinto\/?post_type=product&#038;p=2106"},"modified":"2022-09-14T11:10:52","modified_gmt":"2022-09-14T11:10:52","slug":"metal-primer-eco","status":"publish","type":"product","link":"https:\/\/dekoll.al\/pinto\/product\/metal-primer-eco\/","title":{"rendered":"Metal Primer ECO"},"content":{"rendered":"<p>Siperfaqja duhet te jete e paster, e thate dhe pa pluhura. Para se te lyhet ajo duhet te gerryhet me leter te pershtatshme zmerili. Aplikohet nje ose dy duar METAL PRIMER ECO per mbrojtje kundra ndryshkut. Kur te jete thare plotesisht mund te zmerilohet, duke siguruar nje lidhje te forte me shtresen perfundimtare (PINTOSMALT ECO). Trajtime te tilla si zmerilimi mund te gjenerojn\u00eb pluhur dhe tymra te rrezikshme. Punoni ne vende te ajrosura mire dhe perdorni paisje personale te pershtatshme per frymemarrje nese eshte e nevojshme. Largoni sa me shume boje nga furcat dhe pajisjet para pastrimit te tyre. Pastroni furcat dhe paisjet me tretes menjehere pas perdorimit.<\/p>\n<p>Lloji: Astar kundra ndryshkut ekonomik Densiteti (EN ISO 2811-1): 1.33-1.43 \u00b1 0,02 gr\/cm3 Hollimi: 5-10% me DILUENT p\u00ebr fur\u00e7\u00eb dhe rul, nd\u00ebrsa p\u00ebr pistolet\u00eb 20-30%. Viskoziteti: 110-120 KU (25\u00b0C) Koha e tharjes: 30 min \u2013 1 or\u00eb. Kjo varet nga kushtet e motit (temperatura, lag\u00ebshtia). Shtresa finale PINTO SMALTO ECO i kalohet 2 or\u00eb pas aplikimit t\u00eb METAL PRIMER ECO. VOC ne produktin e gatshem: \u2264 100 VOC emetimi ne ambient: \u2265 20 Norma e mbulimit: 7-9 m2 \/L p\u00ebr shtres\u00eb (dor\u00eb); n\u00eb sip\u00ebrfaqet e p\u00ebrgatitura per lyerje, n\u00eb var\u00ebsi t\u00eb thithshmeris\u00eb s\u00eb sip\u00ebrfaqes. Metoda e aplikimit: Fur\u00e7\u00eb, rul ose pistolet\u00eb Temperatura per aplikim: +8\u00b0C deri ne +30\u00b0C dhe lag\u00ebshti relative m\u00eb e ul\u00ebt se 80%. Paketimi: 0.75L, 2.5L Ruajtja: 24 muaj n\u00eb paketim origjinal. Ruhet n\u00eb vende t\u00eb mbrojtura nga ekspozimi n\u00eb diell. Mbrojeni nga ngricat<\/p>\n","protected":false},"excerpt":{"rendered":"<p>&#8220;Astar kundra ndryshkut me baz\u00eb alkide, dhe pigmente antikorrozive, pa p\u00ebrb\u00ebrje plumbi. Ideal p\u00ebr mbrojtje kundra ndryshkut t\u00eb sip\u00ebrfaqeve metalike t\u00eb ekspozuara n\u00eb ambjente okside. Nuk lejon g\u00ebrryerjen e sip\u00ebrfaqes. Ka rezistenc\u00eb t\u00eb shk\u00eblqyer ndaj agjent\u00ebve atmosferike. Ky produkt ka elasticitet dhe hapje t\u00eb lart\u00eb. Mbulon shpejt&#8221;<\/p>\n","protected":false},"featured_media":2107,"template":"","meta":[],"product_cat":[63,64],"product_tag":[],"class_list":["post-2106","product","type-product","status-publish","has-post-thumbnail","hentry","product_cat-produkte-per-metale","product_cat-astare-produkte-per-metale"],"_links":{"self":[{"href":"https:\/\/dekoll.al\/pinto\/wp-json\/wp\/v2\/product\/2106","targetHints":{"allow":["GET"]}}],"collection":[{"href":"https:\/\/dekoll.al\/pinto\/wp-json\/wp\/v2\/product"}],"about":[{"href":"https:\/\/dekoll.al\/pinto\/wp-json\/wp\/v2\/types\/product"}],"wp:featuredmedia":[{"embeddable":true,"href":"https:\/\/dekoll.al\/pinto\/wp-json\/wp\/v2\/media\/2107"}],"wp:attachment":[{"href":"https:\/\/dekoll.al\/pinto\/wp-json\/wp\/v2\/media?parent=2106"}],"wp:term":[{"taxonomy":"product_cat","embeddable":true,"href":"https:\/\/dekoll.al\/pinto\/wp-json\/wp\/v2\/product_cat?post=2106"},{"taxonomy":"product_tag","embeddable":true,"href":"https:\/\/dekoll.al\/pinto\/wp-json\/wp\/v2\/product_tag?post=2106"}],"curies":[{"name":"wp","href":"https:\/\/api.w.org\/{rel}","templated":true}]}}