{"id":1650,"date":"2022-08-08T14:54:28","date_gmt":"2022-08-08T14:54:28","guid":{"rendered":"https:\/\/dekoll.al\/pinto\/?post_type=product&#038;p=1650"},"modified":"2022-08-10T13:03:41","modified_gmt":"2022-08-10T13:03:41","slug":"istinto-gioia","status":"publish","type":"product","link":"https:\/\/dekoll.al\/pinto\/product\/istinto-gioia\/","title":{"rendered":"Istinto + Gioia"},"content":{"rendered":"<p>ISTINTO <\/p>\n<p>Esht\u00eb nj\u00eb produkt dekorativ me baz\u00eb \u00e7imento me shtesa polimeri dhe aditivesh, i p\u00ebrshtatsh\u00ebm p\u00ebr p\u00ebrdorim n\u00eb ambiente t\u00eb brendshme dhe t\u00eb jashtme. Ky produkt lidhet shume mire me suportin duke ofruar nje siperfaqe te forte, te lemuar e te bukur estetikisht.<\/p>\n<p>GIOIA<\/p>\n<p>Esht\u00eb boj\u00eb dekorative p\u00ebr ambiente t\u00eb brendshme dhe te jashtme, me shkelqim, me efekte ne varesi te reflektimit te drites. E leht\u00eb n\u00eb aplikim, Gioia mund\u00ebson realizimin e efekteve dekorative duke u perdorur si komponenti i dyte i produktit ISTINTO.<\/p>\n","protected":false},"excerpt":{"rendered":"<p>Istinto p\u00ebrdoret si shtrese dekorative komponent i pare mbi nje suport me bondex, e cila hapet me malle inoksi dhe efektin dekorativ te ngjashem me Traventinin, (thellime vertikale te \u00e7rregullta) e jep me malle plastike te posacme me gjemba. 24 ore mbas tharjes se kesaj shtrese i gjithe suporti astaroset me Astar Universal, me pas lyhet me Gioia me nje shtrese. Mbas tharjes jepet efekti i deshiruar me ngjyra te ndryshme duke pigmentuar Gioia-n dhe duke realizuar sfonde te hapura me kanale te erreta ose e kunderta.<\/p>\n","protected":false},"featured_media":1684,"template":"","meta":[],"product_cat":[62],"product_tag":[],"class_list":["post-1650","product","type-product","status-publish","has-post-thumbnail","hentry","product_cat-bojera-dekorative"],"_links":{"self":[{"href":"https:\/\/dekoll.al\/pinto\/wp-json\/wp\/v2\/product\/1650","targetHints":{"allow":["GET"]}}],"collection":[{"href":"https:\/\/dekoll.al\/pinto\/wp-json\/wp\/v2\/product"}],"about":[{"href":"https:\/\/dekoll.al\/pinto\/wp-json\/wp\/v2\/types\/product"}],"wp:featuredmedia":[{"embeddable":true,"href":"https:\/\/dekoll.al\/pinto\/wp-json\/wp\/v2\/media\/1684"}],"wp:attachment":[{"href":"https:\/\/dekoll.al\/pinto\/wp-json\/wp\/v2\/media?parent=1650"}],"wp:term":[{"taxonomy":"product_cat","embeddable":true,"href":"https:\/\/dekoll.al\/pinto\/wp-json\/wp\/v2\/product_cat?post=1650"},{"taxonomy":"product_tag","embeddable":true,"href":"https:\/\/dekoll.al\/pinto\/wp-json\/wp\/v2\/product_tag?post=1650"}],"curies":[{"name":"wp","href":"https:\/\/api.w.org\/{rel}","templated":true}]}}