{"id":1648,"date":"2022-08-08T14:52:14","date_gmt":"2022-08-08T14:52:14","guid":{"rendered":"https:\/\/dekoll.al\/pinto\/?post_type=product&#038;p=1648"},"modified":"2022-08-10T12:58:29","modified_gmt":"2022-08-10T12:58:29","slug":"dekocement","status":"publish","type":"product","link":"https:\/\/dekoll.al\/pinto\/product\/dekocement\/","title":{"rendered":"Dekocement"},"content":{"rendered":"<p>P\u00ebrdoret si shtrese perfundimtare e cila duhet trajtuar me llak mbrojtes n\u00eb shkall\u00eb, dysheme, mure dhe p\u00ebr struktura t\u00eb ve\u00e7anta si mure ne banja, kolona te jashtme, etj<\/p>\n","protected":false},"excerpt":{"rendered":"<p>DEKOCEMENT \u00ebsht\u00eb nj\u00eb produkt dekorativ me baz\u00eb \u00e7imento me shtesa polimeri dhe aditivesh, pa p\u00ebrb\u00ebr\u00ebs korroziv\u00eb, i p\u00ebrshtatsh\u00ebm p\u00ebr p\u00ebrdorim n\u00eb ambiente t\u00eb brendshme dhe t\u00eb jashtme. Ky produkt lidhet shume mire me suportin duke ofruar nje siperfaqe te forte, te lemuar e te bukur estetikisht.<\/p>\n","protected":false},"featured_media":1683,"template":"","meta":[],"product_cat":[62],"product_tag":[],"class_list":["post-1648","product","type-product","status-publish","has-post-thumbnail","hentry","product_cat-bojera-dekorative"],"_links":{"self":[{"href":"https:\/\/dekoll.al\/pinto\/wp-json\/wp\/v2\/product\/1648","targetHints":{"allow":["GET"]}}],"collection":[{"href":"https:\/\/dekoll.al\/pinto\/wp-json\/wp\/v2\/product"}],"about":[{"href":"https:\/\/dekoll.al\/pinto\/wp-json\/wp\/v2\/types\/product"}],"wp:featuredmedia":[{"embeddable":true,"href":"https:\/\/dekoll.al\/pinto\/wp-json\/wp\/v2\/media\/1683"}],"wp:attachment":[{"href":"https:\/\/dekoll.al\/pinto\/wp-json\/wp\/v2\/media?parent=1648"}],"wp:term":[{"taxonomy":"product_cat","embeddable":true,"href":"https:\/\/dekoll.al\/pinto\/wp-json\/wp\/v2\/product_cat?post=1648"},{"taxonomy":"product_tag","embeddable":true,"href":"https:\/\/dekoll.al\/pinto\/wp-json\/wp\/v2\/product_tag?post=1648"}],"curies":[{"name":"wp","href":"https:\/\/api.w.org\/{rel}","templated":true}]}}