{"id":1646,"date":"2022-08-08T14:51:01","date_gmt":"2022-08-08T14:51:01","guid":{"rendered":"https:\/\/dekoll.al\/pinto\/?post_type=product&#038;p=1646"},"modified":"2022-08-10T13:03:33","modified_gmt":"2022-08-10T13:03:33","slug":"animamundi","status":"publish","type":"product","link":"https:\/\/dekoll.al\/pinto\/product\/animamundi\/","title":{"rendered":"Animamundi"},"content":{"rendered":"<p>Nese myku eshte i pranishem trajtoni siperfaqen me solucione kundra mykut. Sigurohuni qe siperfaqja te jete e thate, eleminoni shtresat e vjetra te bojerave si tempera etj, hiqni pluhurin, niveloni parregullsite e siperfaqes me ULTRAFINISH. Aplikohet nje shtrese ASTAR AKRILIK ose ASTAR UNIVERSAL. E gatshme per aplikim, me dy shtresa. Aplikohet produkti mbi astarin e thare, me malle metalike. Jepet dora e pare dhe mbas 6 oresh kalohet dora e dyte duke e levizur mallen ne forme kryqi per te krijuar nje efekt me refleks. Pastrimi me uje i murit mund te filloje pas 20 ditesh. <\/p>\n","protected":false},"excerpt":{"rendered":"<p>Animamundi \u00ebsht\u00eb boj\u00eb dekorative p\u00ebr ambiente t\u00eb brendshme me efekt special me refleks. E but\u00eb n\u00eb prekje dhe me pamje m\u00ebndafshi. Sh\u00ebrben p\u00ebr t\u00eb krijuar ambiente klasike dhe moderne. E leht\u00eb n\u00eb aplikim. Animamundi mund\u00ebson realizimin e efekteve dekorative me reflekse t\u00eb ndryshme n\u00eb var\u00ebsi t\u00eb ndricimit dhe teknik\u00ebs s\u00eb aplikimit.<\/p>\n","protected":false},"featured_media":1685,"template":"","meta":[],"product_cat":[62],"product_tag":[],"class_list":["post-1646","product","type-product","status-publish","has-post-thumbnail","hentry","product_cat-bojera-dekorative"],"_links":{"self":[{"href":"https:\/\/dekoll.al\/pinto\/wp-json\/wp\/v2\/product\/1646","targetHints":{"allow":["GET"]}}],"collection":[{"href":"https:\/\/dekoll.al\/pinto\/wp-json\/wp\/v2\/product"}],"about":[{"href":"https:\/\/dekoll.al\/pinto\/wp-json\/wp\/v2\/types\/product"}],"wp:featuredmedia":[{"embeddable":true,"href":"https:\/\/dekoll.al\/pinto\/wp-json\/wp\/v2\/media\/1685"}],"wp:attachment":[{"href":"https:\/\/dekoll.al\/pinto\/wp-json\/wp\/v2\/media?parent=1646"}],"wp:term":[{"taxonomy":"product_cat","embeddable":true,"href":"https:\/\/dekoll.al\/pinto\/wp-json\/wp\/v2\/product_cat?post=1646"},{"taxonomy":"product_tag","embeddable":true,"href":"https:\/\/dekoll.al\/pinto\/wp-json\/wp\/v2\/product_tag?post=1646"}],"curies":[{"name":"wp","href":"https:\/\/api.w.org\/{rel}","templated":true}]}}