{"id":1642,"date":"2022-08-08T14:47:26","date_gmt":"2022-08-08T14:47:26","guid":{"rendered":"https:\/\/dekoll.al\/pinto\/?post_type=product&#038;p=1642"},"modified":"2022-08-10T13:05:31","modified_gmt":"2022-08-10T13:05:31","slug":"pintoplast-professional","status":"publish","type":"product","link":"https:\/\/dekoll.al\/pinto\/product\/pintoplast-professional\/","title":{"rendered":"Pintoplast Professional"},"content":{"rendered":"<p>Pintoplast professional \u00ebsht\u00eb boj\u00eb plastike p\u00ebr p\u00ebrdorim n\u00eb ambiente t\u00eb brendshme. E p\u00ebrshtatshme p\u00ebr sip\u00ebrfaqe me suva, mure t\u00eb patinuara, pllaka zdrukthi, materiale asbest \u2013 \u00e7imentoje. Gjithashtu sh\u00ebrben p\u00ebr ribojatisje t\u00eb shpeshta profesionale dhe ka rezistenc\u00eb ndaj pastrimeve . Ngjyroset me t\u00eb gjitha ngjyrat baz\u00eb dhe n\u00eb nj\u00eb pafund\u00ebsi ngjyrash me sistemin e ngjyrosjes.<\/p>\n","protected":false},"excerpt":{"rendered":"<p>T\u00eb pastrohet mir\u00eb sip\u00ebrfaqja e p\u00ebrgatitur p\u00ebr lyerje nga \u00e7do trup i huaj, vajra, graso, pluhur, bojra t\u00eb vjetra dhe b\u00ebjm\u00eb ne fillim astarimin e sip\u00ebrfaqes. P\u00ebr sip\u00ebrfaqet e reja (beton, suva), sip\u00ebrfaqet e lyera me hidromat, g\u00eblqere ose all\u00e7i dhe sip\u00ebrfaqet e ndotura (tym duhani, bloz\u00eb,lag\u00ebshtir\u00eb t\u00eb vjet\u00ebr) aplikoni 1 dor\u00eb ASTAR UNIVERSAL ose ASTAR AKRILIK dhe dy duar PINTOPLAST.<\/p>\n","protected":false},"featured_media":1686,"template":"","meta":[],"product_cat":[56],"product_tag":[],"class_list":["post-1642","product","type-product","status-publish","has-post-thumbnail","hentry","product_cat-bojera-per-ambjente-te-brendshme"],"_links":{"self":[{"href":"https:\/\/dekoll.al\/pinto\/wp-json\/wp\/v2\/product\/1642","targetHints":{"allow":["GET"]}}],"collection":[{"href":"https:\/\/dekoll.al\/pinto\/wp-json\/wp\/v2\/product"}],"about":[{"href":"https:\/\/dekoll.al\/pinto\/wp-json\/wp\/v2\/types\/product"}],"wp:featuredmedia":[{"embeddable":true,"href":"https:\/\/dekoll.al\/pinto\/wp-json\/wp\/v2\/media\/1686"}],"wp:attachment":[{"href":"https:\/\/dekoll.al\/pinto\/wp-json\/wp\/v2\/media?parent=1642"}],"wp:term":[{"taxonomy":"product_cat","embeddable":true,"href":"https:\/\/dekoll.al\/pinto\/wp-json\/wp\/v2\/product_cat?post=1642"},{"taxonomy":"product_tag","embeddable":true,"href":"https:\/\/dekoll.al\/pinto\/wp-json\/wp\/v2\/product_tag?post=1642"}],"curies":[{"name":"wp","href":"https:\/\/api.w.org\/{rel}","templated":true}]}}