{"id":1640,"date":"2022-08-08T14:34:46","date_gmt":"2022-08-08T14:34:46","guid":{"rendered":"https:\/\/dekoll.al\/pinto\/?post_type=product&#038;p=1640"},"modified":"2022-09-27T09:07:33","modified_gmt":"2022-09-27T09:07:33","slug":"pintoplast","status":"publish","type":"product","link":"https:\/\/dekoll.al\/pinto\/product\/pintoplast\/","title":{"rendered":"Pintoplast"},"content":{"rendered":"<p>Boj\u00eb plastike ekonomike p\u00ebr p\u00ebrdorim n\u00eb ambjente t\u00eb brendshme. Zgjidhja m\u00eb e p\u00ebrshtatshme p\u00ebr ata profesionist\u00eb q\u00eb d\u00ebshirojn\u00eb nj\u00eb produkt ekonomik, i cili kombinon rendimentin e lart\u00eb me shtrirjen e mir\u00eb t\u00eb boj\u00ebs. \u00cbsht\u00eb e p\u00ebrshtatshme p\u00ebr sip\u00ebrfaqe me beton, suva, pllaka zdrukthi, material asbest-cimentoje (eterniti). E p\u00ebrshtatshme p\u00ebr ribojatisje t\u00eb shpeshta profesionale. Ngjyroset vetem me ngjyra te lehta n\u00eb sistemin e ngjyrosjes Pinto.<\/p>\n","protected":false},"excerpt":{"rendered":"<p>T\u00eb pastrohet mir\u00eb sip\u00ebrfaqja e p\u00ebrgatitur p\u00ebr lyerje nga \u00e7do trup ihuaj, vajra, graso, pluhur, bojra t\u00eb vjetra dhe b\u00ebjm\u00eb ne fillim astarimin e sip\u00ebrfaqes. P\u00ebr sip\u00ebrfaqet e reja (beton, suva), sip\u00ebrfaqet e lyera me hidromat, g\u00eblqere ose all\u00e7i dhe sip\u00ebrfaqet e ndotura (tym duhani, bloz\u00eb,lag\u00ebshtir\u00eb t\u00eb vjet\u00ebr) aplikoni 1 dor\u00eb ASTAR UNIVERSAL ose ASTAR AKRILIK dhe dy duar PINTOPLAST.<\/p>\n","protected":false},"featured_media":2220,"template":"","meta":[],"product_cat":[56],"product_tag":[],"class_list":["post-1640","product","type-product","status-publish","has-post-thumbnail","hentry","product_cat-bojera-per-ambjente-te-brendshme"],"_links":{"self":[{"href":"https:\/\/dekoll.al\/pinto\/wp-json\/wp\/v2\/product\/1640","targetHints":{"allow":["GET"]}}],"collection":[{"href":"https:\/\/dekoll.al\/pinto\/wp-json\/wp\/v2\/product"}],"about":[{"href":"https:\/\/dekoll.al\/pinto\/wp-json\/wp\/v2\/types\/product"}],"wp:featuredmedia":[{"embeddable":true,"href":"https:\/\/dekoll.al\/pinto\/wp-json\/wp\/v2\/media\/2220"}],"wp:attachment":[{"href":"https:\/\/dekoll.al\/pinto\/wp-json\/wp\/v2\/media?parent=1640"}],"wp:term":[{"taxonomy":"product_cat","embeddable":true,"href":"https:\/\/dekoll.al\/pinto\/wp-json\/wp\/v2\/product_cat?post=1640"},{"taxonomy":"product_tag","embeddable":true,"href":"https:\/\/dekoll.al\/pinto\/wp-json\/wp\/v2\/product_tag?post=1640"}],"curies":[{"name":"wp","href":"https:\/\/api.w.org\/{rel}","templated":true}]}}