{"id":1638,"date":"2022-08-08T14:32:38","date_gmt":"2022-08-08T14:32:38","guid":{"rendered":"https:\/\/dekoll.al\/pinto\/?post_type=product&#038;p=1638"},"modified":"2022-08-10T12:44:02","modified_gmt":"2022-08-10T12:44:02","slug":"pinto-primer","status":"publish","type":"product","link":"https:\/\/dekoll.al\/pinto\/product\/pinto-primer\/","title":{"rendered":"Pinto Primer"},"content":{"rendered":"<p>&#8220;100% Astar akrilik per muret me nje lidhje te forte dhe depertim te larte. Eshte pa arome, mik per perdoruesin dhe ambientin dhe per keto arsye rekomandohet per astarimin e siperfaqeve te brendshme dhe te jashtme e vecanerisht per ambientet e mbyllura e te banuara. Eshte i pershtatshem per parapergatitjen e siperfaqeve te reja te cilat do te lyhen me boje plastike si suva, beton, tulla dhe muret e spatuluara. Gjithashtu lidh dhe izolon siperfaqet poroze te lyera me gelqere, hidromat, bojera te cilesive te ulta duke siguruar nje lidhje dhe shtrim te persosur te bojes perfundimtare. Ky produkt eshte i pershtatshem per astarimin e siperfaqeve te ndotura, gjithashtu siperfaqeve te gipsit duke qene se disponohet ne ngjyre te bardhe.&#8221;<\/p>\n","protected":false},"excerpt":{"rendered":"<p>Sip\u00ebrfaqet duhet t\u00eb jen\u00eb t\u00eb pastra nga pluhurat, vajrat, bojrat e vjetra t\u00eb ciflosura, myku dhe lag\u00ebshtira.P\u00ebrdorni nj\u00eb dor\u00eb astar me hollimin e duhur, dhe si boj\u00eb p\u00ebrfundimtare mbi k\u00ebt\u00eb astar mund t\u00eb p\u00ebrdorim \u00e7do lloj boje plastike ose akrilike.<\/p>\n","protected":false},"featured_media":1682,"template":"","meta":[],"product_cat":[54],"product_tag":[],"class_list":["post-1638","product","type-product","status-publish","has-post-thumbnail","hentry","product_cat-astare"],"_links":{"self":[{"href":"https:\/\/dekoll.al\/pinto\/wp-json\/wp\/v2\/product\/1638","targetHints":{"allow":["GET"]}}],"collection":[{"href":"https:\/\/dekoll.al\/pinto\/wp-json\/wp\/v2\/product"}],"about":[{"href":"https:\/\/dekoll.al\/pinto\/wp-json\/wp\/v2\/types\/product"}],"wp:featuredmedia":[{"embeddable":true,"href":"https:\/\/dekoll.al\/pinto\/wp-json\/wp\/v2\/media\/1682"}],"wp:attachment":[{"href":"https:\/\/dekoll.al\/pinto\/wp-json\/wp\/v2\/media?parent=1638"}],"wp:term":[{"taxonomy":"product_cat","embeddable":true,"href":"https:\/\/dekoll.al\/pinto\/wp-json\/wp\/v2\/product_cat?post=1638"},{"taxonomy":"product_tag","embeddable":true,"href":"https:\/\/dekoll.al\/pinto\/wp-json\/wp\/v2\/product_tag?post=1638"}],"curies":[{"name":"wp","href":"https:\/\/api.w.org\/{rel}","templated":true}]}}