{"id":987,"date":"2024-12-14T19:13:58","date_gmt":"2024-12-14T18:13:58","guid":{"rendered":"https:\/\/dekoll.growdevs.com\/?post_type=product&#038;p=987"},"modified":"2025-11-19T09:55:21","modified_gmt":"2025-11-19T08:55:21","slug":"decofloor","status":"publish","type":"product","link":"https:\/\/dekoll.al\/it\/prodotto\/decofloor\/","title":{"rendered":"Dekofloor"},"content":{"rendered":"<p>Autolivellante a base di cemento grigio in polvere, costituito da leganti idraulici inerti a rapida essiccazione e granulometria selezionata nonch\u00e9 da speciali additivi organici. Per ambienti esterni ed interni. Classificato secondo la norma EN13813 Classe C30-F10-SH 30. Il prodotto \u00e8 caratterizzato da ottime propriet\u00e0 livellanti, facilit\u00e0 di lavorabilit\u00e0 ed elevata adesione al supporto, resistente alla pressione e all&#039;abrasione. Offre un&#039;elevata resistenza al makan ike. Lavorabile sia a mano che a macchina. Consigliato per livellare i fondi prima della posa dei laminati, in questo caso l&#039;autolivellante deve aver raggiunto il tempo di maturazione di 3-7 giorni<\/p>","protected":false},"featured_media":988,"template":"","meta":{"_acf_changed":false,"footnotes":""},"color":[],"product-category":[28],"product-tag":[33],"product-type":[36],"class_list":["post-987","product","type-product","status-publish","has-post-thumbnail","hentry","product-category-autonivelante","product-tag-shtrim-pllakash","product-type-simple"],"acf":[],"_links":{"self":[{"href":"https:\/\/dekoll.al\/it\/wp-json\/wp\/v2\/product\/987","targetHints":{"allow":["GET"]}}],"collection":[{"href":"https:\/\/dekoll.al\/it\/wp-json\/wp\/v2\/product"}],"about":[{"href":"https:\/\/dekoll.al\/it\/wp-json\/wp\/v2\/types\/product"}],"version-history":[{"count":2,"href":"https:\/\/dekoll.al\/it\/wp-json\/wp\/v2\/product\/987\/revisions"}],"predecessor-version":[{"id":3687,"href":"https:\/\/dekoll.al\/it\/wp-json\/wp\/v2\/product\/987\/revisions\/3687"}],"wp:featuredmedia":[{"embeddable":true,"href":"https:\/\/dekoll.al\/it\/wp-json\/wp\/v2\/media\/988"}],"wp:attachment":[{"href":"https:\/\/dekoll.al\/it\/wp-json\/wp\/v2\/media?parent=987"}],"wp:term":[{"taxonomy":"color","embeddable":true,"href":"https:\/\/dekoll.al\/it\/wp-json\/wp\/v2\/color?post=987"},{"taxonomy":"product-category","embeddable":true,"href":"https:\/\/dekoll.al\/it\/wp-json\/wp\/v2\/product-category?post=987"},{"taxonomy":"product-tag","embeddable":true,"href":"https:\/\/dekoll.al\/it\/wp-json\/wp\/v2\/product-tag?post=987"},{"taxonomy":"product-type","embeddable":true,"href":"https:\/\/dekoll.al\/it\/wp-json\/wp\/v2\/product-type?post=987"}],"curies":[{"name":"parola chiave","href":"https:\/\/api.w.org\/{rel}","templated":true}]}}