{"id":3148,"date":"2025-10-04T16:41:00","date_gmt":"2025-10-04T14:41:00","guid":{"rendered":"https:\/\/dekoll.al\/?post_type=product&#038;p=3148"},"modified":"2025-11-12T21:25:28","modified_gmt":"2025-11-12T20:25:28","slug":"primer-acrilico-pinto","status":"publish","type":"product","link":"https:\/\/dekoll.al\/it\/prodotto\/primer-acrilico-pinto\/","title":{"rendered":"Astar Akrilik Pinto"},"content":{"rendered":"<p>\u00c8 un primer acrilico a base acqua per pareti. Ha un&#039;elevata penetrazione superficiale, garantendo cos\u00ec una forte adesione. \u00c8 inodore, facile da usare ed ecologico e per questi motivi \u00e8 consigliato per la primerizzazione di superfici interne ed esterne. \u00c8 adatto per la preparazione di nuove superfici da verniciare con pitture plastiche o acriliche come intonaco, calcestruzzo, mattoni, nonch\u00e9 per superfici porose ad alto assorbimento come: mattoni silicati alla diluizione 1\/3 e supporti con presenza di polvere su cui verr\u00e0 applicato l&#039;impermeabilizzante bicomponente. Incolla e isola superfici porose verniciate a calce, idromat, pitture di bassa qualit\u00e0, garantendo una perfetta adesione e applicazione e aumentando la resa della pittura finale.<\/p>","protected":false},"featured_media":3149,"template":"","meta":{"_acf_changed":false,"footnotes":""},"color":[],"product-category":[19],"product-tag":[],"product-type":[36],"class_list":["post-3148","product","type-product","status-publish","has-post-thumbnail","hentry","product-category-rifinitura","product-type-simple"],"acf":[],"_links":{"self":[{"href":"https:\/\/dekoll.al\/it\/wp-json\/wp\/v2\/product\/3148","targetHints":{"allow":["GET"]}}],"collection":[{"href":"https:\/\/dekoll.al\/it\/wp-json\/wp\/v2\/product"}],"about":[{"href":"https:\/\/dekoll.al\/it\/wp-json\/wp\/v2\/types\/product"}],"version-history":[{"count":7,"href":"https:\/\/dekoll.al\/it\/wp-json\/wp\/v2\/product\/3148\/revisions"}],"predecessor-version":[{"id":3248,"href":"https:\/\/dekoll.al\/it\/wp-json\/wp\/v2\/product\/3148\/revisions\/3248"}],"wp:featuredmedia":[{"embeddable":true,"href":"https:\/\/dekoll.al\/it\/wp-json\/wp\/v2\/media\/3149"}],"wp:attachment":[{"href":"https:\/\/dekoll.al\/it\/wp-json\/wp\/v2\/media?parent=3148"}],"wp:term":[{"taxonomy":"color","embeddable":true,"href":"https:\/\/dekoll.al\/it\/wp-json\/wp\/v2\/color?post=3148"},{"taxonomy":"product-category","embeddable":true,"href":"https:\/\/dekoll.al\/it\/wp-json\/wp\/v2\/product-category?post=3148"},{"taxonomy":"product-tag","embeddable":true,"href":"https:\/\/dekoll.al\/it\/wp-json\/wp\/v2\/product-tag?post=3148"},{"taxonomy":"product-type","embeddable":true,"href":"https:\/\/dekoll.al\/it\/wp-json\/wp\/v2\/product-type?post=3148"}],"curies":[{"name":"parola chiave","href":"https:\/\/api.w.org\/{rel}","templated":true}]}}