{"id":3047,"date":"2025-10-03T18:26:00","date_gmt":"2025-10-03T16:26:00","guid":{"rendered":"https:\/\/dekoll.al\/?post_type=product&#038;p=3047"},"modified":"2025-11-12T21:25:28","modified_gmt":"2025-11-12T20:25:28","slug":"tocco-moderno-pintolux","status":"publish","type":"product","link":"https:\/\/dekoll.al\/it\/prodotto\/tocco-moderno-pintolux\/","title":{"rendered":"Pintolux Modern Touch"},"content":{"rendered":"<p>\u00c8 un rivestimento decorativo pronto all&#039;uso, a base di resina acrilica, studiato per creare superfici lisce e moderne per pareti e facciate. Questo prodotto \u00e8 caratterizzato da elevata copertura e durata, conferendo la presenza di effetti a seconda della lavorabilit\u00e0. PINTOLUX \u00e8 un prodotto facile da usare e da applicare su superfici sia orizzontali che verticali. Pu\u00f2 essere applicato come rivestimento decorativo su qualsiasi tipo di superficie interna ed esterna. \u00c8 pigmentato in una variet\u00e0 di colori utilizzando il sistema di pigmentazione PintoColor.<\/p>","protected":false},"featured_media":3048,"template":"","meta":{"_acf_changed":false,"footnotes":""},"color":[],"product-category":[19],"product-tag":[],"product-type":[36],"class_list":["post-3047","product","type-product","status-publish","has-post-thumbnail","hentry","product-category-rifinitura","product-type-simple"],"acf":[],"_links":{"self":[{"href":"https:\/\/dekoll.al\/it\/wp-json\/wp\/v2\/product\/3047","targetHints":{"allow":["GET"]}}],"collection":[{"href":"https:\/\/dekoll.al\/it\/wp-json\/wp\/v2\/product"}],"about":[{"href":"https:\/\/dekoll.al\/it\/wp-json\/wp\/v2\/types\/product"}],"version-history":[{"count":2,"href":"https:\/\/dekoll.al\/it\/wp-json\/wp\/v2\/product\/3047\/revisions"}],"predecessor-version":[{"id":3249,"href":"https:\/\/dekoll.al\/it\/wp-json\/wp\/v2\/product\/3047\/revisions\/3249"}],"wp:featuredmedia":[{"embeddable":true,"href":"https:\/\/dekoll.al\/it\/wp-json\/wp\/v2\/media\/3048"}],"wp:attachment":[{"href":"https:\/\/dekoll.al\/it\/wp-json\/wp\/v2\/media?parent=3047"}],"wp:term":[{"taxonomy":"color","embeddable":true,"href":"https:\/\/dekoll.al\/it\/wp-json\/wp\/v2\/color?post=3047"},{"taxonomy":"product-category","embeddable":true,"href":"https:\/\/dekoll.al\/it\/wp-json\/wp\/v2\/product-category?post=3047"},{"taxonomy":"product-tag","embeddable":true,"href":"https:\/\/dekoll.al\/it\/wp-json\/wp\/v2\/product-tag?post=3047"},{"taxonomy":"product-type","embeddable":true,"href":"https:\/\/dekoll.al\/it\/wp-json\/wp\/v2\/product-type?post=3047"}],"curies":[{"name":"parola chiave","href":"https:\/\/api.w.org\/{rel}","templated":true}]}}