{"id":1365,"date":"2025-10-13T00:00:00","date_gmt":"2025-10-12T22:00:00","guid":{"rendered":"https:\/\/dekoll.growdevs.com\/?post_type=product&#038;p=1365"},"modified":"2026-02-13T13:56:28","modified_gmt":"2026-02-13T12:56:28","slug":"finitura-pinto","status":"publish","type":"product","link":"https:\/\/dekoll.al\/it\/prodotto\/finitura-pinto\/","title":{"rendered":"PINTOFINISH"},"content":{"rendered":"<p>Stucco di patinatura a base di cemento bianco, composto da calce idrata, sabbie di alta qualit\u00e0, speciali resine sintetiche ed additivi specifici. \u00c8 caratterizzato da un&#039;ottima lavorabilit\u00e0, ottima apertura sia su superfici orizzontali che verticali. \u00c8 consentita l&#039;applicazione fino a 3 mm di spessore. Dopo aver strofinato con carta vetrata si ottiene una finitura liscia.<\/p>","protected":false},"featured_media":1371,"template":"","meta":{"_acf_changed":false,"footnotes":""},"color":[],"product-category":[19],"product-tag":[31],"product-type":[36],"class_list":["post-1365","product","type-product","status-publish","has-post-thumbnail","hentry","product-category-rifinitura","product-tag-sistemi-termoizolimit","product-type-simple"],"acf":[],"_links":{"self":[{"href":"https:\/\/dekoll.al\/it\/wp-json\/wp\/v2\/product\/1365","targetHints":{"allow":["GET"]}}],"collection":[{"href":"https:\/\/dekoll.al\/it\/wp-json\/wp\/v2\/product"}],"about":[{"href":"https:\/\/dekoll.al\/it\/wp-json\/wp\/v2\/types\/product"}],"version-history":[{"count":2,"href":"https:\/\/dekoll.al\/it\/wp-json\/wp\/v2\/product\/1365\/revisions"}],"predecessor-version":[{"id":3319,"href":"https:\/\/dekoll.al\/it\/wp-json\/wp\/v2\/product\/1365\/revisions\/3319"}],"wp:featuredmedia":[{"embeddable":true,"href":"https:\/\/dekoll.al\/it\/wp-json\/wp\/v2\/media\/1371"}],"wp:attachment":[{"href":"https:\/\/dekoll.al\/it\/wp-json\/wp\/v2\/media?parent=1365"}],"wp:term":[{"taxonomy":"color","embeddable":true,"href":"https:\/\/dekoll.al\/it\/wp-json\/wp\/v2\/color?post=1365"},{"taxonomy":"product-category","embeddable":true,"href":"https:\/\/dekoll.al\/it\/wp-json\/wp\/v2\/product-category?post=1365"},{"taxonomy":"product-tag","embeddable":true,"href":"https:\/\/dekoll.al\/it\/wp-json\/wp\/v2\/product-tag?post=1365"},{"taxonomy":"product-type","embeddable":true,"href":"https:\/\/dekoll.al\/it\/wp-json\/wp\/v2\/product-type?post=1365"}],"curies":[{"name":"parola chiave","href":"https:\/\/api.w.org\/{rel}","templated":true}]}}