{"id":1348,"date":"2024-12-18T23:59:00","date_gmt":"2024-12-18T22:59:00","guid":{"rendered":"https:\/\/dekoll.growdevs.com\/?post_type=product&#038;p=1348"},"modified":"2026-02-13T13:33:57","modified_gmt":"2026-02-13T12:33:57","slug":"ecoc2e","status":"publish","type":"product","link":"https:\/\/dekoll.al\/it\/prodotto\/ecoc2e\/","title":{"rendered":"ECO+C2E"},"content":{"rendered":"<p>Adesivo per piastrelle cementizie (C), con forza adesiva migliorata e lungo tempo di lavorabilit\u00e0 (E), composto da sabbie carbonatiche di alta qualit\u00e0 e additivi specifici. Classificato come adesivo C2E secondo la norma EN 12004 \u00e8 caratterizzato da ottima lavorabilit\u00e0, ottima resistenza all&#039;umidit\u00e0 e al gelo. Si applica per strati fino a 6 mm di spessore.<\/p>\n\n\n\n<p><\/p>","protected":false},"featured_media":1373,"template":"","meta":{"_acf_changed":false,"footnotes":""},"color":[],"product-category":[22],"product-tag":[33,32],"product-type":[36],"class_list":["post-1348","product","type-product","status-publish","has-post-thumbnail","hentry","product-category-ngjites-pllakash","product-tag-shtrim-pllakash","product-tag-sistemi-i-hidrolizimit","product-type-simple"],"acf":[],"_links":{"self":[{"href":"https:\/\/dekoll.al\/it\/wp-json\/wp\/v2\/product\/1348","targetHints":{"allow":["GET"]}}],"collection":[{"href":"https:\/\/dekoll.al\/it\/wp-json\/wp\/v2\/product"}],"about":[{"href":"https:\/\/dekoll.al\/it\/wp-json\/wp\/v2\/types\/product"}],"version-history":[{"count":1,"href":"https:\/\/dekoll.al\/it\/wp-json\/wp\/v2\/product\/1348\/revisions"}],"predecessor-version":[{"id":3431,"href":"https:\/\/dekoll.al\/it\/wp-json\/wp\/v2\/product\/1348\/revisions\/3431"}],"wp:featuredmedia":[{"embeddable":true,"href":"https:\/\/dekoll.al\/it\/wp-json\/wp\/v2\/media\/1373"}],"wp:attachment":[{"href":"https:\/\/dekoll.al\/it\/wp-json\/wp\/v2\/media?parent=1348"}],"wp:term":[{"taxonomy":"color","embeddable":true,"href":"https:\/\/dekoll.al\/it\/wp-json\/wp\/v2\/color?post=1348"},{"taxonomy":"product-category","embeddable":true,"href":"https:\/\/dekoll.al\/it\/wp-json\/wp\/v2\/product-category?post=1348"},{"taxonomy":"product-tag","embeddable":true,"href":"https:\/\/dekoll.al\/it\/wp-json\/wp\/v2\/product-tag?post=1348"},{"taxonomy":"product-type","embeddable":true,"href":"https:\/\/dekoll.al\/it\/wp-json\/wp\/v2\/product-type?post=1348"}],"curies":[{"name":"parola chiave","href":"https:\/\/api.w.org\/{rel}","templated":true}]}}