{"id":1344,"date":"2024-12-14T23:27:00","date_gmt":"2024-12-14T22:27:00","guid":{"rendered":"https:\/\/dekoll.growdevs.com\/?post_type=product&#038;p=1344"},"modified":"2026-02-13T13:25:17","modified_gmt":"2026-02-13T12:25:17","slug":"griglia-in-silicone","status":"publish","type":"product","link":"https:\/\/dekoll.al\/it\/prodotto\/griglia-in-silicone\/","title":{"rendered":"GRATEX SILIKONI"},"content":{"rendered":"<p>Strato siliconico decorativo finale per l&#039;uso su facciate esterne e superfici interne. Questo prodotto forma una struttura stabile, resistente agli agenti atmosferici come i raggi solari e alla formazione di muffe perch\u00e9 consente la permeabilit\u00e0 dei vapori. \u00c8 un prodotto semplice da applicare, con ottima stesura ed adesione.<\/p>\n\n\n\n<p><\/p>","protected":false},"featured_media":1346,"template":"","meta":{"_acf_changed":false,"footnotes":""},"color":[],"product-category":[19],"product-tag":[31],"product-type":[36],"class_list":["post-1344","product","type-product","status-publish","has-post-thumbnail","hentry","product-category-rifinitura","product-tag-sistemi-termoizolimit","product-type-simple"],"acf":[],"_links":{"self":[{"href":"https:\/\/dekoll.al\/it\/wp-json\/wp\/v2\/product\/1344","targetHints":{"allow":["GET"]}}],"collection":[{"href":"https:\/\/dekoll.al\/it\/wp-json\/wp\/v2\/product"}],"about":[{"href":"https:\/\/dekoll.al\/it\/wp-json\/wp\/v2\/types\/product"}],"version-history":[{"count":1,"href":"https:\/\/dekoll.al\/it\/wp-json\/wp\/v2\/product\/1344\/revisions"}],"predecessor-version":[{"id":3436,"href":"https:\/\/dekoll.al\/it\/wp-json\/wp\/v2\/product\/1344\/revisions\/3436"}],"wp:featuredmedia":[{"embeddable":true,"href":"https:\/\/dekoll.al\/it\/wp-json\/wp\/v2\/media\/1346"}],"wp:attachment":[{"href":"https:\/\/dekoll.al\/it\/wp-json\/wp\/v2\/media?parent=1344"}],"wp:term":[{"taxonomy":"color","embeddable":true,"href":"https:\/\/dekoll.al\/it\/wp-json\/wp\/v2\/color?post=1344"},{"taxonomy":"product-category","embeddable":true,"href":"https:\/\/dekoll.al\/it\/wp-json\/wp\/v2\/product-category?post=1344"},{"taxonomy":"product-tag","embeddable":true,"href":"https:\/\/dekoll.al\/it\/wp-json\/wp\/v2\/product-tag?post=1344"},{"taxonomy":"product-type","embeddable":true,"href":"https:\/\/dekoll.al\/it\/wp-json\/wp\/v2\/product-type?post=1344"}],"curies":[{"name":"parola chiave","href":"https:\/\/api.w.org\/{rel}","templated":true}]}}