{"id":1329,"date":"2025-10-07T23:28:00","date_gmt":"2025-10-07T21:28:00","guid":{"rendered":"https:\/\/dekoll.growdevs.com\/?post_type=product&#038;p=1329"},"modified":"2026-02-13T13:25:11","modified_gmt":"2026-02-13T12:25:11","slug":"griglia-acrilica-liquida","status":"publish","type":"product","link":"https:\/\/dekoll.al\/it\/prodotto\/griglia-acrilica-liquida\/","title":{"rendered":"GRATEX ACRILICA LIQUIDA"},"content":{"rendered":"<p>Strato acrilico decorativo finale per l&#039;uso su facciate esterne e superfici interne. Questo prodotto forma una struttura stabile, resistente agli agenti atmosferici come i raggi solari e alla formazione di muffe perch\u00e9 consente la permeabilit\u00e0 dei vapori. \u00c8 un prodotto semplice da applicare, con ottima stesura ed adesione.<\/p>","protected":false},"featured_media":1343,"template":"","meta":{"_acf_changed":false,"footnotes":""},"color":[],"product-category":[19],"product-tag":[31],"product-type":[36],"class_list":["post-1329","product","type-product","status-publish","has-post-thumbnail","hentry","product-category-rifinitura","product-tag-sistemi-termoizolimit","product-type-simple"],"acf":[],"_links":{"self":[{"href":"https:\/\/dekoll.al\/it\/wp-json\/wp\/v2\/product\/1329","targetHints":{"allow":["GET"]}}],"collection":[{"href":"https:\/\/dekoll.al\/it\/wp-json\/wp\/v2\/product"}],"about":[{"href":"https:\/\/dekoll.al\/it\/wp-json\/wp\/v2\/types\/product"}],"version-history":[{"count":1,"href":"https:\/\/dekoll.al\/it\/wp-json\/wp\/v2\/product\/1329\/revisions"}],"predecessor-version":[{"id":3245,"href":"https:\/\/dekoll.al\/it\/wp-json\/wp\/v2\/product\/1329\/revisions\/3245"}],"wp:featuredmedia":[{"embeddable":true,"href":"https:\/\/dekoll.al\/it\/wp-json\/wp\/v2\/media\/1343"}],"wp:attachment":[{"href":"https:\/\/dekoll.al\/it\/wp-json\/wp\/v2\/media?parent=1329"}],"wp:term":[{"taxonomy":"color","embeddable":true,"href":"https:\/\/dekoll.al\/it\/wp-json\/wp\/v2\/color?post=1329"},{"taxonomy":"product-category","embeddable":true,"href":"https:\/\/dekoll.al\/it\/wp-json\/wp\/v2\/product-category?post=1329"},{"taxonomy":"product-tag","embeddable":true,"href":"https:\/\/dekoll.al\/it\/wp-json\/wp\/v2\/product-tag?post=1329"},{"taxonomy":"product-type","embeddable":true,"href":"https:\/\/dekoll.al\/it\/wp-json\/wp\/v2\/product-type?post=1329"}],"curies":[{"name":"parola chiave","href":"https:\/\/api.w.org\/{rel}","templated":true}]}}