{"id":1314,"date":"2024-12-15T00:31:00","date_gmt":"2024-12-14T23:31:00","guid":{"rendered":"https:\/\/dekoll.growdevs.com\/?post_type=product&#038;p=1314"},"modified":"2026-02-16T14:17:42","modified_gmt":"2026-02-16T13:17:42","slug":"altakoll-c2tes1","status":"publish","type":"product","link":"https:\/\/dekoll.al\/it\/prodotto\/altakoll-c2tes1\/","title":{"rendered":"ALTAKOLL C2TES1"},"content":{"rendered":"<p>Adesivo per piastrelle a base cementizia di altissima qualit\u00e0 (C), composto da carbonato e sabbia di marmo di alta qualit\u00e0, resine sintetiche e additivi specifici con forza adesiva migliorata (2), resistenza allo scivolamento (T) e lungo tempo di apertura (E) e con flessibilit\u00e0 (S1). \u00c8 caratterizzato da ottima lavorabilit\u00e0, elevata resistenza all&#039;umidit\u00e0 e durezza uniforme. Si applica per strati fino a 15 mm di spessore. Classificato come adesivo C2TES1 secondo la norma EN 12004.<\/p>\n\n\n\n<p><\/p>","protected":false},"featured_media":1322,"template":"","meta":{"_acf_changed":false,"footnotes":""},"color":[],"product-category":[22],"product-tag":[33,32],"product-type":[36],"class_list":["post-1314","product","type-product","status-publish","has-post-thumbnail","hentry","product-category-ngjites-pllakash","product-tag-shtrim-pllakash","product-tag-sistemi-i-hidrolizimit","product-type-simple"],"acf":[],"_links":{"self":[{"href":"https:\/\/dekoll.al\/it\/wp-json\/wp\/v2\/product\/1314","targetHints":{"allow":["GET"]}}],"collection":[{"href":"https:\/\/dekoll.al\/it\/wp-json\/wp\/v2\/product"}],"about":[{"href":"https:\/\/dekoll.al\/it\/wp-json\/wp\/v2\/types\/product"}],"version-history":[{"count":2,"href":"https:\/\/dekoll.al\/it\/wp-json\/wp\/v2\/product\/1314\/revisions"}],"predecessor-version":[{"id":3996,"href":"https:\/\/dekoll.al\/it\/wp-json\/wp\/v2\/product\/1314\/revisions\/3996"}],"wp:featuredmedia":[{"embeddable":true,"href":"https:\/\/dekoll.al\/it\/wp-json\/wp\/v2\/media\/1322"}],"wp:attachment":[{"href":"https:\/\/dekoll.al\/it\/wp-json\/wp\/v2\/media?parent=1314"}],"wp:term":[{"taxonomy":"color","embeddable":true,"href":"https:\/\/dekoll.al\/it\/wp-json\/wp\/v2\/color?post=1314"},{"taxonomy":"product-category","embeddable":true,"href":"https:\/\/dekoll.al\/it\/wp-json\/wp\/v2\/product-category?post=1314"},{"taxonomy":"product-tag","embeddable":true,"href":"https:\/\/dekoll.al\/it\/wp-json\/wp\/v2\/product-tag?post=1314"},{"taxonomy":"product-type","embeddable":true,"href":"https:\/\/dekoll.al\/it\/wp-json\/wp\/v2\/product-type?post=1314"}],"curies":[{"name":"parola chiave","href":"https:\/\/api.w.org\/{rel}","templated":true}]}}