{"id":1309,"date":"2025-10-09T23:29:00","date_gmt":"2025-10-09T21:29:00","guid":{"rendered":"https:\/\/dekoll.growdevs.com\/?post_type=product&#038;p=1309"},"modified":"2026-02-13T13:56:28","modified_gmt":"2026-02-13T12:56:28","slug":"gratex","status":"publish","type":"product","link":"https:\/\/dekoll.al\/it\/prodotto\/gratex\/","title":{"rendered":"GRATEX"},"content":{"rendered":"<p>Rivestimento decorativo per ambienti esterni ed interni a base di cemento bianco. Materiale in polvere costituito da sabbia di marmo di alta qualit\u00e0, speciali additivi, agenti idrofobi e calce idrata. \u00c8 caratterizzato da un&#039;ottima lavorabilit\u00e0, lungo tempo di lavorazione, rapida applicazione creando una struttura bella e uniforme. Si consiglia di verniciare lo strato di graffiti con vernice.<\/p>","protected":false},"featured_media":1310,"template":"","meta":{"_acf_changed":false,"footnotes":""},"color":[],"product-category":[19],"product-tag":[31],"product-type":[36],"class_list":["post-1309","product","type-product","status-publish","has-post-thumbnail","hentry","product-category-rifinitura","product-tag-sistemi-termoizolimit","product-type-simple"],"acf":[],"_links":{"self":[{"href":"https:\/\/dekoll.al\/it\/wp-json\/wp\/v2\/product\/1309","targetHints":{"allow":["GET"]}}],"collection":[{"href":"https:\/\/dekoll.al\/it\/wp-json\/wp\/v2\/product"}],"about":[{"href":"https:\/\/dekoll.al\/it\/wp-json\/wp\/v2\/types\/product"}],"version-history":[{"count":2,"href":"https:\/\/dekoll.al\/it\/wp-json\/wp\/v2\/product\/1309\/revisions"}],"predecessor-version":[{"id":3301,"href":"https:\/\/dekoll.al\/it\/wp-json\/wp\/v2\/product\/1309\/revisions\/3301"}],"wp:featuredmedia":[{"embeddable":true,"href":"https:\/\/dekoll.al\/it\/wp-json\/wp\/v2\/media\/1310"}],"wp:attachment":[{"href":"https:\/\/dekoll.al\/it\/wp-json\/wp\/v2\/media?parent=1309"}],"wp:term":[{"taxonomy":"color","embeddable":true,"href":"https:\/\/dekoll.al\/it\/wp-json\/wp\/v2\/color?post=1309"},{"taxonomy":"product-category","embeddable":true,"href":"https:\/\/dekoll.al\/it\/wp-json\/wp\/v2\/product-category?post=1309"},{"taxonomy":"product-tag","embeddable":true,"href":"https:\/\/dekoll.al\/it\/wp-json\/wp\/v2\/product-tag?post=1309"},{"taxonomy":"product-type","embeddable":true,"href":"https:\/\/dekoll.al\/it\/wp-json\/wp\/v2\/product-type?post=1309"}],"curies":[{"name":"parola chiave","href":"https:\/\/api.w.org\/{rel}","templated":true}]}}