{"id":1253,"date":"2025-10-08T22:59:00","date_gmt":"2025-10-08T20:59:00","guid":{"rendered":"https:\/\/dekoll.growdevs.com\/?post_type=product&#038;p=1253"},"modified":"2026-02-13T13:56:28","modified_gmt":"2026-02-13T12:56:28","slug":"graffiti","status":"publish","type":"product","link":"https:\/\/dekoll.al\/it\/prodotto\/graffiti\/","title":{"rendered":"GRAFIATO"},"content":{"rendered":"<p>Rivestimento decorativo per ambienti esterni ed interni a base di cemento bianco. Materiale in polvere costituito da sabbia di marmo di alta qualit\u00e0, speciali additivi, agenti idrofobi e calce idrata. \u00c8 caratterizzato da ottima lavorabilit\u00e0, lungo tempo di lavorabilit\u00e0, rapida applicazione creando una struttura bella ed uniforme. Si consiglia di ridipingere lo strato di graffiti. Offre elevata resistenza agli agenti atmosferici, buona diffusione dei vapori e propriet\u00e0 antiumidit\u00e0.<\/p>","protected":false},"featured_media":1270,"template":"","meta":{"_acf_changed":false,"footnotes":""},"color":[],"product-category":[19],"product-tag":[30,31],"product-type":[36],"class_list":["post-1253","product","type-product","status-publish","has-post-thumbnail","hentry","product-category-rifinitura","product-tag-grafiato","product-tag-sistemi-termoizolimit","product-type-simple"],"acf":[],"_links":{"self":[{"href":"https:\/\/dekoll.al\/it\/wp-json\/wp\/v2\/product\/1253","targetHints":{"allow":["GET"]}}],"collection":[{"href":"https:\/\/dekoll.al\/it\/wp-json\/wp\/v2\/product"}],"about":[{"href":"https:\/\/dekoll.al\/it\/wp-json\/wp\/v2\/types\/product"}],"version-history":[{"count":4,"href":"https:\/\/dekoll.al\/it\/wp-json\/wp\/v2\/product\/1253\/revisions"}],"predecessor-version":[{"id":3989,"href":"https:\/\/dekoll.al\/it\/wp-json\/wp\/v2\/product\/1253\/revisions\/3989"}],"wp:featuredmedia":[{"embeddable":true,"href":"https:\/\/dekoll.al\/it\/wp-json\/wp\/v2\/media\/1270"}],"wp:attachment":[{"href":"https:\/\/dekoll.al\/it\/wp-json\/wp\/v2\/media?parent=1253"}],"wp:term":[{"taxonomy":"color","embeddable":true,"href":"https:\/\/dekoll.al\/it\/wp-json\/wp\/v2\/color?post=1253"},{"taxonomy":"product-category","embeddable":true,"href":"https:\/\/dekoll.al\/it\/wp-json\/wp\/v2\/product-category?post=1253"},{"taxonomy":"product-tag","embeddable":true,"href":"https:\/\/dekoll.al\/it\/wp-json\/wp\/v2\/product-tag?post=1253"},{"taxonomy":"product-type","embeddable":true,"href":"https:\/\/dekoll.al\/it\/wp-json\/wp\/v2\/product-type?post=1253"}],"curies":[{"name":"parola chiave","href":"https:\/\/api.w.org\/{rel}","templated":true}]}}