{"id":1195,"date":"2024-12-14T22:54:17","date_gmt":"2024-12-14T21:54:17","guid":{"rendered":"https:\/\/dekoll.growdevs.com\/?post_type=product&#038;p=1195"},"modified":"2025-11-12T21:25:29","modified_gmt":"2025-11-12T20:25:29","slug":"cemento-bianco","status":"publish","type":"product","link":"https:\/\/dekoll.al\/it\/prodotto\/cemento-bianco\/","title":{"rendered":"CEMENTO BIANCO"},"content":{"rendered":"<p>Cemento bianco CEM I 42.5R Cemento bianco di alta qualit\u00e0. Per la preparazione di calcestruzzo, intonaci di riempimento, malte, stucchi e adesivi per piastrelle. Grazie al suo elevato valore di marcatura (42,5), raggiunge anche un&#039;ottima resistenza meccanica nei prodotti combinati. Per un intonaco di riempimento tradizionale si utilizzano le seguenti proporzioni: 100 kg di cemento: 300 kg di sabbia con granulometria (0,0-1,4) mm. Le malte con questo cemento presentano un&#039;elevata capacit\u00e0 di adesione al supporto e buone propriet\u00e0 di flessibilit\u00e0 grazie alla capacit\u00e0 di adattarsi ai movimenti del supporto, agli sbalzi termici e alle deformazioni edilizie.<\/p>","protected":false},"featured_media":1203,"template":"","meta":{"_acf_changed":false,"footnotes":""},"color":[],"product-category":[19],"product-tag":[],"product-type":[36],"class_list":["post-1195","product","type-product","status-publish","has-post-thumbnail","hentry","product-category-rifinitura","product-type-simple"],"acf":[],"_links":{"self":[{"href":"https:\/\/dekoll.al\/it\/wp-json\/wp\/v2\/product\/1195","targetHints":{"allow":["GET"]}}],"collection":[{"href":"https:\/\/dekoll.al\/it\/wp-json\/wp\/v2\/product"}],"about":[{"href":"https:\/\/dekoll.al\/it\/wp-json\/wp\/v2\/types\/product"}],"version-history":[{"count":1,"href":"https:\/\/dekoll.al\/it\/wp-json\/wp\/v2\/product\/1195\/revisions"}],"predecessor-version":[{"id":3438,"href":"https:\/\/dekoll.al\/it\/wp-json\/wp\/v2\/product\/1195\/revisions\/3438"}],"wp:featuredmedia":[{"embeddable":true,"href":"https:\/\/dekoll.al\/it\/wp-json\/wp\/v2\/media\/1203"}],"wp:attachment":[{"href":"https:\/\/dekoll.al\/it\/wp-json\/wp\/v2\/media?parent=1195"}],"wp:term":[{"taxonomy":"color","embeddable":true,"href":"https:\/\/dekoll.al\/it\/wp-json\/wp\/v2\/color?post=1195"},{"taxonomy":"product-category","embeddable":true,"href":"https:\/\/dekoll.al\/it\/wp-json\/wp\/v2\/product-category?post=1195"},{"taxonomy":"product-tag","embeddable":true,"href":"https:\/\/dekoll.al\/it\/wp-json\/wp\/v2\/product-tag?post=1195"},{"taxonomy":"product-type","embeddable":true,"href":"https:\/\/dekoll.al\/it\/wp-json\/wp\/v2\/product-type?post=1195"}],"curies":[{"name":"parola chiave","href":"https:\/\/api.w.org\/{rel}","templated":true}]}}