{"id":1136,"date":"2024-12-19T21:09:00","date_gmt":"2024-12-19T20:09:00","guid":{"rendered":"https:\/\/dekoll.growdevs.com\/?post_type=product&#038;p=1136"},"modified":"2026-02-13T13:33:51","modified_gmt":"2026-02-13T12:33:51","slug":"verticale","status":"publish","type":"product","link":"https:\/\/dekoll.al\/it\/prodotto\/verticale\/","title":{"rendered":"C1TE VERTICALE"},"content":{"rendered":"<p>Adesivo per piastrelle cementizie (C), con normale forza adesiva (1) e resistenza allo scivolamento (T) e lungo tempo di lavorabilit\u00e0 (E). \u00c8 caratterizzato da ottima lavorabilit\u00e0, buona resistenza all&#039;umidit\u00e0, tempo di indurimento ottimale e durezza uniforme. Classificato come adesivo C1TE secondo la norma EN 12004.<\/p>","protected":false},"featured_media":1137,"template":"","meta":{"_acf_changed":false,"footnotes":""},"color":[],"product-category":[22],"product-tag":[33,32],"product-type":[36],"class_list":["post-1136","product","type-product","status-publish","has-post-thumbnail","hentry","product-category-ngjites-pllakash","product-tag-shtrim-pllakash","product-tag-sistemi-i-hidrolizimit","product-type-simple"],"acf":[],"_links":{"self":[{"href":"https:\/\/dekoll.al\/it\/wp-json\/wp\/v2\/product\/1136","targetHints":{"allow":["GET"]}}],"collection":[{"href":"https:\/\/dekoll.al\/it\/wp-json\/wp\/v2\/product"}],"about":[{"href":"https:\/\/dekoll.al\/it\/wp-json\/wp\/v2\/types\/product"}],"version-history":[{"count":4,"href":"https:\/\/dekoll.al\/it\/wp-json\/wp\/v2\/product\/1136\/revisions"}],"predecessor-version":[{"id":3337,"href":"https:\/\/dekoll.al\/it\/wp-json\/wp\/v2\/product\/1136\/revisions\/3337"}],"wp:featuredmedia":[{"embeddable":true,"href":"https:\/\/dekoll.al\/it\/wp-json\/wp\/v2\/media\/1137"}],"wp:attachment":[{"href":"https:\/\/dekoll.al\/it\/wp-json\/wp\/v2\/media?parent=1136"}],"wp:term":[{"taxonomy":"color","embeddable":true,"href":"https:\/\/dekoll.al\/it\/wp-json\/wp\/v2\/color?post=1136"},{"taxonomy":"product-category","embeddable":true,"href":"https:\/\/dekoll.al\/it\/wp-json\/wp\/v2\/product-category?post=1136"},{"taxonomy":"product-tag","embeddable":true,"href":"https:\/\/dekoll.al\/it\/wp-json\/wp\/v2\/product-tag?post=1136"},{"taxonomy":"product-type","embeddable":true,"href":"https:\/\/dekoll.al\/it\/wp-json\/wp\/v2\/product-type?post=1136"}],"curies":[{"name":"parola chiave","href":"https:\/\/api.w.org\/{rel}","templated":true}]}}