{"id":1125,"date":"2024-12-17T21:02:00","date_gmt":"2024-12-17T20:02:00","guid":{"rendered":"https:\/\/dekoll.growdevs.com\/?post_type=product&#038;p=1125"},"modified":"2026-02-13T13:34:04","modified_gmt":"2026-02-13T12:34:04","slug":"ultrafugo","status":"publish","type":"product","link":"https:\/\/dekoll.al\/it\/prodotto\/ultrafugo\/","title":{"rendered":"ULTRAFUGA"},"content":{"rendered":"<p>Pittura cementizia per la sigillatura dei giunti, ad elevata elasticit\u00e0, composta da sabbie di marmo di alta qualit\u00e0 a granulometria selezionata, ad alto contenuto di resine sintetiche e agenti idrofobi. Offre elevata resistenza all&#039;umidit\u00e0 e all&#039;abrasione. Adatto per riempire giunti da 2-15 mm. Classificato come prodotto CG2 in base alla norma EN 13888 \u00e8 caratterizzato da ottima lavorabilit\u00e0, estrema facilit\u00e0 di pulizia, ottima adesione, elevata resistenza alla luce solare e agli agenti atmosferici, ha capacit\u00e0 di preservare i colori, resistente agli agenti corrosivi, acidi vari. e basi. Disponibile in 26 colori.<\/p>\n\n\n\n<p><\/p>","protected":false},"featured_media":1141,"template":"","meta":{"_acf_changed":false,"footnotes":""},"color":[],"product-category":[18],"product-tag":[33,32],"product-type":[36],"class_list":["post-1125","product","type-product","status-publish","has-post-thumbnail","hentry","product-category-bojak","product-tag-shtrim-pllakash","product-tag-sistemi-i-hidrolizimit","product-type-simple"],"acf":[],"_links":{"self":[{"href":"https:\/\/dekoll.al\/it\/wp-json\/wp\/v2\/product\/1125","targetHints":{"allow":["GET"]}}],"collection":[{"href":"https:\/\/dekoll.al\/it\/wp-json\/wp\/v2\/product"}],"about":[{"href":"https:\/\/dekoll.al\/it\/wp-json\/wp\/v2\/types\/product"}],"version-history":[{"count":1,"href":"https:\/\/dekoll.al\/it\/wp-json\/wp\/v2\/product\/1125\/revisions"}],"predecessor-version":[{"id":3280,"href":"https:\/\/dekoll.al\/it\/wp-json\/wp\/v2\/product\/1125\/revisions\/3280"}],"wp:featuredmedia":[{"embeddable":true,"href":"https:\/\/dekoll.al\/it\/wp-json\/wp\/v2\/media\/1141"}],"wp:attachment":[{"href":"https:\/\/dekoll.al\/it\/wp-json\/wp\/v2\/media?parent=1125"}],"wp:term":[{"taxonomy":"color","embeddable":true,"href":"https:\/\/dekoll.al\/it\/wp-json\/wp\/v2\/color?post=1125"},{"taxonomy":"product-category","embeddable":true,"href":"https:\/\/dekoll.al\/it\/wp-json\/wp\/v2\/product-category?post=1125"},{"taxonomy":"product-tag","embeddable":true,"href":"https:\/\/dekoll.al\/it\/wp-json\/wp\/v2\/product-tag?post=1125"},{"taxonomy":"product-type","embeddable":true,"href":"https:\/\/dekoll.al\/it\/wp-json\/wp\/v2\/product-type?post=1125"}],"curies":[{"name":"parola chiave","href":"https:\/\/api.w.org\/{rel}","templated":true}]}}